{"id":573,"date":"2016-10-03T15:47:18","date_gmt":"2016-10-03T13:47:18","guid":{"rendered":"https:\/\/content.wlk.eu\/dk\/?page_id=573"},"modified":"2025-03-07T12:09:36","modified_gmt":"2025-03-07T11:09:36","slug":"welight","status":"publish","type":"page","link":"https:\/\/content.wlk.eu\/dk\/vores_agenturer\/welight\/","title":{"rendered":"Welight"},"content":{"rendered":"<p><img loading=\"lazy\" decoding=\"async\" class=\"size-full wp-image-358 alignright\" src=\"https:\/\/content.wlk.eu\/dk\/wp-content\/uploads\/sites\/5\/2016\/06\/Welight-logo-new_250px-1.jpg\" alt=\"\" width=\"250\" height=\"37\" \/><\/p>\n<h3><strong>Welight REFIT<\/strong><\/h3>\n<h3><strong>&#8211; Et hurtigt, nemt og b\u00e6redygtigt valg<\/strong><\/h3>\n<p>Welight REFIT-s\u00e6t er den enkle m\u00e5de at udskifte lysstofr\u00f8r p\u00e5.<br \/>Det er en energieffektiv og b\u00e6redygtig l\u00f8sning med LED-belysning.<br \/>Hvis du \u00f8nsker at opgradere belysningen i dine lokaler uden at \u00e6ndre loftet og hele belysningssystemet i bygningen, er REFIT et fremragende valg.<br \/>FoDu kan ogs\u00e5 setion om, hvordan du nemmest kan udskifte dine gamle lysstofarmaturer, kontakt os p\u00e5 <a href=\"mailto:info@wlk.eu\">info@wlk.eu<\/a>. You can also view the <a href=\"https:\/\/www.wlk.eu\/images\/user\/datasheet_welight_refit_grid-luminaires.pdf?\">databladet for Welight REFIT<\/a> her eller <a href=\"https:\/\/www.wlk.eu\/dk\/Startside\/LED-lyskilder\/Welight_REFIT\">k\u00f8be REFIT direkte<\/a>.<\/p>\n<ul>\n<li><a href=\"https:\/\/www.wlk.eu\/dk\/Menu\/Foretaget\/Welight_REFIT_-_udskiftningslysr%C3%B8r\/Welight_REFIT_-_udskiftningslysr%C3%B8r\">Welight REFIT &#8211; konverter T5 \/ T8 lysstofr\u00f8r til LED<\/a><\/li>\n<\/ul>\n<p><strong>Weligth LEDtape og konvertere<\/strong><\/p>\n<p>Welight LEDtape anvendes til professionel belysning og er en ny LED-tape af h\u00f8j kvalitet til hvidt lys og RGB-lys, som kan anvendes til mange applikationer. Med en konstant sp\u00e6nding p\u00e5 24 V er det muligt at forbinde op til 10 meter i en serie.<br \/>Til LEDtape findes der en lang r\u00e6kke ballaster og styresystemer med mulighed for hurtig tilkobling og manuel styring. LEDtape er optimeret til lysregulering mellem 0,1-100 % ved anvendelse af Tridonics og fenos digitale styreredskaber, der kontrolleres via DSI, DALI, KNX eller DMX.<br \/>LEDtape kan bestilles helt fritst\u00e5ende p\u00e5 rulle eller f\u00e6rdigmonteret i et profilsystem, der kan tilpasses efter kundens \u00f8nsker. Der findes ogs\u00e5 et stort udvalg af tilbeh\u00f8r, fra aluminiumsprofiler og linseoptik til l\u00e6ngder og IP-klasse m.m.<\/p>\n<ul>\n<li>L\u00e6s mere om <a href=\"https:\/\/www.wlk.eu\/dk\/Startside\/LED-lyskilder\/LEDtape\">LEDtape<\/a> og <a href=\"https:\/\/www.wlk.eu\/dk\/Search?search=%22W71%22\">LEDdriver<\/a>, og se en komplet oversigt over, hvad de forskellige datablade tilbyder.<\/li>\n<\/ul>\n<p><strong>Welight LEDengine Mini<\/strong><\/p>\n<p>Et innovativt LED downlightsystem, som g\u00f8r det muligt for dig at kombinere de bedste LED lyskilder med et antal godt designede armaturer, som passer til de mest almindelige arkitektoniske<br \/>belysningsanvendelser i et professionelt eller hjemligt milj\u00f8. Kombiner med driver til et komplet armatur, perfekt til udskiftning af 12 V halogen (op til 50 W IRC).<\/p>\n<ul>\n<li><a href=\"https:\/\/www.wlk.eu\/dk\/Startside\/LED-lyskilder\/Downlight\/Light_engine_Mini\">LEDengine Mini PREMIUM<\/a><\/li>\n<\/ul>\n<p><strong>Welight LED line slim:<\/strong><br \/>En d\u00e6mpbar, supertynd LED-profil af h\u00f8j kvalitet perfekt til belysning i k\u00f8kkenskabe, til b\u00e6nkbelysning eller integreret i andre m\u00f8bler og som accentbelysning.<br \/>Profilerne er klar til at blive forbundet med standardl\u00e6ngder, men speciall\u00e6ngder kan leveres efter \u00f8nske.<\/p>\n<ul>\n<li><a href=\"https:\/\/www.wlk.eu\/dk\/Startside\/LED-lyskilder\/LED_i_profil\">New York LED line slim<\/a><\/li>\n<\/ul>\n<p><strong>Welight DALI Rotary dimmer<br \/><\/strong><\/p>\n<p>DALI-drejelysd\u00e6mper til montering i standardd\u00e5ser i version DALI DT6 med intuitiv t\u00e6nd\/sluk- og d\u00e6mpningsmekanisme samt DT8 TW for regulerbar farvetemperatur.<br \/>DALI-grupper indstilles via drejelysd\u00e6mperen.<\/p>\n<ul>\n<li><a href=\"https:\/\/www.wlk.eu\/dk\/Startside\/Styring\/DALI\/Styreenheder___Sensorer\/RIO_DALI_Rotary_Dimmer_230VAC_100mA_W_DT6?id=W7400-DT6\">DALI Rotary dimmer DT6<\/a><\/li>\n<li><a href=\"https:\/\/www.wlk.eu\/dk\/Startside\/Styring\/DALI\/Styreenheder___Sensorer\/RIO_DALI_Rotary_Dimmer_240VAC_100mA_W_DT8_TW?id=W7400-DT8-TW\">DALI Rotary dimmer DT8<\/a><\/li>\n<\/ul>\n\n\n<p><\/p>\n","protected":false},"excerpt":{"rendered":"<p>Welight REFIT &#8211; Et hurtigt, nemt og b\u00e6redygtigt valg Welight REFIT-s\u00e6t er den enkle m\u00e5de at udskifte lysstofr\u00f8r p\u00e5.Det er en energieffektiv og b\u00e6redygtig l\u00f8sning med LED-belysning.Hvis du \u00f8nsker at opgradere belysningen i dine lokaler uden at \u00e6ndre loftet og hele belysningssystemet i bygningen, er REFIT et fremragende valg.FoDu kan ogs\u00e5 setion om, hvordan du [&hellip;]<\/p>\n","protected":false},"author":3,"featured_media":0,"parent":20,"menu_order":0,"comment_status":"closed","ping_status":"closed","template":"","meta":{"_acf_changed":false,"footnotes":""},"class_list":["post-573","page","type-page","status-publish","hentry"],"acf":[],"yoast_head":"<!-- This site is optimized with the Yoast SEO plugin v25.3.1 - https:\/\/yoast.com\/wordpress\/plugins\/seo\/ -->\n<title>Welight - Wennerstr\u00f6m Ljuskontroll<\/title>\n<meta name=\"description\" content=\"Welight er et produktudviklingsselskab for LEDtape samt tilh\u00f8rende komponenter til professionel belysning och REFIT udskiftning af lysstofr\u00f8r.\" \/>\n<meta name=\"robots\" content=\"index, follow, max-snippet:-1, max-image-preview:large, max-video-preview:-1\" \/>\n<link rel=\"canonical\" href=\"https:\/\/content.wlk.eu\/dk\/vores_agenturer\/welight\/\" \/>\n<meta property=\"og:locale\" content=\"da_DK\" \/>\n<meta property=\"og:type\" content=\"article\" \/>\n<meta property=\"og:title\" content=\"Welight - Wennerstr\u00f6m Ljuskontroll\" \/>\n<meta property=\"og:description\" content=\"Welight er et produktudviklingsselskab for LEDtape samt tilh\u00f8rende komponenter til professionel belysning och REFIT udskiftning af lysstofr\u00f8r.\" \/>\n<meta property=\"og:url\" content=\"https:\/\/content.wlk.eu\/dk\/vores_agenturer\/welight\/\" \/>\n<meta property=\"og:site_name\" content=\"Wennerstr\u00f6m Ljuskontroll\" \/>\n<meta property=\"article:modified_time\" content=\"2025-03-07T11:09:36+00:00\" \/>\n<meta property=\"og:image\" content=\"https:\/\/content.wlk.eu\/dk\/wp-content\/uploads\/sites\/5\/2016\/06\/Welight-logo-new_250px-1.jpg\" \/>\n\t<meta property=\"og:image:width\" content=\"250\" \/>\n\t<meta property=\"og:image:height\" content=\"37\" \/>\n\t<meta property=\"og:image:type\" content=\"image\/jpeg\" \/>\n<meta name=\"twitter:card\" content=\"summary_large_image\" \/>\n<meta name=\"twitter:label1\" content=\"Estimeret l\u00e6setid\" \/>\n\t<meta name=\"twitter:data1\" content=\"3 minutter\" \/>\n<script type=\"application\/ld+json\" class=\"yoast-schema-graph\">{\"@context\":\"https:\/\/schema.org\",\"@graph\":[{\"@type\":\"WebPage\",\"@id\":\"https:\/\/content.wlk.eu\/dk\/vores_agenturer\/welight\/\",\"url\":\"https:\/\/content.wlk.eu\/dk\/vores_agenturer\/welight\/\",\"name\":\"Welight - Wennerstr\u00f6m Ljuskontroll\",\"isPartOf\":{\"@id\":\"https:\/\/content.wlk.eu\/dk\/#website\"},\"primaryImageOfPage\":{\"@id\":\"https:\/\/content.wlk.eu\/dk\/vores_agenturer\/welight\/#primaryimage\"},\"image\":{\"@id\":\"https:\/\/content.wlk.eu\/dk\/vores_agenturer\/welight\/#primaryimage\"},\"thumbnailUrl\":\"https:\/\/content.wlk.eu\/dk\/wp-content\/uploads\/sites\/5\/2016\/06\/Welight-logo-new_250px-1.jpg\",\"datePublished\":\"2016-10-03T13:47:18+00:00\",\"dateModified\":\"2025-03-07T11:09:36+00:00\",\"description\":\"Welight er et produktudviklingsselskab for LEDtape samt tilh\u00f8rende komponenter til professionel belysning och REFIT udskiftning af lysstofr\u00f8r.\",\"breadcrumb\":{\"@id\":\"https:\/\/content.wlk.eu\/dk\/vores_agenturer\/welight\/#breadcrumb\"},\"inLanguage\":\"da-DK\",\"potentialAction\":[{\"@type\":\"ReadAction\",\"target\":[\"https:\/\/content.wlk.eu\/dk\/vores_agenturer\/welight\/\"]}]},{\"@type\":\"ImageObject\",\"inLanguage\":\"da-DK\",\"@id\":\"https:\/\/content.wlk.eu\/dk\/vores_agenturer\/welight\/#primaryimage\",\"url\":\"https:\/\/content.wlk.eu\/dk\/wp-content\/uploads\/sites\/5\/2016\/06\/Welight-logo-new_250px-1.jpg\",\"contentUrl\":\"https:\/\/content.wlk.eu\/dk\/wp-content\/uploads\/sites\/5\/2016\/06\/Welight-logo-new_250px-1.jpg\",\"width\":250,\"height\":37,\"caption\":\"Welight logo\"},{\"@type\":\"BreadcrumbList\",\"@id\":\"https:\/\/content.wlk.eu\/dk\/vores_agenturer\/welight\/#breadcrumb\",\"itemListElement\":[{\"@type\":\"ListItem\",\"position\":1,\"name\":\"Hem\",\"item\":\"https:\/\/content.wlk.eu\/dk\/\"},{\"@type\":\"ListItem\",\"position\":2,\"name\":\"Vores agenturer\",\"item\":\"https:\/\/content.wlk.eu\/dk\/vores_agenturer\/\"},{\"@type\":\"ListItem\",\"position\":3,\"name\":\"Welight\"}]},{\"@type\":\"WebSite\",\"@id\":\"https:\/\/content.wlk.eu\/dk\/#website\",\"url\":\"https:\/\/content.wlk.eu\/dk\/\",\"name\":\"Wennerstr\u00f6m Ljuskontroll\",\"description\":\"\",\"potentialAction\":[{\"@type\":\"SearchAction\",\"target\":{\"@type\":\"EntryPoint\",\"urlTemplate\":\"https:\/\/content.wlk.eu\/dk\/?s={search_term_string}\"},\"query-input\":{\"@type\":\"PropertyValueSpecification\",\"valueRequired\":true,\"valueName\":\"search_term_string\"}}],\"inLanguage\":\"da-DK\"}]}<\/script>\n<!-- \/ Yoast SEO plugin. -->","yoast_head_json":{"title":"Welight - Wennerstr\u00f6m Ljuskontroll","description":"Welight er et produktudviklingsselskab for LEDtape samt tilh\u00f8rende komponenter til professionel belysning och REFIT udskiftning af lysstofr\u00f8r.","robots":{"index":"index","follow":"follow","max-snippet":"max-snippet:-1","max-image-preview":"max-image-preview:large","max-video-preview":"max-video-preview:-1"},"canonical":"https:\/\/content.wlk.eu\/dk\/vores_agenturer\/welight\/","og_locale":"da_DK","og_type":"article","og_title":"Welight - Wennerstr\u00f6m Ljuskontroll","og_description":"Welight er et produktudviklingsselskab for LEDtape samt tilh\u00f8rende komponenter til professionel belysning och REFIT udskiftning af lysstofr\u00f8r.","og_url":"https:\/\/content.wlk.eu\/dk\/vores_agenturer\/welight\/","og_site_name":"Wennerstr\u00f6m Ljuskontroll","article_modified_time":"2025-03-07T11:09:36+00:00","og_image":[{"width":250,"height":37,"url":"https:\/\/content.wlk.eu\/dk\/wp-content\/uploads\/sites\/5\/2016\/06\/Welight-logo-new_250px-1.jpg","type":"image\/jpeg"}],"twitter_card":"summary_large_image","twitter_misc":{"Estimeret l\u00e6setid":"3 minutter"},"schema":{"@context":"https:\/\/schema.org","@graph":[{"@type":"WebPage","@id":"https:\/\/content.wlk.eu\/dk\/vores_agenturer\/welight\/","url":"https:\/\/content.wlk.eu\/dk\/vores_agenturer\/welight\/","name":"Welight - Wennerstr\u00f6m Ljuskontroll","isPartOf":{"@id":"https:\/\/content.wlk.eu\/dk\/#website"},"primaryImageOfPage":{"@id":"https:\/\/content.wlk.eu\/dk\/vores_agenturer\/welight\/#primaryimage"},"image":{"@id":"https:\/\/content.wlk.eu\/dk\/vores_agenturer\/welight\/#primaryimage"},"thumbnailUrl":"https:\/\/content.wlk.eu\/dk\/wp-content\/uploads\/sites\/5\/2016\/06\/Welight-logo-new_250px-1.jpg","datePublished":"2016-10-03T13:47:18+00:00","dateModified":"2025-03-07T11:09:36+00:00","description":"Welight er et produktudviklingsselskab for LEDtape samt tilh\u00f8rende komponenter til professionel belysning och REFIT udskiftning af lysstofr\u00f8r.","breadcrumb":{"@id":"https:\/\/content.wlk.eu\/dk\/vores_agenturer\/welight\/#breadcrumb"},"inLanguage":"da-DK","potentialAction":[{"@type":"ReadAction","target":["https:\/\/content.wlk.eu\/dk\/vores_agenturer\/welight\/"]}]},{"@type":"ImageObject","inLanguage":"da-DK","@id":"https:\/\/content.wlk.eu\/dk\/vores_agenturer\/welight\/#primaryimage","url":"https:\/\/content.wlk.eu\/dk\/wp-content\/uploads\/sites\/5\/2016\/06\/Welight-logo-new_250px-1.jpg","contentUrl":"https:\/\/content.wlk.eu\/dk\/wp-content\/uploads\/sites\/5\/2016\/06\/Welight-logo-new_250px-1.jpg","width":250,"height":37,"caption":"Welight logo"},{"@type":"BreadcrumbList","@id":"https:\/\/content.wlk.eu\/dk\/vores_agenturer\/welight\/#breadcrumb","itemListElement":[{"@type":"ListItem","position":1,"name":"Hem","item":"https:\/\/content.wlk.eu\/dk\/"},{"@type":"ListItem","position":2,"name":"Vores agenturer","item":"https:\/\/content.wlk.eu\/dk\/vores_agenturer\/"},{"@type":"ListItem","position":3,"name":"Welight"}]},{"@type":"WebSite","@id":"https:\/\/content.wlk.eu\/dk\/#website","url":"https:\/\/content.wlk.eu\/dk\/","name":"Wennerstr\u00f6m Ljuskontroll","description":"","potentialAction":[{"@type":"SearchAction","target":{"@type":"EntryPoint","urlTemplate":"https:\/\/content.wlk.eu\/dk\/?s={search_term_string}"},"query-input":{"@type":"PropertyValueSpecification","valueRequired":true,"valueName":"search_term_string"}}],"inLanguage":"da-DK"}]}},"_links":{"self":[{"href":"https:\/\/content.wlk.eu\/dk\/wp-json\/wp\/v2\/pages\/573","targetHints":{"allow":["GET"]}}],"collection":[{"href":"https:\/\/content.wlk.eu\/dk\/wp-json\/wp\/v2\/pages"}],"about":[{"href":"https:\/\/content.wlk.eu\/dk\/wp-json\/wp\/v2\/types\/page"}],"author":[{"embeddable":true,"href":"https:\/\/content.wlk.eu\/dk\/wp-json\/wp\/v2\/users\/3"}],"replies":[{"embeddable":true,"href":"https:\/\/content.wlk.eu\/dk\/wp-json\/wp\/v2\/comments?post=573"}],"version-history":[{"count":20,"href":"https:\/\/content.wlk.eu\/dk\/wp-json\/wp\/v2\/pages\/573\/revisions"}],"predecessor-version":[{"id":1428,"href":"https:\/\/content.wlk.eu\/dk\/wp-json\/wp\/v2\/pages\/573\/revisions\/1428"}],"up":[{"embeddable":true,"href":"https:\/\/content.wlk.eu\/dk\/wp-json\/wp\/v2\/pages\/20"}],"wp:attachment":[{"href":"https:\/\/content.wlk.eu\/dk\/wp-json\/wp\/v2\/media?parent=573"}],"curies":[{"name":"wp","href":"https:\/\/api.w.org\/{rel}","templated":true}]}}