{"id":580,"date":"2016-10-10T11:18:03","date_gmt":"2016-10-10T09:18:03","guid":{"rendered":"https:\/\/content.wlk.eu\/dk\/?page_id=580"},"modified":"2017-09-22T10:37:12","modified_gmt":"2017-09-22T08:37:12","slug":"hotel_kungstradgarden_stockholm","status":"publish","type":"page","link":"https:\/\/content.wlk.eu\/dk\/hotel_kungstradgarden_stockholm\/","title":{"rendered":"Hotel Kungstr\u00e4dg\u00e5rden, Stockholm"},"content":{"rendered":"<h2>Ny belysningsstyring til det renoverede Hotel Kungstr\u00e4dg\u00e5rden<\/h2>\n<p>Det nyrenoverede Hotel Kungstr\u00e4dg\u00e5rden i Stockholm \u00e5bnende i 2015. Bygningen, der er fra 1700-tallet, huser en hotel- og restaurantvirksomhed. Hele ejendommen er karakteriseret af en hyggelig atmosf\u00e6re med en varm belysning . I restauranten finder man et atrium, som giver f\u00f8lelsen af at v\u00e6re udend\u00f8rs og indend\u00f8rs p\u00e5 samme tid. Den gigantiske krystallysekrone, der h\u00e6nger flere meter over gulvet og giver et smukt lys, er her et imponerende blikfang.<\/p>\n<h3>S\u00e6sonbaseret styring af belysning<\/h3>\n<p>Der anvendes DALI-system og Tridonic-ballaster til at styre belysningen og til at skabe forskellige scenarier og programmer b\u00e5de i atriet og udend\u00f8rs i facadebelysningen, som best\u00e5r af LEDtape fra Welight og ballaster fra Tridonic. Der er otte forskellige scenarier i l\u00f8bet af dagen, som skifter afh\u00e6ngigt af \u00e5rstiden. Det var et vigtigt element, at kunne styre belysningen afh\u00e6ngigt af \u00e5rstiden, da det store glasloft i atriet giver forskellige dagslysniveauer i forhold til, om det er sommer, for\u00e5r, efter\u00e5r eller vinter. Personalet kan endda styre belysningen manuelt via scenarier som \u00bbArrangement\u00ab og \u00bbReng\u00f8ring\u00ab.<\/p>\n","protected":false},"excerpt":{"rendered":"<p>Ny belysningsstyring til det renoverede Hotel Kungstr\u00e4dg\u00e5rden Det nyrenoverede Hotel Kungstr\u00e4dg\u00e5rden i Stockholm \u00e5bnende i 2015. Bygningen, der er fra 1700-tallet, huser en hotel- og restaurantvirksomhed. Hele ejendommen er karakteriseret af en hyggelig atmosf\u00e6re med en varm belysning . I restauranten finder man et atrium, som giver f\u00f8lelsen af at v\u00e6re udend\u00f8rs og indend\u00f8rs p\u00e5 [&hellip;]<\/p>\n","protected":false},"author":2,"featured_media":0,"parent":0,"menu_order":0,"comment_status":"closed","ping_status":"closed","template":"template-referensprojekt.php","meta":{"_acf_changed":false,"footnotes":""},"class_list":["post-580","page","type-page","status-publish","hentry"],"acf":[],"yoast_head":"<!-- This site is optimized with the Yoast SEO plugin v25.3.1 - https:\/\/yoast.com\/wordpress\/plugins\/seo\/ -->\n<title>Hotel Kungstr\u00e4dg\u00e5rden, Stockholm - Wennerstr\u00f6m Ljuskontroll<\/title>\n<meta name=\"robots\" content=\"index, follow, max-snippet:-1, max-image-preview:large, max-video-preview:-1\" \/>\n<link rel=\"canonical\" href=\"https:\/\/content.wlk.eu\/dk\/hotel_kungstradgarden_stockholm\/\" \/>\n<meta property=\"og:locale\" content=\"da_DK\" \/>\n<meta property=\"og:type\" content=\"article\" \/>\n<meta property=\"og:title\" content=\"Hotel Kungstr\u00e4dg\u00e5rden, Stockholm - Wennerstr\u00f6m Ljuskontroll\" \/>\n<meta property=\"og:description\" content=\"Ny belysningsstyring til det renoverede Hotel Kungstr\u00e4dg\u00e5rden Det nyrenoverede Hotel Kungstr\u00e4dg\u00e5rden i Stockholm \u00e5bnende i 2015. Bygningen, der er fra 1700-tallet, huser en hotel- og restaurantvirksomhed. Hele ejendommen er karakteriseret af en hyggelig atmosf\u00e6re med en varm belysning . I restauranten finder man et atrium, som giver f\u00f8lelsen af at v\u00e6re udend\u00f8rs og indend\u00f8rs p\u00e5 [&hellip;]\" \/>\n<meta property=\"og:url\" content=\"https:\/\/content.wlk.eu\/dk\/hotel_kungstradgarden_stockholm\/\" \/>\n<meta property=\"og:site_name\" content=\"Wennerstr\u00f6m Ljuskontroll\" \/>\n<meta property=\"article:modified_time\" content=\"2017-09-22T08:37:12+00:00\" \/>\n<meta name=\"twitter:card\" content=\"summary_large_image\" \/>\n<meta name=\"twitter:label1\" content=\"Estimeret l\u00e6setid\" \/>\n\t<meta name=\"twitter:data1\" content=\"1 minut\" \/>\n<script type=\"application\/ld+json\" class=\"yoast-schema-graph\">{\"@context\":\"https:\/\/schema.org\",\"@graph\":[{\"@type\":\"WebPage\",\"@id\":\"https:\/\/content.wlk.eu\/dk\/hotel_kungstradgarden_stockholm\/\",\"url\":\"https:\/\/content.wlk.eu\/dk\/hotel_kungstradgarden_stockholm\/\",\"name\":\"Hotel Kungstr\u00e4dg\u00e5rden, Stockholm - Wennerstr\u00f6m Ljuskontroll\",\"isPartOf\":{\"@id\":\"https:\/\/content.wlk.eu\/dk\/#website\"},\"datePublished\":\"2016-10-10T09:18:03+00:00\",\"dateModified\":\"2017-09-22T08:37:12+00:00\",\"breadcrumb\":{\"@id\":\"https:\/\/content.wlk.eu\/dk\/hotel_kungstradgarden_stockholm\/#breadcrumb\"},\"inLanguage\":\"da-DK\",\"potentialAction\":[{\"@type\":\"ReadAction\",\"target\":[\"https:\/\/content.wlk.eu\/dk\/hotel_kungstradgarden_stockholm\/\"]}]},{\"@type\":\"BreadcrumbList\",\"@id\":\"https:\/\/content.wlk.eu\/dk\/hotel_kungstradgarden_stockholm\/#breadcrumb\",\"itemListElement\":[{\"@type\":\"ListItem\",\"position\":1,\"name\":\"Hem\",\"item\":\"https:\/\/content.wlk.eu\/dk\/\"},{\"@type\":\"ListItem\",\"position\":2,\"name\":\"Hotel Kungstr\u00e4dg\u00e5rden, Stockholm\"}]},{\"@type\":\"WebSite\",\"@id\":\"https:\/\/content.wlk.eu\/dk\/#website\",\"url\":\"https:\/\/content.wlk.eu\/dk\/\",\"name\":\"Wennerstr\u00f6m Ljuskontroll\",\"description\":\"\",\"potentialAction\":[{\"@type\":\"SearchAction\",\"target\":{\"@type\":\"EntryPoint\",\"urlTemplate\":\"https:\/\/content.wlk.eu\/dk\/?s={search_term_string}\"},\"query-input\":{\"@type\":\"PropertyValueSpecification\",\"valueRequired\":true,\"valueName\":\"search_term_string\"}}],\"inLanguage\":\"da-DK\"}]}<\/script>\n<!-- \/ Yoast SEO plugin. -->","yoast_head_json":{"title":"Hotel Kungstr\u00e4dg\u00e5rden, Stockholm - Wennerstr\u00f6m Ljuskontroll","robots":{"index":"index","follow":"follow","max-snippet":"max-snippet:-1","max-image-preview":"max-image-preview:large","max-video-preview":"max-video-preview:-1"},"canonical":"https:\/\/content.wlk.eu\/dk\/hotel_kungstradgarden_stockholm\/","og_locale":"da_DK","og_type":"article","og_title":"Hotel Kungstr\u00e4dg\u00e5rden, Stockholm - Wennerstr\u00f6m Ljuskontroll","og_description":"Ny belysningsstyring til det renoverede Hotel Kungstr\u00e4dg\u00e5rden Det nyrenoverede Hotel Kungstr\u00e4dg\u00e5rden i Stockholm \u00e5bnende i 2015. Bygningen, der er fra 1700-tallet, huser en hotel- og restaurantvirksomhed. Hele ejendommen er karakteriseret af en hyggelig atmosf\u00e6re med en varm belysning . I restauranten finder man et atrium, som giver f\u00f8lelsen af at v\u00e6re udend\u00f8rs og indend\u00f8rs p\u00e5 [&hellip;]","og_url":"https:\/\/content.wlk.eu\/dk\/hotel_kungstradgarden_stockholm\/","og_site_name":"Wennerstr\u00f6m Ljuskontroll","article_modified_time":"2017-09-22T08:37:12+00:00","twitter_card":"summary_large_image","twitter_misc":{"Estimeret l\u00e6setid":"1 minut"},"schema":{"@context":"https:\/\/schema.org","@graph":[{"@type":"WebPage","@id":"https:\/\/content.wlk.eu\/dk\/hotel_kungstradgarden_stockholm\/","url":"https:\/\/content.wlk.eu\/dk\/hotel_kungstradgarden_stockholm\/","name":"Hotel Kungstr\u00e4dg\u00e5rden, Stockholm - Wennerstr\u00f6m Ljuskontroll","isPartOf":{"@id":"https:\/\/content.wlk.eu\/dk\/#website"},"datePublished":"2016-10-10T09:18:03+00:00","dateModified":"2017-09-22T08:37:12+00:00","breadcrumb":{"@id":"https:\/\/content.wlk.eu\/dk\/hotel_kungstradgarden_stockholm\/#breadcrumb"},"inLanguage":"da-DK","potentialAction":[{"@type":"ReadAction","target":["https:\/\/content.wlk.eu\/dk\/hotel_kungstradgarden_stockholm\/"]}]},{"@type":"BreadcrumbList","@id":"https:\/\/content.wlk.eu\/dk\/hotel_kungstradgarden_stockholm\/#breadcrumb","itemListElement":[{"@type":"ListItem","position":1,"name":"Hem","item":"https:\/\/content.wlk.eu\/dk\/"},{"@type":"ListItem","position":2,"name":"Hotel Kungstr\u00e4dg\u00e5rden, Stockholm"}]},{"@type":"WebSite","@id":"https:\/\/content.wlk.eu\/dk\/#website","url":"https:\/\/content.wlk.eu\/dk\/","name":"Wennerstr\u00f6m Ljuskontroll","description":"","potentialAction":[{"@type":"SearchAction","target":{"@type":"EntryPoint","urlTemplate":"https:\/\/content.wlk.eu\/dk\/?s={search_term_string}"},"query-input":{"@type":"PropertyValueSpecification","valueRequired":true,"valueName":"search_term_string"}}],"inLanguage":"da-DK"}]}},"_links":{"self":[{"href":"https:\/\/content.wlk.eu\/dk\/wp-json\/wp\/v2\/pages\/580","targetHints":{"allow":["GET"]}}],"collection":[{"href":"https:\/\/content.wlk.eu\/dk\/wp-json\/wp\/v2\/pages"}],"about":[{"href":"https:\/\/content.wlk.eu\/dk\/wp-json\/wp\/v2\/types\/page"}],"author":[{"embeddable":true,"href":"https:\/\/content.wlk.eu\/dk\/wp-json\/wp\/v2\/users\/2"}],"replies":[{"embeddable":true,"href":"https:\/\/content.wlk.eu\/dk\/wp-json\/wp\/v2\/comments?post=580"}],"version-history":[{"count":2,"href":"https:\/\/content.wlk.eu\/dk\/wp-json\/wp\/v2\/pages\/580\/revisions"}],"predecessor-version":[{"id":733,"href":"https:\/\/content.wlk.eu\/dk\/wp-json\/wp\/v2\/pages\/580\/revisions\/733"}],"wp:attachment":[{"href":"https:\/\/content.wlk.eu\/dk\/wp-json\/wp\/v2\/media?parent=580"}],"curies":[{"name":"wp","href":"https:\/\/api.w.org\/{rel}","templated":true}]}}