{"id":589,"date":"2016-10-10T14:48:45","date_gmt":"2016-10-10T12:48:45","guid":{"rendered":"https:\/\/content.wlk.eu\/dk\/?page_id=589"},"modified":"2017-09-22T10:47:49","modified_gmt":"2017-09-22T08:47:49","slug":"vallentunas_kulturhus_og_bibliotek","status":"publish","type":"page","link":"https:\/\/content.wlk.eu\/dk\/vallentunas_kulturhus_og_bibliotek\/","title":{"rendered":"Vallentunas Kulturhus og bibliotek"},"content":{"rendered":"<h2>Omfattende lysstyring for Vallentunas nye Kulturhus og bibliotek<\/h2>\n<p>For over fem \u00e5r siden blev det besluttet at bygge et nyt og st\u00f8rre kulturhus i Vallentuna i stedet for at renovere det gamle bibliotek. I den nye bygning er der et stort bibliotek, udstillingslokaler, teater og musik, v\u00e6rksted, l\u00e6sehj\u00f8rne for b\u00f8rn og en caf\u00e9. Det nye kulturcentrum er et vigtigt trin i udviklingen af byens tjenester og skabelsen af et centralt m\u00f8dested for borgerne.<\/p>\n<p>Bygningen best\u00e5r af en cirkul\u00e6r treetagersbygning med store vinduer og en \u00e5ben overflade. Den ligger i byens centrale park og er omgivet af tr\u00e6er p\u00e5 samme h\u00f8jde, s\u00e5 bygningen er i harmoni med sine omgivelser.<\/p>\n<h3>Avanceret lysstyring<\/h3>\n<p>Inde i bygningen har man lagt stor v\u00e6gt p\u00e5 belysningens visuelle effekt og p\u00e5virkningen af den almindelige atmosf\u00e6re. Derfor har man anvendt en r\u00e6kke forskellige armaturtyper og lyskilder og for at kunne kontrollere belysningen centralt, var der brug for en omfattende kontrolstrategi med et avanceret lysstyringssystem.<br \/>\nTil sammen styres belysningen ved hj\u00e6lp af DALI DSI-ballaster i et DALI-netv\u00e6rk, hvor armaturerne styres i zoner for at minimere det totale antal af DALI-adresser i systemet. Dette letter ogs\u00e5 vedligeholdelsen, n\u00e5r en ballast skal udskiftes.<br \/>\nTridonic <a href=\"https:\/\/wlk.eu\/dk\/Search?search=PCA+EXCEL+konvertere\">PCA EXCEL-ballast<\/a> anvendes til at styre lysr\u00f8rsbelysningen, mens\u00a0<a href=\"https:\/\/wlk.eu\/dk\/Startside\/Styring\/DALI\/Lysd%C3%A6mper___Rel%C3%A6\/comfortDIM_DALI_PCD_S?id=22154332\">DALI fasdimmer<\/a> anvendes til lysregulering af halogenlamper, og\u00a0<a href=\"https:\/\/wlk.eu\/dk\/Startside\/Styring\/DALI\/Lysd%C3%A6mper___Rel%C3%A6\/comfortDIM_DALI_RM?id=24034702\">DALI-rel\u00e6er<\/a>\u00a0anvendes til og af metalhalogenlamper. Centralstyringen og overv\u00e5gningen h\u00e5ndteres via proDIM winDIM@net-systemet, hvor alle DALI-kredsl\u00f8b er tilkoblet et IP-baseret netv\u00e6rk.<\/p>\n<h3>Dagslyskompensering og styring p\u00e5 flere niveauer<\/h3>\n<p>proDIM winDIM@net-systemet s\u00f8rger for, at alle lyskilder automatisk bliver indstillet til et aftenscenarie eller et velkomstscenarie og anvendes til at konfigurere dagslyskompenseringen for forskellige armaturer p\u00e5 de \u00e5bne overflader baseret p\u00e5 signaler fra en r\u00e6kke proDIM-dagslyssensorer i bygningen. I kontor og konferencerum styres belysningen manuelt med en kombination af kontakter og DALI M-sensorer for dagslyskompensering og for d\u00e6mpning af lyset ved frav\u00e6r. Derudover giver proDIM winDIM@net et centralt overblik over belysningen til overv\u00e5gning af lampens tilstand og pr\u00e6sentation af data over energiforbruget og fejlmeddelelser.<br \/>\nParallelt med centralstyringen af belysningen skulle der v\u00e6re mulighed for at styre belysningen p\u00e5 hver etage uafh\u00e6ngig af hinanden. Dette er opn\u00e5et med anvendelsen af et\u00a0<a href=\"https:\/\/wlk.eu\/dk\/comfortDIM_DALI_x-touchPANEL?id=24138990\">x-touchPANEL<\/a>\u00a0p\u00e5 hver enkelt etage. De er konfigurerede, s\u00e5 personalet kan v\u00e6lge et forudindstillet scenarie, at starte en lokal belysningssekvens eller regulere belysningen manuelt.<\/p>\n<p>Sammenlagt er der anvendt over 800 Tridonic-produkter for at give Vallentunas Kulturhus og bibliotek en dynamisk og alsidig belysning, som kan komplementere og forst\u00e6rke de forskellige aktiviteter, der foreg\u00e5r rundt om i bygningen. Den samlede strategi for lysstyring reducerer ogs\u00e5 energiforbruget og p\u00e5virkningen af milj\u00f8et igennem dagslysstyring og bev\u00e6gelsesregistrering. Derudover minimeres vedligeholdelsen igennem den centrale kontrol, s\u00e5 personalet ikke beh\u00f8ver at patruljere bygningen for at tjekke systemet. proDIM winDIM@net-systemet s\u00f8rger for, at alt dette nemt bliver passet centralt.<\/p>\n","protected":false},"excerpt":{"rendered":"<p>Omfattende lysstyring for Vallentunas nye Kulturhus og bibliotek For over fem \u00e5r siden blev det besluttet at bygge et nyt og st\u00f8rre kulturhus i Vallentuna i stedet for at renovere det gamle bibliotek. I den nye bygning er der et stort bibliotek, udstillingslokaler, teater og musik, v\u00e6rksted, l\u00e6sehj\u00f8rne for b\u00f8rn og en caf\u00e9. Det nye [&hellip;]<\/p>\n","protected":false},"author":2,"featured_media":0,"parent":0,"menu_order":0,"comment_status":"closed","ping_status":"closed","template":"template-referensprojekt.php","meta":{"_acf_changed":false,"footnotes":""},"class_list":["post-589","page","type-page","status-publish","hentry"],"acf":[],"yoast_head":"<!-- This site is optimized with the Yoast SEO plugin v25.3.1 - https:\/\/yoast.com\/wordpress\/plugins\/seo\/ -->\n<title>Vallentunas Kulturhus og bibliotek - Wennerstr\u00f6m Ljuskontroll<\/title>\n<meta name=\"robots\" content=\"index, follow, max-snippet:-1, max-image-preview:large, max-video-preview:-1\" \/>\n<link rel=\"canonical\" href=\"https:\/\/content.wlk.eu\/dk\/vallentunas_kulturhus_og_bibliotek\/\" \/>\n<meta property=\"og:locale\" content=\"da_DK\" \/>\n<meta property=\"og:type\" content=\"article\" \/>\n<meta property=\"og:title\" content=\"Vallentunas Kulturhus og bibliotek - Wennerstr\u00f6m Ljuskontroll\" \/>\n<meta property=\"og:description\" content=\"Omfattende lysstyring for Vallentunas nye Kulturhus og bibliotek For over fem \u00e5r siden blev det besluttet at bygge et nyt og st\u00f8rre kulturhus i Vallentuna i stedet for at renovere det gamle bibliotek. I den nye bygning er der et stort bibliotek, udstillingslokaler, teater og musik, v\u00e6rksted, l\u00e6sehj\u00f8rne for b\u00f8rn og en caf\u00e9. Det nye [&hellip;]\" \/>\n<meta property=\"og:url\" content=\"https:\/\/content.wlk.eu\/dk\/vallentunas_kulturhus_og_bibliotek\/\" \/>\n<meta property=\"og:site_name\" content=\"Wennerstr\u00f6m Ljuskontroll\" \/>\n<meta property=\"article:modified_time\" content=\"2017-09-22T08:47:49+00:00\" \/>\n<meta name=\"twitter:card\" content=\"summary_large_image\" \/>\n<meta name=\"twitter:label1\" content=\"Estimeret l\u00e6setid\" \/>\n\t<meta name=\"twitter:data1\" content=\"2 minutter\" \/>\n<script type=\"application\/ld+json\" class=\"yoast-schema-graph\">{\"@context\":\"https:\/\/schema.org\",\"@graph\":[{\"@type\":\"WebPage\",\"@id\":\"https:\/\/content.wlk.eu\/dk\/vallentunas_kulturhus_og_bibliotek\/\",\"url\":\"https:\/\/content.wlk.eu\/dk\/vallentunas_kulturhus_og_bibliotek\/\",\"name\":\"Vallentunas Kulturhus og bibliotek - Wennerstr\u00f6m Ljuskontroll\",\"isPartOf\":{\"@id\":\"https:\/\/content.wlk.eu\/dk\/#website\"},\"datePublished\":\"2016-10-10T12:48:45+00:00\",\"dateModified\":\"2017-09-22T08:47:49+00:00\",\"breadcrumb\":{\"@id\":\"https:\/\/content.wlk.eu\/dk\/vallentunas_kulturhus_og_bibliotek\/#breadcrumb\"},\"inLanguage\":\"da-DK\",\"potentialAction\":[{\"@type\":\"ReadAction\",\"target\":[\"https:\/\/content.wlk.eu\/dk\/vallentunas_kulturhus_og_bibliotek\/\"]}]},{\"@type\":\"BreadcrumbList\",\"@id\":\"https:\/\/content.wlk.eu\/dk\/vallentunas_kulturhus_og_bibliotek\/#breadcrumb\",\"itemListElement\":[{\"@type\":\"ListItem\",\"position\":1,\"name\":\"Hem\",\"item\":\"https:\/\/content.wlk.eu\/dk\/\"},{\"@type\":\"ListItem\",\"position\":2,\"name\":\"Vallentunas Kulturhus og bibliotek\"}]},{\"@type\":\"WebSite\",\"@id\":\"https:\/\/content.wlk.eu\/dk\/#website\",\"url\":\"https:\/\/content.wlk.eu\/dk\/\",\"name\":\"Wennerstr\u00f6m Ljuskontroll\",\"description\":\"\",\"potentialAction\":[{\"@type\":\"SearchAction\",\"target\":{\"@type\":\"EntryPoint\",\"urlTemplate\":\"https:\/\/content.wlk.eu\/dk\/?s={search_term_string}\"},\"query-input\":{\"@type\":\"PropertyValueSpecification\",\"valueRequired\":true,\"valueName\":\"search_term_string\"}}],\"inLanguage\":\"da-DK\"}]}<\/script>\n<!-- \/ Yoast SEO plugin. -->","yoast_head_json":{"title":"Vallentunas Kulturhus og bibliotek - Wennerstr\u00f6m Ljuskontroll","robots":{"index":"index","follow":"follow","max-snippet":"max-snippet:-1","max-image-preview":"max-image-preview:large","max-video-preview":"max-video-preview:-1"},"canonical":"https:\/\/content.wlk.eu\/dk\/vallentunas_kulturhus_og_bibliotek\/","og_locale":"da_DK","og_type":"article","og_title":"Vallentunas Kulturhus og bibliotek - Wennerstr\u00f6m Ljuskontroll","og_description":"Omfattende lysstyring for Vallentunas nye Kulturhus og bibliotek For over fem \u00e5r siden blev det besluttet at bygge et nyt og st\u00f8rre kulturhus i Vallentuna i stedet for at renovere det gamle bibliotek. I den nye bygning er der et stort bibliotek, udstillingslokaler, teater og musik, v\u00e6rksted, l\u00e6sehj\u00f8rne for b\u00f8rn og en caf\u00e9. Det nye [&hellip;]","og_url":"https:\/\/content.wlk.eu\/dk\/vallentunas_kulturhus_og_bibliotek\/","og_site_name":"Wennerstr\u00f6m Ljuskontroll","article_modified_time":"2017-09-22T08:47:49+00:00","twitter_card":"summary_large_image","twitter_misc":{"Estimeret l\u00e6setid":"2 minutter"},"schema":{"@context":"https:\/\/schema.org","@graph":[{"@type":"WebPage","@id":"https:\/\/content.wlk.eu\/dk\/vallentunas_kulturhus_og_bibliotek\/","url":"https:\/\/content.wlk.eu\/dk\/vallentunas_kulturhus_og_bibliotek\/","name":"Vallentunas Kulturhus og bibliotek - Wennerstr\u00f6m Ljuskontroll","isPartOf":{"@id":"https:\/\/content.wlk.eu\/dk\/#website"},"datePublished":"2016-10-10T12:48:45+00:00","dateModified":"2017-09-22T08:47:49+00:00","breadcrumb":{"@id":"https:\/\/content.wlk.eu\/dk\/vallentunas_kulturhus_og_bibliotek\/#breadcrumb"},"inLanguage":"da-DK","potentialAction":[{"@type":"ReadAction","target":["https:\/\/content.wlk.eu\/dk\/vallentunas_kulturhus_og_bibliotek\/"]}]},{"@type":"BreadcrumbList","@id":"https:\/\/content.wlk.eu\/dk\/vallentunas_kulturhus_og_bibliotek\/#breadcrumb","itemListElement":[{"@type":"ListItem","position":1,"name":"Hem","item":"https:\/\/content.wlk.eu\/dk\/"},{"@type":"ListItem","position":2,"name":"Vallentunas Kulturhus og bibliotek"}]},{"@type":"WebSite","@id":"https:\/\/content.wlk.eu\/dk\/#website","url":"https:\/\/content.wlk.eu\/dk\/","name":"Wennerstr\u00f6m Ljuskontroll","description":"","potentialAction":[{"@type":"SearchAction","target":{"@type":"EntryPoint","urlTemplate":"https:\/\/content.wlk.eu\/dk\/?s={search_term_string}"},"query-input":{"@type":"PropertyValueSpecification","valueRequired":true,"valueName":"search_term_string"}}],"inLanguage":"da-DK"}]}},"_links":{"self":[{"href":"https:\/\/content.wlk.eu\/dk\/wp-json\/wp\/v2\/pages\/589","targetHints":{"allow":["GET"]}}],"collection":[{"href":"https:\/\/content.wlk.eu\/dk\/wp-json\/wp\/v2\/pages"}],"about":[{"href":"https:\/\/content.wlk.eu\/dk\/wp-json\/wp\/v2\/types\/page"}],"author":[{"embeddable":true,"href":"https:\/\/content.wlk.eu\/dk\/wp-json\/wp\/v2\/users\/2"}],"replies":[{"embeddable":true,"href":"https:\/\/content.wlk.eu\/dk\/wp-json\/wp\/v2\/comments?post=589"}],"version-history":[{"count":4,"href":"https:\/\/content.wlk.eu\/dk\/wp-json\/wp\/v2\/pages\/589\/revisions"}],"predecessor-version":[{"id":735,"href":"https:\/\/content.wlk.eu\/dk\/wp-json\/wp\/v2\/pages\/589\/revisions\/735"}],"wp:attachment":[{"href":"https:\/\/content.wlk.eu\/dk\/wp-json\/wp\/v2\/media?parent=589"}],"curies":[{"name":"wp","href":"https:\/\/api.w.org\/{rel}","templated":true}]}}