{"id":598,"date":"2016-11-17T13:39:54","date_gmt":"2016-11-17T12:39:54","guid":{"rendered":"https:\/\/content.wlk.eu\/dk\/?page_id=598"},"modified":"2017-01-05T11:21:41","modified_gmt":"2017-01-05T10:21:41","slug":"feedback","status":"publish","type":"page","link":"https:\/\/content.wlk.eu\/dk\/feedback\/","title":{"rendered":"Feedback"},"content":{"rendered":"<p>Vi p\u00e5sk\u00f8nner alle synspunkter, som kan hj\u00e6lpe os til at blive bedre. Skriv din feedback nedenfor, og tryk p\u00e5 \u201dSend\u201d, s\u00e5 f\u00e5r vores markedsafdeling at vide, hvad du mener! Du er velkommen til at opgive dit navn og din e-mailadresse, hvis du \u00f8nsker at f\u00e5 mulighed for feedback, ellers er denne formular udformet anonymt.<\/p>\n<noscript class=\"ninja-forms-noscript-message\">\n\tBem\u00e6rk: JavaScript er n\u00f8dvendig til dette indhold.<\/noscript>\n<div id=\"nf-form-2-cont\" class=\"nf-form-cont\" aria-live=\"polite\" aria-labelledby=\"nf-form-title-2\" aria-describedby=\"nf-form-errors-2\" role=\"form\">\n\n    <div class=\"nf-loading-spinner\"><\/div>\n\n<\/div>\n        <!-- That data is being printed as a workaround to page builders reordering the order of the scripts loaded-->\n        <script>var formDisplay=1;var nfForms=nfForms||[];var form=[];form.id='2';form.settings={\"objectType\":\"Form Setting\",\"editActive\":\"1\",\"title\":\"Feedback fr\\u00e5n kontaktsidan\",\"key\":\"\",\"created_at\":\"2016-09-27 13:35:38\",\"show_title\":\"0\",\"clear_complete\":\"1\",\"hide_complete\":\"1\",\"default_label_pos\":\"above\",\"wrapper_class\":\"\",\"element_class\":\"\",\"add_submit\":\"1\",\"logged_in\":\"\",\"not_logged_in_msg\":\"\",\"sub_limit_number\":\"\",\"sub_limit_msg\":\"\",\"calculations\":[],\"formContentData\":[\"feedback\",\"send\"],\"_seq_num\":\"4\",\"currency\":\"\",\"ninjaForms\":\"Ninja-formularer\",\"changeEmailErrorMsg\":\"Angiv en gyldig e-mailadresse!\",\"changeDateErrorMsg\":\"Please enter a valid date!\",\"confirmFieldErrorMsg\":\"Disse felter skal v\\u00e6re identiske!\",\"fieldNumberNumMinError\":\"Antal min. fejl\",\"fieldNumberNumMaxError\":\"Antal maks. fejl\",\"fieldNumberIncrementBy\":\"\\u00d8g med \",\"fieldTextareaRTEInsertLink\":\"Inds\\u00e6t link\",\"fieldTextareaRTEInsertMedia\":\"Inds\\u00e6t medie\",\"fieldTextareaRTESelectAFile\":\"V&aelig;lg en fil\",\"formErrorsCorrectErrors\":\"Ret fejlene, f\\u00f8r indsendelse af formularen.\",\"formHoneypot\":\"Hvis du er et menneske og kan se dette felt, skal du lade det v\\u00e6re tomt.\",\"validateRequiredField\":\"Dette er et p\\u00e5kr\\u00e6vet felt.\",\"honeypotHoneypotError\":\"Honeypot-fejl\",\"fileUploadOldCodeFileUploadInProgress\":\"Filoverf\\u00f8rsel er i gang.\",\"fileUploadOldCodeFileUpload\":\"OVERF\\u00d8RSEL AF FIL\",\"currencySymbol\":false,\"fieldsMarkedRequired\":\"Felter markeret med en <span class=\\\"ninja-forms-req-symbol\\\">*<\\\/span> skal udfyldes\",\"thousands_sep\":\".\",\"decimal_point\":\",\",\"siteLocale\":\"da_DK\",\"dateFormat\":\"m\\\/d\\\/\\u00c5\",\"startOfWeek\":\"1\",\"of\":\"af\",\"previousMonth\":\"Previous Month\",\"nextMonth\":\"Next Month\",\"months\":[\"January\",\"February\",\"March\",\"April\",\"May\",\"June\",\"July\",\"August\",\"September\",\"October\",\"November\",\"December\"],\"monthsShort\":[\"Jan\",\"Feb\",\"Mar\",\"Apr\",\"May\",\"Jun\",\"Jul\",\"Aug\",\"Sep\",\"Oct\",\"Nov\",\"Dec\"],\"weekdays\":[\"Sunday\",\"Monday\",\"Tuesday\",\"Wednesday\",\"Thursday\",\"Friday\",\"Saturday\"],\"weekdaysShort\":[\"Sun\",\"Mon\",\"Tue\",\"Wed\",\"Thu\",\"Fri\",\"Sat\"],\"weekdaysMin\":[\"Su\",\"Mo\",\"Tu\",\"We\",\"Th\",\"Fr\",\"Sa\"],\"recaptchaConsentMissing\":\"reCaptcha validation couldn&#039;t load.\",\"recaptchaMissingCookie\":\"reCaptcha v3 validation couldn&#039;t load the cookie needed to submit the form.\",\"recaptchaConsentEvent\":\"Accept reCaptcha cookies before sending the form.\",\"embed_form\":\"\",\"currency_symbol\":\"\",\"beforeForm\":\"\",\"beforeFields\":\"\",\"afterFields\":\"\",\"afterForm\":\"\"};form.fields=[{\"objectType\":\"Field\",\"objectDomain\":\"fields\",\"order\":999,\"label\":\"Feedback\",\"key\":\"feedback\",\"type\":\"textarea\",\"created_at\":\"2016-09-27 13:35:38\",\"label_pos\":\"above\",\"input_limit_type\":\"characters\",\"input_limit_msg\":\"Tecken kvar\",\"id\":5,\"beforeField\":\"\",\"afterField\":\"\",\"value\":\"\",\"parentType\":\"textarea\",\"element_templates\":[\"textarea\",\"input\"],\"old_classname\":\"\",\"wrap_template\":\"wrap\"},{\"objectType\":\"Field\",\"objectDomain\":\"fields\",\"order\":9999,\"label\":\"Send\",\"key\":\"send\",\"type\":\"submit\",\"created_at\":\"2016-09-27 13:35:38\",\"processing_label\":\"Processing\",\"id\":6,\"beforeField\":\"\",\"afterField\":\"\",\"value\":\"\",\"label_pos\":\"above\",\"parentType\":\"textbox\",\"element_templates\":[\"submit\",\"button\",\"input\"],\"old_classname\":\"\",\"wrap_template\":\"wrap-no-label\"}];nfForms.push(form);<\/script>\n        ","protected":false},"excerpt":{"rendered":"<p>Vi p\u00e5sk\u00f8nner alle synspunkter, som kan hj\u00e6lpe os til at blive bedre. Skriv din feedback nedenfor, og tryk p\u00e5 \u201dSend\u201d, s\u00e5 f\u00e5r vores markedsafdeling at vide, hvad du mener! Du er velkommen til at opgive dit navn og din e-mailadresse, hvis du \u00f8nsker at f\u00e5 mulighed for feedback, ellers er denne formular udformet anonymt. Bem\u00e6rk: [&hellip;]<\/p>\n","protected":false},"author":1,"featured_media":0,"parent":0,"menu_order":0,"comment_status":"closed","ping_status":"closed","template":"template-form-blank.php","meta":{"_acf_changed":false,"footnotes":""},"class_list":["post-598","page","type-page","status-publish","hentry"],"acf":[],"yoast_head":"<!-- This site is optimized with the Yoast SEO plugin v25.3.1 - https:\/\/yoast.com\/wordpress\/plugins\/seo\/ -->\n<title>Feedback - Wennerstr\u00f6m Ljuskontroll<\/title>\n<meta name=\"robots\" content=\"index, follow, max-snippet:-1, max-image-preview:large, max-video-preview:-1\" \/>\n<link rel=\"canonical\" href=\"https:\/\/content.wlk.eu\/dk\/feedback\/\" \/>\n<meta property=\"og:locale\" content=\"da_DK\" \/>\n<meta property=\"og:type\" content=\"article\" \/>\n<meta property=\"og:title\" content=\"Feedback - Wennerstr\u00f6m Ljuskontroll\" \/>\n<meta property=\"og:description\" content=\"Vi p\u00e5sk\u00f8nner alle synspunkter, som kan hj\u00e6lpe os til at blive bedre. Skriv din feedback nedenfor, og tryk p\u00e5 \u201dSend\u201d, s\u00e5 f\u00e5r vores markedsafdeling at vide, hvad du mener! Du er velkommen til at opgive dit navn og din e-mailadresse, hvis du \u00f8nsker at f\u00e5 mulighed for feedback, ellers er denne formular udformet anonymt. Bem\u00e6rk: [&hellip;]\" \/>\n<meta property=\"og:url\" content=\"https:\/\/content.wlk.eu\/dk\/feedback\/\" \/>\n<meta property=\"og:site_name\" content=\"Wennerstr\u00f6m Ljuskontroll\" \/>\n<meta property=\"article:modified_time\" content=\"2017-01-05T10:21:41+00:00\" \/>\n<meta name=\"twitter:card\" content=\"summary_large_image\" \/>\n<script type=\"application\/ld+json\" class=\"yoast-schema-graph\">{\"@context\":\"https:\/\/schema.org\",\"@graph\":[{\"@type\":\"WebPage\",\"@id\":\"https:\/\/content.wlk.eu\/dk\/feedback\/\",\"url\":\"https:\/\/content.wlk.eu\/dk\/feedback\/\",\"name\":\"Feedback - Wennerstr\u00f6m Ljuskontroll\",\"isPartOf\":{\"@id\":\"https:\/\/content.wlk.eu\/dk\/#website\"},\"datePublished\":\"2016-11-17T12:39:54+00:00\",\"dateModified\":\"2017-01-05T10:21:41+00:00\",\"breadcrumb\":{\"@id\":\"https:\/\/content.wlk.eu\/dk\/feedback\/#breadcrumb\"},\"inLanguage\":\"da-DK\",\"potentialAction\":[{\"@type\":\"ReadAction\",\"target\":[\"https:\/\/content.wlk.eu\/dk\/feedback\/\"]}]},{\"@type\":\"BreadcrumbList\",\"@id\":\"https:\/\/content.wlk.eu\/dk\/feedback\/#breadcrumb\",\"itemListElement\":[{\"@type\":\"ListItem\",\"position\":1,\"name\":\"Hem\",\"item\":\"https:\/\/content.wlk.eu\/dk\/\"},{\"@type\":\"ListItem\",\"position\":2,\"name\":\"Feedback\"}]},{\"@type\":\"WebSite\",\"@id\":\"https:\/\/content.wlk.eu\/dk\/#website\",\"url\":\"https:\/\/content.wlk.eu\/dk\/\",\"name\":\"Wennerstr\u00f6m Ljuskontroll\",\"description\":\"\",\"potentialAction\":[{\"@type\":\"SearchAction\",\"target\":{\"@type\":\"EntryPoint\",\"urlTemplate\":\"https:\/\/content.wlk.eu\/dk\/?s={search_term_string}\"},\"query-input\":{\"@type\":\"PropertyValueSpecification\",\"valueRequired\":true,\"valueName\":\"search_term_string\"}}],\"inLanguage\":\"da-DK\"}]}<\/script>\n<!-- \/ Yoast SEO plugin. -->","yoast_head_json":{"title":"Feedback - Wennerstr\u00f6m Ljuskontroll","robots":{"index":"index","follow":"follow","max-snippet":"max-snippet:-1","max-image-preview":"max-image-preview:large","max-video-preview":"max-video-preview:-1"},"canonical":"https:\/\/content.wlk.eu\/dk\/feedback\/","og_locale":"da_DK","og_type":"article","og_title":"Feedback - Wennerstr\u00f6m Ljuskontroll","og_description":"Vi p\u00e5sk\u00f8nner alle synspunkter, som kan hj\u00e6lpe os til at blive bedre. Skriv din feedback nedenfor, og tryk p\u00e5 \u201dSend\u201d, s\u00e5 f\u00e5r vores markedsafdeling at vide, hvad du mener! Du er velkommen til at opgive dit navn og din e-mailadresse, hvis du \u00f8nsker at f\u00e5 mulighed for feedback, ellers er denne formular udformet anonymt. Bem\u00e6rk: [&hellip;]","og_url":"https:\/\/content.wlk.eu\/dk\/feedback\/","og_site_name":"Wennerstr\u00f6m Ljuskontroll","article_modified_time":"2017-01-05T10:21:41+00:00","twitter_card":"summary_large_image","schema":{"@context":"https:\/\/schema.org","@graph":[{"@type":"WebPage","@id":"https:\/\/content.wlk.eu\/dk\/feedback\/","url":"https:\/\/content.wlk.eu\/dk\/feedback\/","name":"Feedback - Wennerstr\u00f6m Ljuskontroll","isPartOf":{"@id":"https:\/\/content.wlk.eu\/dk\/#website"},"datePublished":"2016-11-17T12:39:54+00:00","dateModified":"2017-01-05T10:21:41+00:00","breadcrumb":{"@id":"https:\/\/content.wlk.eu\/dk\/feedback\/#breadcrumb"},"inLanguage":"da-DK","potentialAction":[{"@type":"ReadAction","target":["https:\/\/content.wlk.eu\/dk\/feedback\/"]}]},{"@type":"BreadcrumbList","@id":"https:\/\/content.wlk.eu\/dk\/feedback\/#breadcrumb","itemListElement":[{"@type":"ListItem","position":1,"name":"Hem","item":"https:\/\/content.wlk.eu\/dk\/"},{"@type":"ListItem","position":2,"name":"Feedback"}]},{"@type":"WebSite","@id":"https:\/\/content.wlk.eu\/dk\/#website","url":"https:\/\/content.wlk.eu\/dk\/","name":"Wennerstr\u00f6m Ljuskontroll","description":"","potentialAction":[{"@type":"SearchAction","target":{"@type":"EntryPoint","urlTemplate":"https:\/\/content.wlk.eu\/dk\/?s={search_term_string}"},"query-input":{"@type":"PropertyValueSpecification","valueRequired":true,"valueName":"search_term_string"}}],"inLanguage":"da-DK"}]}},"_links":{"self":[{"href":"https:\/\/content.wlk.eu\/dk\/wp-json\/wp\/v2\/pages\/598","targetHints":{"allow":["GET"]}}],"collection":[{"href":"https:\/\/content.wlk.eu\/dk\/wp-json\/wp\/v2\/pages"}],"about":[{"href":"https:\/\/content.wlk.eu\/dk\/wp-json\/wp\/v2\/types\/page"}],"author":[{"embeddable":true,"href":"https:\/\/content.wlk.eu\/dk\/wp-json\/wp\/v2\/users\/1"}],"replies":[{"embeddable":true,"href":"https:\/\/content.wlk.eu\/dk\/wp-json\/wp\/v2\/comments?post=598"}],"version-history":[{"count":2,"href":"https:\/\/content.wlk.eu\/dk\/wp-json\/wp\/v2\/pages\/598\/revisions"}],"predecessor-version":[{"id":617,"href":"https:\/\/content.wlk.eu\/dk\/wp-json\/wp\/v2\/pages\/598\/revisions\/617"}],"wp:attachment":[{"href":"https:\/\/content.wlk.eu\/dk\/wp-json\/wp\/v2\/media?parent=598"}],"curies":[{"name":"wp","href":"https:\/\/api.w.org\/{rel}","templated":true}]}}