{"id":803,"date":"2018-06-19T13:17:16","date_gmt":"2018-06-19T11:17:16","guid":{"rendered":"https:\/\/content.wlk.eu\/dk\/?page_id=803"},"modified":"2024-04-10T15:02:16","modified_gmt":"2024-04-10T13:02:16","slug":"tridonic","status":"publish","type":"page","link":"https:\/\/content.wlk.eu\/dk\/vores_agenturer\/tridonic\/","title":{"rendered":"Tridonic"},"content":{"rendered":"<p>Tridonic er en verdensledende leverand\u00f8r af belysningsteknologi, som tilbyder sine kunder det h\u00f8jeste niveau af kvalitet, p\u00e5lidelighed og energibesparelser ved hj\u00e6lp af intelligent hard- og software. Som en global driver af innovation p\u00e5 omr\u00e5det belysningsbaseret netv\u00e6rksteknologi udvikler Tridonic skalerbare og fremtidsorienterede l\u00f8sninger, som er b\u00e5de funktionelle og \u00f8konomiske for forhandlere af belysning, bygningschefer, systemintegratorer, planl\u00e6ggere og mange andre kundetyper.Tridonic er en verdensledende leverand\u00f8r af belysningsteknologi, som tilbyder sine kunder det h\u00f8jeste niveau af kvalitet, p\u00e5lidelighed og energibesparelser ved hj\u00e6lp af intelligent hard- og software. Som en global driver af innovation p\u00e5 omr\u00e5det belysningsbaseret<br>\nnetv\u00e6rksteknologi udvikler Tridonic skalerbare og fremtidsorienterede l\u00f8sninger, som er b\u00e5de funktionelle og \u00f8konomiske for forhandlere af belysning, bygningschefer, systemintegratorer, planl\u00e6ggere og mange andre kundetyper.<\/p>\n\n\n<h2 class=\"wp-block-heading\">Tridonics produktomr\u00e5der<\/h2>\n\n\n\n<p>Der er flere produktomr\u00e5der s\u00e5som LED-moduler, drev og styring. Alle produkter er specielt designet til at skabe ultimative belysningsl\u00f8sninger sammen.<\/p>\n\n\n\n<div class=\"wp-block-columns is-layout-flex wp-container-core-columns-is-layout-9d6595d7 wp-block-columns-is-layout-flex\">\n<div class=\"wp-block-column is-layout-flow wp-block-column-is-layout-flow\" style=\"flex-basis:25%\">\n<figure class=\"wp-block-image is-resized is-style-default\"><a href=\"https:\/\/www.wlk.eu\/dk\/Startside\/LED-lyskilder\"><img loading=\"lazy\" decoding=\"async\" src=\"https:\/\/www.wlk.eu\/images\/prod450\/lle_16x140mm_650lm_hv_adv5.jpg\" alt=\"LED-lyskilder\" width=\"175\" height=\"175\" title=\"\" \/><\/a><figcaption class=\"wp-element-caption\"><a href=\"https:\/\/www.wlk.eu\/dk\/Startside\/LED-lyskilder\">LED-lyskilder<\/a><\/figcaption><\/figure>\n<\/div>\n\n\n\n<div class=\"wp-block-column is-layout-flow wp-block-column-is-layout-flow\" style=\"flex-basis:25%\">\n<figure class=\"wp-block-image is-resized\"><a href=\"https:\/\/www.wlk.eu\/dk\/Startside\/Konvertere\"><img loading=\"lazy\" decoding=\"async\" src=\"https:\/\/www.wlk.eu\/images\/prod450\/28000665.png\" alt=\"Konvertere\" width=\"175\" height=\"175\" title=\"\" \/><\/a><figcaption class=\"wp-element-caption\"><a data-wplink-edit=\"true\" href=\"https:\/\/www.wlk.eu\/dk\/Startside\/Konvertere\">Konvertere<\/a><\/figcaption><\/figure>\n<\/div>\n\n\n\n<div class=\"wp-block-column is-layout-flow wp-block-column-is-layout-flow\" style=\"flex-basis:25%\">\n<figure class=\"wp-block-image is-resized\"><a href=\"https:\/\/www.wlk.eu\/dk\/Startside\/Styring\"><img loading=\"lazy\" decoding=\"async\" src=\"https:\/\/www.wlk.eu\/images\/prod450\/scenecom_evo_da2.png\" alt=\"Styring\" width=\"175\" height=\"175\" title=\"\" \/><\/a><figcaption class=\"wp-element-caption\"><a data-wplink-edit=\"true\" href=\"https:\/\/www.wlk.eu\/dk\/Startside\/Styring\">Styring<\/a><\/figcaption><\/figure>\n<\/div>\n\n\n\n<div class=\"wp-block-column is-layout-flow wp-block-column-is-layout-flow\" style=\"flex-basis:25%\">\n<figure class=\"wp-block-image is-resized\"><a href=\"https:\/\/www.wlk.eu\/dk\/Startside\/N%C3%B8dbelysning\"><img loading=\"lazy\" decoding=\"async\" src=\"https:\/\/www.wlk.eu\/images\/prod450\/89800442.png\" alt=\"N\u00f8dbelysning\" width=\"175\" height=\"175\" title=\"\" \/><\/a><figcaption class=\"wp-element-caption\"><a data-wplink-edit=\"true\" href=\"https:\/\/www.wlk.eu\/dk\/Startside\/N%C3%B8dbelysning\">N\u00f8dbelysning<\/a><\/figcaption><\/figure>\n<\/div>\n<\/div>\n\n\n\n<h2 class=\"wp-block-heading\">Tridonic gennem \u00e5rene<\/h2>\n\n\n<p>Tridonic har lang erfaring med teknikudvikling, og her f\u00f8lger nogle vigtige milep\u00e6le:<\/p>\n<p style=\"text-align: left\">1956 \u2013 Start p\u00e5 udvikling af magnetiske reaktorer til lysstofr\u00f8r<br \/>1978 \u2013 Lancering af den f\u00f8rste elektroniske forkobling til lysstofr\u00f8r.<br \/>1991 \u2013 Introduktion af digitalt d\u00e6mpbar forkobling til lysstofr\u00f8r, DSI \u2013 Digital Signal Interface<br \/>2001 \u2013 Start af produktion TALEXX LED moduler med COB\u2013teknik \u2013 Chip On Board<br \/>2011 \u2013 Introduktion af TALEXX LED systemer til generel belysning med regulerbar farvetemperatur<br \/>2022 &#8211; Implementering af Cradle to Cradle, en del af deres b\u00e6redygtighedsprogram. En cirkul\u00e6r \u00f8konomi med naturen som forbillede<\/p>\n<p><a href=\"https:\/\/www.tridonic.com\/en\/int\/company\/about-tridonic\">L\u00e6s mere p\u00e5 Tridonics hjemmeside<\/a><\/p>","protected":false},"excerpt":{"rendered":"<p>Tridonic er en verdensledende leverand\u00f8r af belysningsteknologi, som tilbyder sine kunder det h\u00f8jeste niveau af kvalitet, p\u00e5lidelighed og energibesparelser ved hj\u00e6lp af intelligent hard- og software. Som en global driver af innovation p\u00e5 omr\u00e5det belysningsbaseret netv\u00e6rksteknologi udvikler Tridonic skalerbare og fremtidsorienterede l\u00f8sninger, som er b\u00e5de funktionelle og \u00f8konomiske for forhandlere af belysning, bygningschefer, systemintegratorer, planl\u00e6ggere [&hellip;]<\/p>\n","protected":false},"author":3,"featured_media":0,"parent":20,"menu_order":0,"comment_status":"closed","ping_status":"closed","template":"","meta":{"_acf_changed":false,"footnotes":""},"class_list":["post-803","page","type-page","status-publish","hentry"],"acf":[],"yoast_head":"<!-- This site is optimized with the Yoast SEO plugin v25.3.1 - https:\/\/yoast.com\/wordpress\/plugins\/seo\/ -->\n<title>Tridonic - Wennerstr\u00f6m Ljuskontroll<\/title>\n<meta name=\"robots\" content=\"index, follow, max-snippet:-1, max-image-preview:large, max-video-preview:-1\" \/>\n<link rel=\"canonical\" href=\"https:\/\/content.wlk.eu\/dk\/vores_agenturer\/tridonic\/\" \/>\n<meta property=\"og:locale\" content=\"da_DK\" \/>\n<meta property=\"og:type\" content=\"article\" \/>\n<meta property=\"og:title\" content=\"Tridonic - Wennerstr\u00f6m Ljuskontroll\" \/>\n<meta property=\"og:description\" content=\"Tridonic er en verdensledende leverand\u00f8r af belysningsteknologi, som tilbyder sine kunder det h\u00f8jeste niveau af kvalitet, p\u00e5lidelighed og energibesparelser ved hj\u00e6lp af intelligent hard- og software. Som en global driver af innovation p\u00e5 omr\u00e5det belysningsbaseret netv\u00e6rksteknologi udvikler Tridonic skalerbare og fremtidsorienterede l\u00f8sninger, som er b\u00e5de funktionelle og \u00f8konomiske for forhandlere af belysning, bygningschefer, systemintegratorer, planl\u00e6ggere [&hellip;]\" \/>\n<meta property=\"og:url\" content=\"https:\/\/content.wlk.eu\/dk\/vores_agenturer\/tridonic\/\" \/>\n<meta property=\"og:site_name\" content=\"Wennerstr\u00f6m Ljuskontroll\" \/>\n<meta property=\"article:modified_time\" content=\"2024-04-10T13:02:16+00:00\" \/>\n<meta property=\"og:image\" content=\"https:\/\/www.wlk.eu\/images\/prod450\/lle_16x140mm_650lm_hv_adv5.jpg\" \/>\n<meta name=\"twitter:card\" content=\"summary_large_image\" \/>\n<meta name=\"twitter:label1\" content=\"Estimeret l\u00e6setid\" \/>\n\t<meta name=\"twitter:data1\" content=\"1 minut\" \/>\n<script type=\"application\/ld+json\" class=\"yoast-schema-graph\">{\"@context\":\"https:\/\/schema.org\",\"@graph\":[{\"@type\":\"WebPage\",\"@id\":\"https:\/\/content.wlk.eu\/dk\/vores_agenturer\/tridonic\/\",\"url\":\"https:\/\/content.wlk.eu\/dk\/vores_agenturer\/tridonic\/\",\"name\":\"Tridonic - Wennerstr\u00f6m Ljuskontroll\",\"isPartOf\":{\"@id\":\"https:\/\/content.wlk.eu\/dk\/#website\"},\"primaryImageOfPage\":{\"@id\":\"https:\/\/content.wlk.eu\/dk\/vores_agenturer\/tridonic\/#primaryimage\"},\"image\":{\"@id\":\"https:\/\/content.wlk.eu\/dk\/vores_agenturer\/tridonic\/#primaryimage\"},\"thumbnailUrl\":\"https:\/\/www.wlk.eu\/images\/prod450\/lle_16x140mm_650lm_hv_adv5.jpg\",\"datePublished\":\"2018-06-19T11:17:16+00:00\",\"dateModified\":\"2024-04-10T13:02:16+00:00\",\"breadcrumb\":{\"@id\":\"https:\/\/content.wlk.eu\/dk\/vores_agenturer\/tridonic\/#breadcrumb\"},\"inLanguage\":\"da-DK\",\"potentialAction\":[{\"@type\":\"ReadAction\",\"target\":[\"https:\/\/content.wlk.eu\/dk\/vores_agenturer\/tridonic\/\"]}]},{\"@type\":\"ImageObject\",\"inLanguage\":\"da-DK\",\"@id\":\"https:\/\/content.wlk.eu\/dk\/vores_agenturer\/tridonic\/#primaryimage\",\"url\":\"https:\/\/www.wlk.eu\/images\/prod450\/lle_16x140mm_650lm_hv_adv5.jpg\",\"contentUrl\":\"https:\/\/www.wlk.eu\/images\/prod450\/lle_16x140mm_650lm_hv_adv5.jpg\"},{\"@type\":\"BreadcrumbList\",\"@id\":\"https:\/\/content.wlk.eu\/dk\/vores_agenturer\/tridonic\/#breadcrumb\",\"itemListElement\":[{\"@type\":\"ListItem\",\"position\":1,\"name\":\"Hem\",\"item\":\"https:\/\/content.wlk.eu\/dk\/\"},{\"@type\":\"ListItem\",\"position\":2,\"name\":\"Vores agenturer\",\"item\":\"https:\/\/content.wlk.eu\/dk\/vores_agenturer\/\"},{\"@type\":\"ListItem\",\"position\":3,\"name\":\"Tridonic\"}]},{\"@type\":\"WebSite\",\"@id\":\"https:\/\/content.wlk.eu\/dk\/#website\",\"url\":\"https:\/\/content.wlk.eu\/dk\/\",\"name\":\"Wennerstr\u00f6m Ljuskontroll\",\"description\":\"\",\"potentialAction\":[{\"@type\":\"SearchAction\",\"target\":{\"@type\":\"EntryPoint\",\"urlTemplate\":\"https:\/\/content.wlk.eu\/dk\/?s={search_term_string}\"},\"query-input\":{\"@type\":\"PropertyValueSpecification\",\"valueRequired\":true,\"valueName\":\"search_term_string\"}}],\"inLanguage\":\"da-DK\"}]}<\/script>\n<!-- \/ Yoast SEO plugin. -->","yoast_head_json":{"title":"Tridonic - Wennerstr\u00f6m Ljuskontroll","robots":{"index":"index","follow":"follow","max-snippet":"max-snippet:-1","max-image-preview":"max-image-preview:large","max-video-preview":"max-video-preview:-1"},"canonical":"https:\/\/content.wlk.eu\/dk\/vores_agenturer\/tridonic\/","og_locale":"da_DK","og_type":"article","og_title":"Tridonic - Wennerstr\u00f6m Ljuskontroll","og_description":"Tridonic er en verdensledende leverand\u00f8r af belysningsteknologi, som tilbyder sine kunder det h\u00f8jeste niveau af kvalitet, p\u00e5lidelighed og energibesparelser ved hj\u00e6lp af intelligent hard- og software. Som en global driver af innovation p\u00e5 omr\u00e5det belysningsbaseret netv\u00e6rksteknologi udvikler Tridonic skalerbare og fremtidsorienterede l\u00f8sninger, som er b\u00e5de funktionelle og \u00f8konomiske for forhandlere af belysning, bygningschefer, systemintegratorer, planl\u00e6ggere [&hellip;]","og_url":"https:\/\/content.wlk.eu\/dk\/vores_agenturer\/tridonic\/","og_site_name":"Wennerstr\u00f6m Ljuskontroll","article_modified_time":"2024-04-10T13:02:16+00:00","og_image":[{"url":"https:\/\/www.wlk.eu\/images\/prod450\/lle_16x140mm_650lm_hv_adv5.jpg","type":"","width":"","height":""}],"twitter_card":"summary_large_image","twitter_misc":{"Estimeret l\u00e6setid":"1 minut"},"schema":{"@context":"https:\/\/schema.org","@graph":[{"@type":"WebPage","@id":"https:\/\/content.wlk.eu\/dk\/vores_agenturer\/tridonic\/","url":"https:\/\/content.wlk.eu\/dk\/vores_agenturer\/tridonic\/","name":"Tridonic - Wennerstr\u00f6m Ljuskontroll","isPartOf":{"@id":"https:\/\/content.wlk.eu\/dk\/#website"},"primaryImageOfPage":{"@id":"https:\/\/content.wlk.eu\/dk\/vores_agenturer\/tridonic\/#primaryimage"},"image":{"@id":"https:\/\/content.wlk.eu\/dk\/vores_agenturer\/tridonic\/#primaryimage"},"thumbnailUrl":"https:\/\/www.wlk.eu\/images\/prod450\/lle_16x140mm_650lm_hv_adv5.jpg","datePublished":"2018-06-19T11:17:16+00:00","dateModified":"2024-04-10T13:02:16+00:00","breadcrumb":{"@id":"https:\/\/content.wlk.eu\/dk\/vores_agenturer\/tridonic\/#breadcrumb"},"inLanguage":"da-DK","potentialAction":[{"@type":"ReadAction","target":["https:\/\/content.wlk.eu\/dk\/vores_agenturer\/tridonic\/"]}]},{"@type":"ImageObject","inLanguage":"da-DK","@id":"https:\/\/content.wlk.eu\/dk\/vores_agenturer\/tridonic\/#primaryimage","url":"https:\/\/www.wlk.eu\/images\/prod450\/lle_16x140mm_650lm_hv_adv5.jpg","contentUrl":"https:\/\/www.wlk.eu\/images\/prod450\/lle_16x140mm_650lm_hv_adv5.jpg"},{"@type":"BreadcrumbList","@id":"https:\/\/content.wlk.eu\/dk\/vores_agenturer\/tridonic\/#breadcrumb","itemListElement":[{"@type":"ListItem","position":1,"name":"Hem","item":"https:\/\/content.wlk.eu\/dk\/"},{"@type":"ListItem","position":2,"name":"Vores agenturer","item":"https:\/\/content.wlk.eu\/dk\/vores_agenturer\/"},{"@type":"ListItem","position":3,"name":"Tridonic"}]},{"@type":"WebSite","@id":"https:\/\/content.wlk.eu\/dk\/#website","url":"https:\/\/content.wlk.eu\/dk\/","name":"Wennerstr\u00f6m Ljuskontroll","description":"","potentialAction":[{"@type":"SearchAction","target":{"@type":"EntryPoint","urlTemplate":"https:\/\/content.wlk.eu\/dk\/?s={search_term_string}"},"query-input":{"@type":"PropertyValueSpecification","valueRequired":true,"valueName":"search_term_string"}}],"inLanguage":"da-DK"}]}},"_links":{"self":[{"href":"https:\/\/content.wlk.eu\/dk\/wp-json\/wp\/v2\/pages\/803","targetHints":{"allow":["GET"]}}],"collection":[{"href":"https:\/\/content.wlk.eu\/dk\/wp-json\/wp\/v2\/pages"}],"about":[{"href":"https:\/\/content.wlk.eu\/dk\/wp-json\/wp\/v2\/types\/page"}],"author":[{"embeddable":true,"href":"https:\/\/content.wlk.eu\/dk\/wp-json\/wp\/v2\/users\/3"}],"replies":[{"embeddable":true,"href":"https:\/\/content.wlk.eu\/dk\/wp-json\/wp\/v2\/comments?post=803"}],"version-history":[{"count":12,"href":"https:\/\/content.wlk.eu\/dk\/wp-json\/wp\/v2\/pages\/803\/revisions"}],"predecessor-version":[{"id":1349,"href":"https:\/\/content.wlk.eu\/dk\/wp-json\/wp\/v2\/pages\/803\/revisions\/1349"}],"up":[{"embeddable":true,"href":"https:\/\/content.wlk.eu\/dk\/wp-json\/wp\/v2\/pages\/20"}],"wp:attachment":[{"href":"https:\/\/content.wlk.eu\/dk\/wp-json\/wp\/v2\/media?parent=803"}],"curies":[{"name":"wp","href":"https:\/\/api.w.org\/{rel}","templated":true}]}}