{"id":408,"date":"2016-07-11T15:10:22","date_gmt":"2016-07-11T13:10:22","guid":{"rendered":"https:\/\/content.wlk.eu\/?page_id=408"},"modified":"2021-09-13T11:06:45","modified_gmt":"2021-09-13T09:06:45","slug":"hotel_kungstradgarden_stockholm","status":"publish","type":"page","link":"https:\/\/content.wlk.eu\/en\/hotel_kungstradgarden_stockholm\/","title":{"rendered":"Hotel Kungstr\u00e4dg\u00e5rden, Stockholm"},"content":{"rendered":"<h2>New lighting control for renovated Hotel Kungstr\u00e4dg\u00e5rden<\/h2>\n<p>The newly renovated Hotel Kungstr\u00e4dg\u00e5rden, The King\u2019s Garden, in Stockholm opened its doors in 2015. Dating back to the 1700s, the building is home to both a hotel and a restaurant. The environments throughout the property have an inviting feel with lighting in a warm tone. The restaurant includes an atrium that offers the feeling of being outdoors and indoors at the same time. An impressive eye-catcher here is the gigantic chandelier hanging several meters in the air, offering a beautiful glow of light.<\/p>\n<h3>Seasonal lighting control<\/h3>\n<p>The lighting is controlled by means of DALI systems and drivers from Tridonic, through which various scenarios and schedules are created both in the atrium and outdoors for the facade lighting, which consists of LEDtape from Welight and drivers from Tridonic. Eight different scenes are used during the day, and these can be changed to suit the season. Being able to control the lighting based on the season was an important aspect due to the different levels of daylight shining through the glass roof of the atrium in the summer, spring\/autumn and winter. The staff can also control the lighting manually using scenes such as \u201cEvent\u201d and \u201cCleaning\u201d.<\/p>\n","protected":false},"excerpt":{"rendered":"<p>New lighting control for renovated Hotel Kungstr\u00e4dg\u00e5rden The newly renovated Hotel Kungstr\u00e4dg\u00e5rden, The King\u2019s Garden, in Stockholm opened its doors in 2015. Dating back to the 1700s, the building is home to both a hotel and a restaurant. The environments throughout the property have an inviting feel with lighting in a warm tone. The restaurant [&hellip;]<\/p>\n","protected":false},"author":1,"featured_media":0,"parent":0,"menu_order":0,"comment_status":"closed","ping_status":"closed","template":"template-referensprojekt.php","meta":{"_acf_changed":false,"footnotes":""},"class_list":["post-408","page","type-page","status-publish","hentry"],"acf":[],"yoast_head":"<!-- This site is optimized with the Yoast SEO plugin v25.3.1 - https:\/\/yoast.com\/wordpress\/plugins\/seo\/ -->\n<title>Hotel Kungstr\u00e4dg\u00e5rden, Stockholm - Wennerstr\u00f6m Ljuskontroll<\/title>\n<meta name=\"robots\" content=\"index, follow, max-snippet:-1, max-image-preview:large, max-video-preview:-1\" \/>\n<link rel=\"canonical\" href=\"https:\/\/content.wlk.eu\/en\/hotel_kungstradgarden_stockholm\/\" \/>\n<meta property=\"og:locale\" content=\"en_GB\" \/>\n<meta property=\"og:type\" content=\"article\" \/>\n<meta property=\"og:title\" content=\"Hotel Kungstr\u00e4dg\u00e5rden, Stockholm - Wennerstr\u00f6m Ljuskontroll\" \/>\n<meta property=\"og:description\" content=\"New lighting control for renovated Hotel Kungstr\u00e4dg\u00e5rden The newly renovated Hotel Kungstr\u00e4dg\u00e5rden, The King\u2019s Garden, in Stockholm opened its doors in 2015. Dating back to the 1700s, the building is home to both a hotel and a restaurant. The environments throughout the property have an inviting feel with lighting in a warm tone. The restaurant [&hellip;]\" \/>\n<meta property=\"og:url\" content=\"https:\/\/content.wlk.eu\/en\/hotel_kungstradgarden_stockholm\/\" \/>\n<meta property=\"og:site_name\" content=\"Wennerstr\u00f6m Ljuskontroll\" \/>\n<meta property=\"article:modified_time\" content=\"2021-09-13T09:06:45+00:00\" \/>\n<meta name=\"twitter:card\" content=\"summary_large_image\" \/>\n<meta name=\"twitter:label1\" content=\"Estimated reading time\" \/>\n\t<meta name=\"twitter:data1\" content=\"1 minute\" \/>\n<script type=\"application\/ld+json\" class=\"yoast-schema-graph\">{\"@context\":\"https:\/\/schema.org\",\"@graph\":[{\"@type\":\"WebPage\",\"@id\":\"https:\/\/content.wlk.eu\/en\/hotel_kungstradgarden_stockholm\/\",\"url\":\"https:\/\/content.wlk.eu\/en\/hotel_kungstradgarden_stockholm\/\",\"name\":\"Hotel Kungstr\u00e4dg\u00e5rden, Stockholm - Wennerstr\u00f6m Ljuskontroll\",\"isPartOf\":{\"@id\":\"https:\/\/content.wlk.eu\/en\/#website\"},\"datePublished\":\"2016-07-11T13:10:22+00:00\",\"dateModified\":\"2021-09-13T09:06:45+00:00\",\"breadcrumb\":{\"@id\":\"https:\/\/content.wlk.eu\/en\/hotel_kungstradgarden_stockholm\/#breadcrumb\"},\"inLanguage\":\"en-GB\",\"potentialAction\":[{\"@type\":\"ReadAction\",\"target\":[\"https:\/\/content.wlk.eu\/en\/hotel_kungstradgarden_stockholm\/\"]}]},{\"@type\":\"BreadcrumbList\",\"@id\":\"https:\/\/content.wlk.eu\/en\/hotel_kungstradgarden_stockholm\/#breadcrumb\",\"itemListElement\":[{\"@type\":\"ListItem\",\"position\":1,\"name\":\"Hem\",\"item\":\"https:\/\/content.wlk.eu\/en\/\"},{\"@type\":\"ListItem\",\"position\":2,\"name\":\"Hotel Kungstr\u00e4dg\u00e5rden, Stockholm\"}]},{\"@type\":\"WebSite\",\"@id\":\"https:\/\/content.wlk.eu\/en\/#website\",\"url\":\"https:\/\/content.wlk.eu\/en\/\",\"name\":\"Wennerstr\u00f6m Ljuskontroll\",\"description\":\"\",\"publisher\":{\"@id\":\"https:\/\/content.wlk.eu\/en\/#organization\"},\"potentialAction\":[{\"@type\":\"SearchAction\",\"target\":{\"@type\":\"EntryPoint\",\"urlTemplate\":\"https:\/\/content.wlk.eu\/en\/?s={search_term_string}\"},\"query-input\":{\"@type\":\"PropertyValueSpecification\",\"valueRequired\":true,\"valueName\":\"search_term_string\"}}],\"inLanguage\":\"en-GB\"},{\"@type\":\"Organization\",\"@id\":\"https:\/\/content.wlk.eu\/en\/#organization\",\"name\":\"Wennerstr\u00f6m Ljuskontroll\",\"url\":\"https:\/\/content.wlk.eu\/en\/\",\"logo\":{\"@type\":\"ImageObject\",\"inLanguage\":\"en-GB\",\"@id\":\"https:\/\/content.wlk.eu\/en\/#\/schema\/logo\/image\/\",\"url\":\"https:\/\/content.wlk.eu\/en\/wp-content\/uploads\/sites\/2\/2025\/03\/wlk_logo_1_cyan_pos.png\",\"contentUrl\":\"https:\/\/content.wlk.eu\/en\/wp-content\/uploads\/sites\/2\/2025\/03\/wlk_logo_1_cyan_pos.png\",\"width\":3036,\"height\":1182,\"caption\":\"Wennerstr\u00f6m Ljuskontroll\"},\"image\":{\"@id\":\"https:\/\/content.wlk.eu\/en\/#\/schema\/logo\/image\/\"},\"sameAs\":[\"http:\/\/se.linkedin.com\/company\/wlk---wennerstrm-ljuskontroll-ab\"]}]}<\/script>\n<!-- \/ Yoast SEO plugin. -->","yoast_head_json":{"title":"Hotel Kungstr\u00e4dg\u00e5rden, Stockholm - Wennerstr\u00f6m Ljuskontroll","robots":{"index":"index","follow":"follow","max-snippet":"max-snippet:-1","max-image-preview":"max-image-preview:large","max-video-preview":"max-video-preview:-1"},"canonical":"https:\/\/content.wlk.eu\/en\/hotel_kungstradgarden_stockholm\/","og_locale":"en_GB","og_type":"article","og_title":"Hotel Kungstr\u00e4dg\u00e5rden, Stockholm - Wennerstr\u00f6m Ljuskontroll","og_description":"New lighting control for renovated Hotel Kungstr\u00e4dg\u00e5rden The newly renovated Hotel Kungstr\u00e4dg\u00e5rden, The King\u2019s Garden, in Stockholm opened its doors in 2015. Dating back to the 1700s, the building is home to both a hotel and a restaurant. The environments throughout the property have an inviting feel with lighting in a warm tone. The restaurant [&hellip;]","og_url":"https:\/\/content.wlk.eu\/en\/hotel_kungstradgarden_stockholm\/","og_site_name":"Wennerstr\u00f6m Ljuskontroll","article_modified_time":"2021-09-13T09:06:45+00:00","twitter_card":"summary_large_image","twitter_misc":{"Estimated reading time":"1 minute"},"schema":{"@context":"https:\/\/schema.org","@graph":[{"@type":"WebPage","@id":"https:\/\/content.wlk.eu\/en\/hotel_kungstradgarden_stockholm\/","url":"https:\/\/content.wlk.eu\/en\/hotel_kungstradgarden_stockholm\/","name":"Hotel Kungstr\u00e4dg\u00e5rden, Stockholm - Wennerstr\u00f6m Ljuskontroll","isPartOf":{"@id":"https:\/\/content.wlk.eu\/en\/#website"},"datePublished":"2016-07-11T13:10:22+00:00","dateModified":"2021-09-13T09:06:45+00:00","breadcrumb":{"@id":"https:\/\/content.wlk.eu\/en\/hotel_kungstradgarden_stockholm\/#breadcrumb"},"inLanguage":"en-GB","potentialAction":[{"@type":"ReadAction","target":["https:\/\/content.wlk.eu\/en\/hotel_kungstradgarden_stockholm\/"]}]},{"@type":"BreadcrumbList","@id":"https:\/\/content.wlk.eu\/en\/hotel_kungstradgarden_stockholm\/#breadcrumb","itemListElement":[{"@type":"ListItem","position":1,"name":"Hem","item":"https:\/\/content.wlk.eu\/en\/"},{"@type":"ListItem","position":2,"name":"Hotel Kungstr\u00e4dg\u00e5rden, Stockholm"}]},{"@type":"WebSite","@id":"https:\/\/content.wlk.eu\/en\/#website","url":"https:\/\/content.wlk.eu\/en\/","name":"Wennerstr\u00f6m Ljuskontroll","description":"","publisher":{"@id":"https:\/\/content.wlk.eu\/en\/#organization"},"potentialAction":[{"@type":"SearchAction","target":{"@type":"EntryPoint","urlTemplate":"https:\/\/content.wlk.eu\/en\/?s={search_term_string}"},"query-input":{"@type":"PropertyValueSpecification","valueRequired":true,"valueName":"search_term_string"}}],"inLanguage":"en-GB"},{"@type":"Organization","@id":"https:\/\/content.wlk.eu\/en\/#organization","name":"Wennerstr\u00f6m Ljuskontroll","url":"https:\/\/content.wlk.eu\/en\/","logo":{"@type":"ImageObject","inLanguage":"en-GB","@id":"https:\/\/content.wlk.eu\/en\/#\/schema\/logo\/image\/","url":"https:\/\/content.wlk.eu\/en\/wp-content\/uploads\/sites\/2\/2025\/03\/wlk_logo_1_cyan_pos.png","contentUrl":"https:\/\/content.wlk.eu\/en\/wp-content\/uploads\/sites\/2\/2025\/03\/wlk_logo_1_cyan_pos.png","width":3036,"height":1182,"caption":"Wennerstr\u00f6m Ljuskontroll"},"image":{"@id":"https:\/\/content.wlk.eu\/en\/#\/schema\/logo\/image\/"},"sameAs":["http:\/\/se.linkedin.com\/company\/wlk---wennerstrm-ljuskontroll-ab"]}]}},"_links":{"self":[{"href":"https:\/\/content.wlk.eu\/en\/wp-json\/wp\/v2\/pages\/408","targetHints":{"allow":["GET"]}}],"collection":[{"href":"https:\/\/content.wlk.eu\/en\/wp-json\/wp\/v2\/pages"}],"about":[{"href":"https:\/\/content.wlk.eu\/en\/wp-json\/wp\/v2\/types\/page"}],"author":[{"embeddable":true,"href":"https:\/\/content.wlk.eu\/en\/wp-json\/wp\/v2\/users\/1"}],"replies":[{"embeddable":true,"href":"https:\/\/content.wlk.eu\/en\/wp-json\/wp\/v2\/comments?post=408"}],"version-history":[{"count":4,"href":"https:\/\/content.wlk.eu\/en\/wp-json\/wp\/v2\/pages\/408\/revisions"}],"predecessor-version":[{"id":1207,"href":"https:\/\/content.wlk.eu\/en\/wp-json\/wp\/v2\/pages\/408\/revisions\/1207"}],"wp:attachment":[{"href":"https:\/\/content.wlk.eu\/en\/wp-json\/wp\/v2\/media?parent=408"}],"curies":[{"name":"wp","href":"https:\/\/api.w.org\/{rel}","templated":true}]}}