{"id":1484,"date":"2024-10-01T15:46:25","date_gmt":"2024-10-01T13:46:25","guid":{"rendered":"https:\/\/content.wlk.eu\/fi\/?page_id=1484"},"modified":"2025-03-10T16:31:50","modified_gmt":"2025-03-10T15:31:50","slug":"welight-refit-vaihda-loisteputki","status":"publish","type":"page","link":"https:\/\/content.wlk.eu\/fi\/welight-refit-vaihda-loisteputki\/","title":{"rendered":"Welight REFIT &#8211; \u00c4l\u00e4 heit\u00e4 loisteputkivalaisinta pois"},"content":{"rendered":"\n<h2 class=\"wp-block-heading\">Voit muuntaa sen LED-valaisimeksi 10 minuutissa <br>&#8211; Nopea, helppo ja ymp\u00e4rist\u00f6yst\u00e4v\u00e4llinen<\/h2>\n\n\n\n<figure class=\"wp-block-image size-large\" id=\"image-refit\"><img loading=\"lazy\" decoding=\"async\" width=\"1024\" height=\"329\" src=\"https:\/\/content.wlk.eu\/fi\/wp-content\/uploads\/sites\/3\/2025\/03\/bild_REFIT_armatur-USP_EN-1024x329.jpg\" alt=\"Welight REFIT with LEDline profile+USP\" class=\"wp-image-1527\" style=\"object-fit:cover\" srcset=\"https:\/\/content.wlk.eu\/fi\/wp-content\/uploads\/sites\/3\/2025\/03\/bild_REFIT_armatur-USP_EN-1024x329.jpg 1024w, https:\/\/content.wlk.eu\/fi\/wp-content\/uploads\/sites\/3\/2025\/03\/bild_REFIT_armatur-USP_EN-300x96.jpg 300w, https:\/\/content.wlk.eu\/fi\/wp-content\/uploads\/sites\/3\/2025\/03\/bild_REFIT_armatur-USP_EN-768x247.jpg 768w, https:\/\/content.wlk.eu\/fi\/wp-content\/uploads\/sites\/3\/2025\/03\/bild_REFIT_armatur-USP_EN-1536x494.jpg 1536w, https:\/\/content.wlk.eu\/fi\/wp-content\/uploads\/sites\/3\/2025\/03\/bild_REFIT_armatur-USP_EN.jpg 1561w\" sizes=\"auto, (max-width: 1024px) 100vw, 1024px\" \/><\/figure>\n\n\n\n<h2 class=\"wp-block-heading\">Katso Welight REFITin asennusvideon koko versio<\/h2>\n\n\n\n<figure class=\"wp-block-embed is-type-video is-provider-youtube wp-block-embed-youtube wp-embed-aspect-16-9 wp-has-aspect-ratio\"><div class=\"wp-block-embed__wrapper\">\n<iframe loading=\"lazy\" title=\"Convert fluorescent tubes to LED according to standards with WELIGHT REFIT - installation video\" width=\"500\" height=\"281\" src=\"https:\/\/www.youtube.com\/embed\/I7NUYeCj0eo?feature=oembed\" frameborder=\"0\" allow=\"accelerometer; autoplay; clipboard-write; encrypted-media; gyroscope; picture-in-picture; web-share\" referrerpolicy=\"strict-origin-when-cross-origin\" allowfullscreen><\/iframe>\n<\/div><\/figure>\n\n\n\n<figure class=\"wp-block-image size-full is-resized\"><a href=\"https:\/\/www.wlk.eu\/fi\/Aloitussivu\/LED-valonlahteita\/Welight_REFIT\"><img loading=\"lazy\" decoding=\"async\" width=\"951\" height=\"116\" src=\"https:\/\/content.wlk.eu\/fi\/wp-content\/uploads\/sites\/3\/2024\/12\/purchase-button_REFIT_en.jpg\" alt=\"\" class=\"wp-image-1493\" style=\"width:713px;height:87px\" srcset=\"https:\/\/content.wlk.eu\/fi\/wp-content\/uploads\/sites\/3\/2024\/12\/purchase-button_REFIT_en.jpg 951w, https:\/\/content.wlk.eu\/fi\/wp-content\/uploads\/sites\/3\/2024\/12\/purchase-button_REFIT_en-300x37.jpg 300w, https:\/\/content.wlk.eu\/fi\/wp-content\/uploads\/sites\/3\/2024\/12\/purchase-button_REFIT_en-768x94.jpg 768w\" sizes=\"auto, (max-width: 951px) 100vw, 951px\" \/><\/a><\/figure>\n\n\n\n<h2 class=\"wp-block-heading has-text-align-center\"><strong>EDUT<\/strong><\/h2>\n\n\n\n<div class=\"wp-block-group\"><div class=\"wp-block-group__inner-container is-layout-constrained wp-block-group-is-layout-constrained\">\n<figure class=\"wp-block-image size-large is-resized\"><img decoding=\"async\" src=\"https:\/\/content.wlk.eu\/wp-content\/uploads\/2024\/09\/advantages-1024x687.png\" alt=\"Advantages of Welight REFIT\" class=\"wp-image-3149\" style=\"width:512px;height:344px\"\/><\/figure>\n\n\n\n<p>\u2714 <strong>Ymp\u00e4rist\u00f6yst\u00e4v\u00e4llinen<\/strong><br>ei rakenteellisia muutoksia olemassa olevaan valaisimeen \u2013 valaisimen uudelleenk\u00e4ytt\u00f6<\/p>\n\n\n\n<p>\u2714 <strong>Valmistettu Euroopassa<\/strong><br>valmistettu Keski-Euroopassa \u2013 lyhyet toimitusajat \u2013 toimitusvarmuus<\/p>\n\n\n\n<p>\u2714 <strong>PLUG &amp; PLAY <\/strong><br>1:1 korvaus kaikille loisteputkityypeille \u2013 lyhyet asennusajat<\/p>\n\n\n\n<p>\u2714<strong> ENEC-sertifioitu valaistus<\/strong><br>standardien mukainen valaisimen sertifioinnin ansiosta<\/p>\n\n\n\n<p>\u2714<strong> Energiatehokas<\/strong><br>jopa 180lm\/W Welight REFITist\u00e4<\/p>\n\n\n\n<p>\u2714<strong> Valon laatu<\/strong><br>parhaat visuaaliset mukavuudet CRI92:n ansiosta<\/p>\n<\/div><\/div>\n\n\n\n<hr class=\"wp-block-separator has-alpha-channel-opacity\"\/>\n\n\n\n<h2 class=\"wp-block-heading\"><strong>Vaihda loisteputkivalaisimesi LED-valoihin ilman rakenteellisia muutoksia<\/strong><\/h2>\n\n\n\n<h3 class=\"wp-block-heading\"><strong>Energiatehokkaita ja kest\u00e4vi\u00e4 ratkaisuja Welight REFITill\u00e4<\/strong><\/h3>\n\n\n\n<p>Kun loisteputket poistuivat k\u00e4yt\u00f6st\u00e4 vuonna 2023, monet tilat tarvitsevat helpon tavan korvata nykyiset valaisimensa.<\/p>\n\n\n\n<p><a href=\"https:\/\/www.wlk.eu\/fi\/Aloitussivu\/LED-valonlahteita\/Welight_REFIT\">Welightin REFIT-sarjan<\/a> avulla saat optimaalisen ratkaisun kaikkien T5- ja T8-loisteputkien vaihtoon. Tehokkaat muuntosarjat tarjoavat kest\u00e4v\u00e4n valaistusratkaisun, jonka v\u00e4rintoistoindeksi on korkea, CRI92. Kest\u00e4vyys on eritt\u00e4in t\u00e4rke\u00e4\u00e4, kun on aika korvata nykyinen valaistus tilassa. Siksi REFIT-sarjamme valmistetaan Keski-Euroopassa, ja ne voidaan helposti asentaa kattoon ilman rakenteellisia muutoksia, jolloin olemassa oleva valaisimen runko s\u00e4ilyy.<\/p>\n\n\n\n<hr class=\"wp-block-separator aligncenter has-alpha-channel-opacity\"\/>\n\n\n\n<h2 class=\"wp-block-heading has-text-align-center\"><strong>ENERGIANS\u00c4\u00c4ST\u00d6<\/strong><\/h2>\n\n\n\n<figure class=\"wp-block-table has-small-font-size\"><table class=\"has-fixed-layout\"><thead><tr><th class=\"has-text-align-center\" data-align=\"center\"><strong>Loisteputki<\/strong><\/th><th class=\"has-text-align-center\" data-align=\"center\"><strong>Teho W<\/strong><\/th><th class=\"has-text-align-center\" data-align=\"center\"><strong>REFIT W<\/strong><\/th><th class=\"has-text-align-center\" data-align=\"center\"><strong>Energians\u00e4\u00e4st\u00f6<\/strong><\/th><\/tr><\/thead><tbody><tr><td class=\"has-text-align-center\" data-align=\"center\">T5 HO<\/td><td class=\"has-text-align-center\" data-align=\"center\">24<\/td><td class=\"has-text-align-center\" data-align=\"center\">7<\/td><td class=\"has-text-align-center\" data-align=\"center\">71%<\/td><\/tr><tr><td class=\"has-text-align-center\" data-align=\"center\">T5 HO<\/td><td class=\"has-text-align-center\" data-align=\"center\">39<\/td><td class=\"has-text-align-center\" data-align=\"center\">12<\/td><td class=\"has-text-align-center\" data-align=\"center\">69%<\/td><\/tr><tr><td class=\"has-text-align-center\" data-align=\"center\">T5 HE<\/td><td class=\"has-text-align-center\" data-align=\"center\">21<\/td><td class=\"has-text-align-center\" data-align=\"center\">8<\/td><td class=\"has-text-align-center\" data-align=\"center\">62%<\/td><\/tr><tr><td class=\"has-text-align-center\" data-align=\"center\">T5 HE<\/td><td class=\"has-text-align-center\" data-align=\"center\">35<\/td><td class=\"has-text-align-center\" data-align=\"center\">13<\/td><td class=\"has-text-align-center\" data-align=\"center\">63%<\/td><\/tr><tr><td class=\"has-text-align-center\" data-align=\"center\">T8<\/td><td class=\"has-text-align-center\" data-align=\"center\">18<\/td><td class=\"has-text-align-center\" data-align=\"center\">6<\/td><td class=\"has-text-align-center\" data-align=\"center\">67%<\/td><\/tr><tr><td class=\"has-text-align-center\" data-align=\"center\">T8<\/td><td class=\"has-text-align-center\" data-align=\"center\">36<\/td><td class=\"has-text-align-center\" data-align=\"center\">13<\/td><td class=\"has-text-align-center\" data-align=\"center\">64%<\/td><\/tr><tr><td class=\"has-text-align-center\" data-align=\"center\">T8<\/td><td class=\"has-text-align-center\" data-align=\"center\">58<\/td><td class=\"has-text-align-center\" data-align=\"center\">22<\/td><td class=\"has-text-align-center\" data-align=\"center\">62%<\/td><\/tr><\/tbody><\/table><\/figure>\n\n\n\n<p>Welight REFITin keskim\u00e4\u00e4r\u00e4inen k\u00e4ytt\u00f6ik\u00e4 on 70 000 tuntia (vastaa 28 vuotta toimistossa, jossa valaistus palaa 10 tuntia p\u00e4iv\u00e4ss\u00e4). Tehokas LED-valaistus johtaa jopa 70 % energians\u00e4\u00e4st\u00f6\u00f6n loisteputkiin verrattuna ja jopa 30 % LED-putkiin verrattuna.<\/p>\n\n\n\n<hr class=\"wp-block-separator has-alpha-channel-opacity\"\/>\n\n\n\n<h2 class=\"wp-block-heading has-text-align-center\"><strong><strong>REFIT-SARJAMME<\/strong><\/strong><\/h2>\n\n\n\n<p><a href=\"https:\/\/www.wlk.eu\/fi\/Aloitussivu\/LED-valonlahteita\/Welight_REFIT\">Welight REFIT -sarjat ovat saatavilla monina eri versioina<\/a>, jotta l\u00f6yd\u00e4t suoran korvaajan loisteputkellesi.<\/p>\n\n\n\n<ul class=\"wp-block-list\">\n<li>Yksil\u00f6lliset pituudet<\/li>\n\n\n\n<li>Virtal\u00e4hde<\/li>\n\n\n\n<li>V\u00e4ri\u00adl\u00e4mp\u00f6tila<\/li>\n<\/ul>\n\n\n\n<h2 class=\"wp-block-heading\"><strong>Valintasi: Tridonic LED-ohjain 24V<\/strong><\/h2>\n\n\n\n<div class=\"wp-block-columns is-layout-flex wp-container-core-columns-is-layout-9d6595d7 wp-block-columns-is-layout-flex\">\n<div class=\"wp-block-column is-layout-flow wp-block-column-is-layout-flow\" style=\"flex-basis:50%\"><div class=\"wp-block-image\">\n<figure class=\"aligncenter size-medium is-resized\"><img decoding=\"async\" src=\"https:\/\/content.wlk.eu\/wp-content\/uploads\/2024\/08\/LC_18W_24V_one4all_SC_PRE_feeder-300x300.jpg\" alt=\"\" class=\"wp-image-3083\" style=\"width:225px;height:225px\"\/><\/figure><\/div><\/div>\n\n\n\n<div class=\"wp-block-column is-layout-flow wp-block-column-is-layout-flow\" style=\"flex-basis:50%\">\n<p><strong>Himmennett\u00e4v\u00e4t ja langattomat ratkaisut<\/strong><\/p>\n\n\n\n<p>Vakiona REFIT-sarjamme toimitetaan On\/Off-ohjaimella. Tarjoamme my\u00f6s Tridonic LED-ohjaimia, joissa on DALI one4all, Casambi basicDIM Wireless ja Matter.<\/p>\n<\/div>\n<\/div>\n\n\n\n<hr class=\"wp-block-separator has-alpha-channel-opacity\"\/>\n\n\n\n<h2 class=\"wp-block-heading has-text-align-center\"><strong>MITEN K\u00c4YT\u00c4T WELIGHT REFIT -SARJAA?<\/strong><\/h2>\n\n\n\n<p><a href=\"https:\/\/www.wlk.eu\/fi\/Aloitussivu\/LED-valonlahteita\/Welight_REFIT\">Welight REFIT<\/a> -ratkaisulla valaisin s\u00e4ilyy entisell\u00e4\u00e4n, sill\u00e4 vaihdat vain vanhat loisteputkikomponentit olemassa olevaan valaisimeen LED-tekniikalla. Loisteputket, kaapelit ja lampunkannat poistetaan, ja asennat REFIT-sarjaan kuuluvat LED-profiilit ja LED-ohjaimen. Sarja valitaan valaisimessa olevan loisteputkityypin mukaan. Profiilit asennetaan magneettipidikkeill\u00e4 tai ruuveilla, ja ohjain kiinnitet\u00e4\u00e4n ruuveilla valaisimeen.<br>Welight REFIT on t\u00e4ydellinen valaisin, jolla on kaikki uuden valaisimen vaatimukset t\u00e4ytt\u00e4v\u00e4t sertifikaatit.<\/p>\n\n\n\n<h2 class=\"wp-block-heading has-text-align-center has-white-color has-black-background-color has-text-color has-background\"><strong>Lataa Welight REFIT materiaalia<\/strong><\/h2>\n\n\n\n<div class=\"wp-block-columns is-layout-flex wp-container-core-columns-is-layout-9d6595d7 wp-block-columns-is-layout-flex\">\n<div class=\"wp-block-column is-layout-flow wp-block-column-is-layout-flow\">\n<h4 class=\"wp-block-heading has-text-align-center\">Datalehti<\/h4>\n\n\n<div class=\"wp-block-image\">\n<figure class=\"aligncenter size-full is-resized\"><a href=\"https:\/\/www.wlk.eu\/Images\/user\/datasheet_welight_refit_grid-luminaires.pdf\" target=\"_blank\" rel=\"noreferrer noopener\"><img decoding=\"async\" src=\"https:\/\/content.wlk.eu\/wp-content\/uploads\/2024\/08\/datasheet.jpg\" alt=\"Datasheet Welight REFIT\" class=\"wp-image-3068\" style=\"width:121px;height:138px\"\/><\/a><\/figure><\/div><\/div>\n\n\n\n<div class=\"wp-block-column is-layout-flow wp-block-column-is-layout-flow\">\n<h4 class=\"wp-block-heading has-text-align-center\">Asennusohje<\/h4>\n\n\n<div class=\"wp-block-image\">\n<figure class=\"aligncenter size-full is-resized\"><a href=\"https:\/\/www.wlk.eu\/Images\/user\/welight_refit_mounting-instructions.pdf\" target=\"_blank\" rel=\"noreferrer noopener\"><img decoding=\"async\" src=\"https:\/\/content.wlk.eu\/wp-content\/uploads\/2024\/08\/assembly.jpg\" alt=\"Assembly instructions Welight REFIT\" class=\"wp-image-3070\" style=\"width:121px;height:138px\"\/><\/a><\/figure><\/div><\/div>\n\n\n\n<div class=\"wp-block-column is-layout-flow wp-block-column-is-layout-flow\">\n<h4 class=\"wp-block-heading has-text-align-center\">Esite<\/h4>\n\n\n<div class=\"wp-block-image\">\n<figure class=\"aligncenter size-full is-resized\"><a href=\"https:\/\/www.wlk.eu\/Images\/user\/welight-refit-flyer-se.pdf\" target=\"_blank\" rel=\"noreferrer noopener\"><img decoding=\"async\" src=\"https:\/\/content.wlk.eu\/wp-content\/uploads\/2024\/08\/flyer.jpg\" alt=\"Flyer Welight REFIT\" class=\"wp-image-3069\" style=\"width:121px;height:138px\"\/><\/a><\/figure><\/div><\/div>\n<\/div>\n\n\n\n<hr class=\"wp-block-separator has-alpha-channel-opacity\"\/>\n\n\n\n<h2 class=\"wp-block-heading has-text-align-center\"><strong>WELIGHT<\/strong><\/h2>\n\n\n\n<p>Welight on puhtaasti tuotekehitykseen keskittyv\u00e4 yritys, joka kehitt\u00e4\u00e4 ja valmistaa komponentteja ammattivalaistukseen.<\/p>\n\n\n\n<ul class=\"wp-block-list\">\n<li><a href=\"https:\/\/www.wlk.eu\/fi\/Aloitussivu\/LED-valonlahteita\/Welight_REFIT\"><strong>Welight REFIT \u2013 Sarja komponentteja loisteputkien korvaamiseen<\/strong><\/a><\/li>\n\n\n\n<li><strong><a data-type=\"URL\" data-id=\"https:\/\/www.wlk.eu\/fi\/Aloitussivu\/LED-valonlahteita\/LED-nauha\" href=\"https:\/\/www.wlk.eu\/fi\/Aloitussivu\/LED-valonlahteita\/LED-nauha\">LED-moduulit nimell\u00e4 LEDtape ja siihen liittyv\u00e4t komponentit<\/a><\/strong><\/li>\n\n\n\n<li><strong><a data-type=\"URL\" data-id=\"https:\/\/www.wlk.eu\/fi\/Search?search=%22W71%22\" href=\"https:\/\/www.wlk.eu\/fi\/Search?search=%22W71%22\">LED-ohjaimet<\/a><\/strong><\/li>\n\n\n\n<li><strong><a data-type=\"URL\" data-id=\"https:\/\/www.wlk.eu\/fi\/Search?search=%22rotary+dimmer%22\" href=\"https:\/\/www.wlk.eu\/fi\/Search?search=%22rotary+dimmer%22\">Py\u00f6r\u00f6himmentimet<\/a><\/strong><\/li>\n\n\n\n<li><a data-type=\"URL\" data-id=\"https:\/\/www.wlk.eu\/fi\/Aloitussivu\/LED-valonlahteita\/Downlight\/Light_engine_Mini\" href=\"https:\/\/www.wlk.eu\/fi\/Aloitussivu\/LED-valonlahteita\/Downlight\/Light_engine_Mini\"><strong>Valonl\u00e4hteet<\/strong> <strong>LEDengine<\/strong><\/a><\/li>\n\n\n\n<li><strong><a data-type=\"URL\" data-id=\"https:\/\/www.wlk.eu\/fi\/Aloitussivu\/LED-valonlahteita\/LED_Profiilit\" href=\"https:\/\/www.wlk.eu\/fi\/Aloitussivu\/LED-valonlahteita\/LED_Profiilit\">Profiilit LED line slim<\/a><\/strong><\/li>\n<\/ul>\n","protected":false},"excerpt":{"rendered":"<p>Voit muuntaa sen LED-valaisimeksi 10 minuutissa &#8211; Nopea, helppo ja ymp\u00e4rist\u00f6yst\u00e4v\u00e4llinen Katso Welight REFITin asennusvideon koko versio EDUT \u2714 Ymp\u00e4rist\u00f6yst\u00e4v\u00e4llinenei rakenteellisia muutoksia olemassa olevaan valaisimeen \u2013 valaisimen uudelleenk\u00e4ytt\u00f6 \u2714 Valmistettu Euroopassavalmistettu Keski-Euroopassa \u2013 lyhyet toimitusajat \u2013 toimitusvarmuus \u2714 PLUG &amp; PLAY 1:1 korvaus kaikille loisteputkityypeille \u2013 lyhyet asennusajat \u2714 ENEC-sertifioitu valaistusstandardien mukainen valaisimen sertifioinnin ansiosta [&hellip;]<\/p>\n","protected":false},"author":3,"featured_media":0,"parent":0,"menu_order":0,"comment_status":"closed","ping_status":"closed","template":"","meta":{"_acf_changed":false,"footnotes":""},"class_list":["post-1484","page","type-page","status-publish","hentry"],"acf":[],"yoast_head":"<!-- This site is optimized with the Yoast SEO plugin v25.3.1 - https:\/\/yoast.com\/wordpress\/plugins\/seo\/ -->\n<title>Welight REFIT - \u00c4l\u00e4 heit\u00e4 loisteputkivalaisinta pois - Wennerstr\u00f6m Ljuskontroll<\/title>\n<meta name=\"description\" content=\"Welight REFIT korvasi poistettu loistelampun. \u2714 Nopea, helppo ja ymp\u00e4rist\u00f6yst\u00e4v\u00e4llinen valinta. Ota yhteytt\u00e4 loistelamppujen poistamiseen!\" \/>\n<meta name=\"robots\" content=\"index, follow, max-snippet:-1, max-image-preview:large, max-video-preview:-1\" \/>\n<link rel=\"canonical\" href=\"https:\/\/content.wlk.eu\/fi\/welight-refit-vaihda-loisteputki\/\" \/>\n<meta property=\"og:locale\" content=\"fi_FI\" \/>\n<meta property=\"og:type\" content=\"article\" \/>\n<meta property=\"og:title\" content=\"Welight REFIT - \u00c4l\u00e4 heit\u00e4 loisteputkivalaisinta pois - Wennerstr\u00f6m Ljuskontroll\" \/>\n<meta property=\"og:description\" content=\"Welight REFIT korvasi poistettu loistelampun. \u2714 Nopea, helppo ja ymp\u00e4rist\u00f6yst\u00e4v\u00e4llinen valinta. Ota yhteytt\u00e4 loistelamppujen poistamiseen!\" \/>\n<meta property=\"og:url\" content=\"https:\/\/content.wlk.eu\/fi\/welight-refit-vaihda-loisteputki\/\" \/>\n<meta property=\"og:site_name\" content=\"Wennerstr\u00f6m Ljuskontroll\" \/>\n<meta property=\"article:modified_time\" content=\"2025-03-10T15:31:50+00:00\" \/>\n<meta property=\"og:image\" content=\"https:\/\/content.wlk.eu\/fi\/wp-content\/uploads\/sites\/3\/2025\/03\/bild_REFIT_armatur-USP_EN.jpg\" \/>\n\t<meta property=\"og:image:width\" content=\"1561\" \/>\n\t<meta property=\"og:image:height\" content=\"502\" \/>\n\t<meta property=\"og:image:type\" content=\"image\/jpeg\" \/>\n<meta name=\"twitter:card\" content=\"summary_large_image\" \/>\n<meta name=\"twitter:label1\" content=\"Arvioitu lukuaika\" \/>\n\t<meta name=\"twitter:data1\" content=\"4 minuuttia\" \/>\n<script type=\"application\/ld+json\" class=\"yoast-schema-graph\">{\"@context\":\"https:\/\/schema.org\",\"@graph\":[{\"@type\":\"WebPage\",\"@id\":\"https:\/\/content.wlk.eu\/fi\/welight-refit-vaihda-loisteputki\/\",\"url\":\"https:\/\/content.wlk.eu\/fi\/welight-refit-vaihda-loisteputki\/\",\"name\":\"Welight REFIT - \u00c4l\u00e4 heit\u00e4 loisteputkivalaisinta pois - Wennerstr\u00f6m Ljuskontroll\",\"isPartOf\":{\"@id\":\"https:\/\/content.wlk.eu\/fi\/#website\"},\"primaryImageOfPage\":{\"@id\":\"https:\/\/content.wlk.eu\/fi\/welight-refit-vaihda-loisteputki\/#primaryimage\"},\"image\":{\"@id\":\"https:\/\/content.wlk.eu\/fi\/welight-refit-vaihda-loisteputki\/#primaryimage\"},\"thumbnailUrl\":\"https:\/\/content.wlk.eu\/fi\/wp-content\/uploads\/sites\/3\/2025\/03\/bild_REFIT_armatur-USP_EN-1024x329.jpg\",\"datePublished\":\"2024-10-01T13:46:25+00:00\",\"dateModified\":\"2025-03-10T15:31:50+00:00\",\"description\":\"Welight REFIT korvasi poistettu loistelampun. \u2714 Nopea, helppo ja ymp\u00e4rist\u00f6yst\u00e4v\u00e4llinen valinta. Ota yhteytt\u00e4 loistelamppujen poistamiseen!\",\"breadcrumb\":{\"@id\":\"https:\/\/content.wlk.eu\/fi\/welight-refit-vaihda-loisteputki\/#breadcrumb\"},\"inLanguage\":\"fi\",\"potentialAction\":[{\"@type\":\"ReadAction\",\"target\":[\"https:\/\/content.wlk.eu\/fi\/welight-refit-vaihda-loisteputki\/\"]}]},{\"@type\":\"ImageObject\",\"inLanguage\":\"fi\",\"@id\":\"https:\/\/content.wlk.eu\/fi\/welight-refit-vaihda-loisteputki\/#primaryimage\",\"url\":\"https:\/\/content.wlk.eu\/fi\/wp-content\/uploads\/sites\/3\/2025\/03\/bild_REFIT_armatur-USP_EN.jpg\",\"contentUrl\":\"https:\/\/content.wlk.eu\/fi\/wp-content\/uploads\/sites\/3\/2025\/03\/bild_REFIT_armatur-USP_EN.jpg\",\"width\":1561,\"height\":502,\"caption\":\"Welight REFIT with LEDline profile+USP\"},{\"@type\":\"BreadcrumbList\",\"@id\":\"https:\/\/content.wlk.eu\/fi\/welight-refit-vaihda-loisteputki\/#breadcrumb\",\"itemListElement\":[{\"@type\":\"ListItem\",\"position\":1,\"name\":\"Hem\",\"item\":\"https:\/\/content.wlk.eu\/fi\/\"},{\"@type\":\"ListItem\",\"position\":2,\"name\":\"Welight REFIT &#8211; \u00c4l\u00e4 heit\u00e4 loisteputkivalaisinta pois\"}]},{\"@type\":\"WebSite\",\"@id\":\"https:\/\/content.wlk.eu\/fi\/#website\",\"url\":\"https:\/\/content.wlk.eu\/fi\/\",\"name\":\"Wennerstr\u00f6m Ljuskontroll\",\"description\":\"\",\"potentialAction\":[{\"@type\":\"SearchAction\",\"target\":{\"@type\":\"EntryPoint\",\"urlTemplate\":\"https:\/\/content.wlk.eu\/fi\/?s={search_term_string}\"},\"query-input\":{\"@type\":\"PropertyValueSpecification\",\"valueRequired\":true,\"valueName\":\"search_term_string\"}}],\"inLanguage\":\"fi\"}]}<\/script>\n<!-- \/ Yoast SEO plugin. -->","yoast_head_json":{"title":"Welight REFIT - \u00c4l\u00e4 heit\u00e4 loisteputkivalaisinta pois - Wennerstr\u00f6m Ljuskontroll","description":"Welight REFIT korvasi poistettu loistelampun. \u2714 Nopea, helppo ja ymp\u00e4rist\u00f6yst\u00e4v\u00e4llinen valinta. Ota yhteytt\u00e4 loistelamppujen poistamiseen!","robots":{"index":"index","follow":"follow","max-snippet":"max-snippet:-1","max-image-preview":"max-image-preview:large","max-video-preview":"max-video-preview:-1"},"canonical":"https:\/\/content.wlk.eu\/fi\/welight-refit-vaihda-loisteputki\/","og_locale":"fi_FI","og_type":"article","og_title":"Welight REFIT - \u00c4l\u00e4 heit\u00e4 loisteputkivalaisinta pois - Wennerstr\u00f6m Ljuskontroll","og_description":"Welight REFIT korvasi poistettu loistelampun. \u2714 Nopea, helppo ja ymp\u00e4rist\u00f6yst\u00e4v\u00e4llinen valinta. Ota yhteytt\u00e4 loistelamppujen poistamiseen!","og_url":"https:\/\/content.wlk.eu\/fi\/welight-refit-vaihda-loisteputki\/","og_site_name":"Wennerstr\u00f6m Ljuskontroll","article_modified_time":"2025-03-10T15:31:50+00:00","og_image":[{"width":1561,"height":502,"url":"https:\/\/content.wlk.eu\/fi\/wp-content\/uploads\/sites\/3\/2025\/03\/bild_REFIT_armatur-USP_EN.jpg","type":"image\/jpeg"}],"twitter_card":"summary_large_image","twitter_misc":{"Arvioitu lukuaika":"4 minuuttia"},"schema":{"@context":"https:\/\/schema.org","@graph":[{"@type":"WebPage","@id":"https:\/\/content.wlk.eu\/fi\/welight-refit-vaihda-loisteputki\/","url":"https:\/\/content.wlk.eu\/fi\/welight-refit-vaihda-loisteputki\/","name":"Welight REFIT - \u00c4l\u00e4 heit\u00e4 loisteputkivalaisinta pois - Wennerstr\u00f6m Ljuskontroll","isPartOf":{"@id":"https:\/\/content.wlk.eu\/fi\/#website"},"primaryImageOfPage":{"@id":"https:\/\/content.wlk.eu\/fi\/welight-refit-vaihda-loisteputki\/#primaryimage"},"image":{"@id":"https:\/\/content.wlk.eu\/fi\/welight-refit-vaihda-loisteputki\/#primaryimage"},"thumbnailUrl":"https:\/\/content.wlk.eu\/fi\/wp-content\/uploads\/sites\/3\/2025\/03\/bild_REFIT_armatur-USP_EN-1024x329.jpg","datePublished":"2024-10-01T13:46:25+00:00","dateModified":"2025-03-10T15:31:50+00:00","description":"Welight REFIT korvasi poistettu loistelampun. \u2714 Nopea, helppo ja ymp\u00e4rist\u00f6yst\u00e4v\u00e4llinen valinta. Ota yhteytt\u00e4 loistelamppujen poistamiseen!","breadcrumb":{"@id":"https:\/\/content.wlk.eu\/fi\/welight-refit-vaihda-loisteputki\/#breadcrumb"},"inLanguage":"fi","potentialAction":[{"@type":"ReadAction","target":["https:\/\/content.wlk.eu\/fi\/welight-refit-vaihda-loisteputki\/"]}]},{"@type":"ImageObject","inLanguage":"fi","@id":"https:\/\/content.wlk.eu\/fi\/welight-refit-vaihda-loisteputki\/#primaryimage","url":"https:\/\/content.wlk.eu\/fi\/wp-content\/uploads\/sites\/3\/2025\/03\/bild_REFIT_armatur-USP_EN.jpg","contentUrl":"https:\/\/content.wlk.eu\/fi\/wp-content\/uploads\/sites\/3\/2025\/03\/bild_REFIT_armatur-USP_EN.jpg","width":1561,"height":502,"caption":"Welight REFIT with LEDline profile+USP"},{"@type":"BreadcrumbList","@id":"https:\/\/content.wlk.eu\/fi\/welight-refit-vaihda-loisteputki\/#breadcrumb","itemListElement":[{"@type":"ListItem","position":1,"name":"Hem","item":"https:\/\/content.wlk.eu\/fi\/"},{"@type":"ListItem","position":2,"name":"Welight REFIT &#8211; \u00c4l\u00e4 heit\u00e4 loisteputkivalaisinta pois"}]},{"@type":"WebSite","@id":"https:\/\/content.wlk.eu\/fi\/#website","url":"https:\/\/content.wlk.eu\/fi\/","name":"Wennerstr\u00f6m Ljuskontroll","description":"","potentialAction":[{"@type":"SearchAction","target":{"@type":"EntryPoint","urlTemplate":"https:\/\/content.wlk.eu\/fi\/?s={search_term_string}"},"query-input":{"@type":"PropertyValueSpecification","valueRequired":true,"valueName":"search_term_string"}}],"inLanguage":"fi"}]}},"_links":{"self":[{"href":"https:\/\/content.wlk.eu\/fi\/wp-json\/wp\/v2\/pages\/1484","targetHints":{"allow":["GET"]}}],"collection":[{"href":"https:\/\/content.wlk.eu\/fi\/wp-json\/wp\/v2\/pages"}],"about":[{"href":"https:\/\/content.wlk.eu\/fi\/wp-json\/wp\/v2\/types\/page"}],"author":[{"embeddable":true,"href":"https:\/\/content.wlk.eu\/fi\/wp-json\/wp\/v2\/users\/3"}],"replies":[{"embeddable":true,"href":"https:\/\/content.wlk.eu\/fi\/wp-json\/wp\/v2\/comments?post=1484"}],"version-history":[{"count":7,"href":"https:\/\/content.wlk.eu\/fi\/wp-json\/wp\/v2\/pages\/1484\/revisions"}],"predecessor-version":[{"id":1529,"href":"https:\/\/content.wlk.eu\/fi\/wp-json\/wp\/v2\/pages\/1484\/revisions\/1529"}],"wp:attachment":[{"href":"https:\/\/content.wlk.eu\/fi\/wp-json\/wp\/v2\/media?parent=1484"}],"curies":[{"name":"wp","href":"https:\/\/api.w.org\/{rel}","templated":true}]}}