{"id":521,"date":"2016-09-26T07:53:46","date_gmt":"2016-09-26T05:53:46","guid":{"rendered":"https:\/\/content.wlk.eu\/fi\/?page_id=521"},"modified":"2023-09-15T10:28:02","modified_gmt":"2023-09-15T08:28:02","slug":"tietoa_wlk","status":"publish","type":"page","link":"https:\/\/content.wlk.eu\/fi\/tietoa_wlk\/","title":{"rendered":"Tietoa WLK"},"content":{"rendered":"<h2>Yli 45 vuotta valon palveluksessa<\/h2>\n<h2>Taustaa<\/h2>\n<p>Wennerstr\u00f6m Ljuskontroll AB \u2013 WLK perustettiin jo vuonna 1970 kauppayhti\u00f6ksi, jonka nimi oli tuolloin Wennerstr\u00f6m &amp; Co. T\u00e4n\u00e4 p\u00e4iv\u00e4n\u00e4, yli 45 vuotta my\u00f6hemmin, olemme valaistuskomponentteihin sek\u00e4 valaistuksen ohjauksen ja valvonnan j\u00e4rjestelm\u00e4ratkaisuihin erikoistunut tekniikan alan myyntiyritys. WLK:lla on nyky\u00e4\u00e4n 21 ty\u00f6ntekij\u00e4\u00e4, ja hein\u00e4kuusta 2017 l\u00e4htien yritys on kuulunut kansainv\u00e4liseen <a href=\"http:\/\/www.indutrade.com\/\" target=\"_blank\" rel=\"noopener\">Indutrade AB<\/a> -teollisuuskonserniin, joka keskittyy teollisuustekniikan myyntiin. WLK kuuluu teollisuuskomponenttien (Industrial Components) liiketoiminta-alueeseen, mutta toimii itsen\u00e4isen\u00e4 yhti\u00f6n\u00e4, jonka omistus on hajautettu.<\/p>\n<p><img loading=\"lazy\" decoding=\"async\" class=\"alignnone size-full wp-image-1389\" src=\"https:\/\/content.wlk.eu\/wp-content\/uploads\/2017\/02\/LinkedIn_Icon.gif\" alt=\"WLK LinkedIn\" width=\"32\" height=\"32\" \/> <a href=\"https:\/\/www.linkedin.com\/company\/wlk---wennerstr%C3%B6m-ljuskontroll-ab\/\" target=\"_blank\" rel=\"noopener\"><strong>Seuraa WLK:ta LinkedIniss\u00e4<\/strong><\/a><\/p>\n<p><a href=\"https:\/\/www.sebroschyr.se\/WLK-fi\/WebView\/\" target=\"_blank\" rel=\"noopener\">Saat yritysesitteest\u00e4mme lis\u00e4tietoja<\/a> WLK:sta, valaistusratkaisuistamme ja projekteista, joihin olemme osallistuneet.<\/p>\n<p><a href=\"https:\/\/www.wlk.eu\/images\/user\/WLK_yrityksen-esite_2104.pdf\" target=\"_blank\" rel=\"noopener\"><img loading=\"lazy\" decoding=\"async\" class=\"alignnone size-medium wp-image-1155\" src=\"https:\/\/content.wlk.eu\/fi\/wp-content\/uploads\/sites\/3\/2021\/05\/frontpage-flip_FI_large-217x300.png\" alt=\"WLK company brochure\" width=\"217\" height=\"300\" srcset=\"https:\/\/content.wlk.eu\/fi\/wp-content\/uploads\/sites\/3\/2021\/05\/frontpage-flip_FI_large-217x300.png 217w, https:\/\/content.wlk.eu\/fi\/wp-content\/uploads\/sites\/3\/2021\/05\/frontpage-flip_FI_large.png 400w\" sizes=\"auto, (max-width: 217px) 100vw, 217px\" \/><\/a><\/p>\n<h3><strong>Tuotteet ja myynti<\/strong><\/h3>\n<p>Olemme Tridonic GmbH:n edustaja ja j\u00e4lleenmyyj\u00e4 It\u00e4vallassa, Pohjoismaissa ja Baltiassa.<br \/>\nKonsernimme Tridonic-tuotteiden myynti Pohjoismaissa ja Baltiassa ylitt\u00e4\u00e4 300 miljoonaa Ruotsin kruunua. Olemme my\u00f6s Welight-, Lumitech-, Bticino-, Feno-, Ledon- ja BJB-tuotteiden j\u00e4lleenmyyj\u00e4. <a href=\"https:\/\/www.wlk.eu\/fi\/Valikko\/Foretaget\/Tuotemerkkimme\">Lue lis\u00e4\u00e4 tuotemerkkimme<\/a>.<\/p>\n<p>Asiakaskuntamme koostuu p\u00e4\u00e4asiassa valaisimien valmistajista, s\u00e4hk\u00f6tukkureista, s\u00e4hk\u00f6asennusyrityksist\u00e4 ja kiinteist\u00f6jen omistajista. Ratkaisujamme ja tuotteitamme suosittelevat maan johtavat s\u00e4hk\u00f6konsultit ja valaistussuunnittelijat.<br \/>\nSeitsem\u00e4n myyntikonttoriamme ja Rosersbergin tehokas jakeluvarastomme palvelevat Pohjoismaissa ja Baltiassa sijaitsevia asiakkaitamme nopeasti. WLK on alan j\u00e4rjest\u00f6n Ljuskulturin j\u00e4sen ja osallistuu aktiivisesti ymp\u00e4rist\u00f6vaikutuksia ja energiatehokkuutta k\u00e4sittelev\u00e4\u00e4n keskusteluun. Seuraamme valaistusalan nopeaa teknist\u00e4 kehityst\u00e4, jossa energiatehokkaita valonl\u00e4hteit\u00e4 ja energiaa s\u00e4\u00e4st\u00e4vi\u00e4 sovelluksia tulee markkinoille nopeassa tahdissa.<\/p>\n<h3>Tulevaisuus esineiden internetin (IOT) kanssa<\/h3>\n<p>Kehit\u00e4mme Tridonicin kanssa uutta IOT-tekniikkaa ja panostamme voimakkaasti siihen, ett\u00e4 voimme luoda ja tarjota teknisi\u00e4 ratkaisuja ja niihin kuuluvia k\u00e4ytt\u00f6-, huolto- ja valvontapalveluita. Teemme kaiken, jotta kiinteist\u00f6nomistajien on helppo hallita rakennuksiaan.<br \/>\nUusi IP-tekniikka ei rajoitu valaistukseen, vaan se muodostaa erinomaisen alustan rakennusten reaaliaikaisten tietojen k\u00e4yt\u00f6lle.<br \/>\nTavoitteemme on korkealla; katso <a href=\"https:\/\/www.wlk.eu\/fi\/Valikko\/Foretaget\/Yrityksesta\/Visio_ja_missiooni\">WLK Mission &amp; Vision.<\/a><\/p>\n<h3><strong>Hyv\u00e4ntekev\u00e4isyys ja aatteellinen toiminta<\/strong><\/h3>\n<p>Wennerstr\u00f6m Ljuskontroll AB:n kasvu on ollut hyv\u00e4\u00e4 useita vuosia, ja yrityksen luottoluokitus on t\u00e4ll\u00e4 hetkell\u00e4 paras mahdollinen. Voittovarat sijoitetaan p\u00e4\u00e4asiassa orgaanisen kasvun tuottamiseen. Yritys ja sen henkil\u00f6kunta ovat osallistuneet terveyskeskuksen perustamiseen ja rahoitukseen liittyv\u00e4\u00e4n hankkeeseen noin 200 asukkaan kyl\u00e4ss\u00e4 Nepalin vuoristoseudulla. Lis\u00e4ksi lahjoitamme ambulansseja h\u00e4d\u00e4nalaisille alueille. Vuonna 2014 k\u00e4ynnistettiin uuden terveyskeskuksen rakentaminen Intian k\u00f6yhimpiin lukeutuvassa Jaigaonissa. Wennerstr\u00f6m Ljuskontroll AB:n toiminnan hyv\u00e4n kehityksen ansiosta olemme p\u00e4\u00e4tt\u00e4neet jatkaa tukeamme Kjell Borneland Foundation -s\u00e4\u00e4ti\u00f6lle my\u00f6s tulevana vuonna. N\u00e4in s\u00e4\u00e4ti\u00f6 voi saattaa k\u00e4ynniss\u00e4 olevat projektinsa loppuun ja suunnitella uusia.<\/p>\n<p><img loading=\"lazy\" decoding=\"async\" class=\"alignnone size-large wp-image-671\" src=\"https:\/\/content.wlk.eu\/fi\/wp-content\/uploads\/sites\/3\/2017\/02\/WennerstromWaterPump1-1024x682.jpg\" alt=\"\" width=\"1024\" height=\"682\" srcset=\"https:\/\/content.wlk.eu\/fi\/wp-content\/uploads\/sites\/3\/2017\/02\/WennerstromWaterPump1-1024x682.jpg 1024w, https:\/\/content.wlk.eu\/fi\/wp-content\/uploads\/sites\/3\/2017\/02\/WennerstromWaterPump1-300x200.jpg 300w, https:\/\/content.wlk.eu\/fi\/wp-content\/uploads\/sites\/3\/2017\/02\/WennerstromWaterPump1-768x512.jpg 768w, https:\/\/content.wlk.eu\/fi\/wp-content\/uploads\/sites\/3\/2017\/02\/WennerstromWaterPump1.jpg 1100w\" sizes=\"auto, (max-width: 1024px) 100vw, 1024px\" \/><\/p>\n<p><strong>Sponsorointi hyv\u00e4ntekev\u00e4isyyspy\u00f6r\u00e4ilyjoukkue Team Rynkeby 2023:n kanssa<\/strong><\/p>\n<p>Team Rynkeby on kansainv\u00e4linen hyv\u00e4ntekev\u00e4isyyshanke, jossa py\u00f6r\u00e4ill\u00e4\u00e4n vuosittain Pariisiin varojen ker\u00e4\u00e4miseksi vakavasti sairaille lapsille. Vuoden 2023 WLK on hopeasponsori, joka tukee Barncancerfondenin rahankeruuty\u00f6t\u00e4.<\/p>\n<p>Seuraa hyv\u00e4ntekev\u00e4isyysty\u00f6t\u00e4mme ja lue lis\u00e4\u00e4 j\u00e4rjest\u00f6ist\u00e4:<\/p>\n<p><a href=\"https:\/\/www.wlk.eu\/fi\/Valikko\/Foretaget\/Yrityksesta\/Organisaatio\/wennerstrom-ljuskontroll-ab-health-centre-ja-vesiprojektin\">Health Centre ja vesiprojektin<\/a><\/p>\n<p><a href=\"https:\/\/pages.upsales.com\/10967ud67ebcf59dcb42c4a4f86de950c46370\" target=\"_blank\" rel=\"noopener\">Sponsorointi Team Rynkeby 2023<\/a><\/p>\n<p><a href=\"http:\/\/www.ambulancedonation.com\" target=\"_blank\" rel=\"noopener noreferrer\">www.ambulancedonation.com<\/a><\/p>\n<p><a title=\"Kjell Borneland Foundation\" href=\"http:\/\/www.kbfoundation.eu\" target=\"_blank\" rel=\"noopener noreferrer\">www.kbfoundation.eu<\/a><\/p>\n","protected":false},"excerpt":{"rendered":"<p>Yli 45 vuotta valon palveluksessa Taustaa Wennerstr\u00f6m Ljuskontroll AB \u2013 WLK perustettiin jo vuonna 1970 kauppayhti\u00f6ksi, jonka nimi oli tuolloin Wennerstr\u00f6m &amp; Co. T\u00e4n\u00e4 p\u00e4iv\u00e4n\u00e4, yli 45 vuotta my\u00f6hemmin, olemme valaistuskomponentteihin sek\u00e4 valaistuksen ohjauksen ja valvonnan j\u00e4rjestelm\u00e4ratkaisuihin erikoistunut tekniikan alan myyntiyritys. WLK:lla on nyky\u00e4\u00e4n 21 ty\u00f6ntekij\u00e4\u00e4, ja hein\u00e4kuusta 2017 l\u00e4htien yritys on kuulunut kansainv\u00e4liseen Indutrade [&hellip;]<\/p>\n","protected":false},"author":2,"featured_media":0,"parent":0,"menu_order":0,"comment_status":"closed","ping_status":"closed","template":"","meta":{"_acf_changed":false,"footnotes":""},"class_list":["post-521","page","type-page","status-publish","hentry"],"acf":[],"yoast_head":"<!-- This site is optimized with the Yoast SEO plugin v25.3.1 - https:\/\/yoast.com\/wordpress\/plugins\/seo\/ -->\n<title>Tietoa WLK - Wennerstr\u00f6m Ljuskontroll<\/title>\n<meta name=\"robots\" content=\"index, follow, max-snippet:-1, max-image-preview:large, max-video-preview:-1\" \/>\n<link rel=\"canonical\" href=\"https:\/\/content.wlk.eu\/fi\/tietoa_wlk\/\" \/>\n<meta property=\"og:locale\" content=\"fi_FI\" \/>\n<meta property=\"og:type\" content=\"article\" \/>\n<meta property=\"og:title\" content=\"Tietoa WLK - Wennerstr\u00f6m Ljuskontroll\" \/>\n<meta property=\"og:description\" content=\"Yli 45 vuotta valon palveluksessa Taustaa Wennerstr\u00f6m Ljuskontroll AB \u2013 WLK perustettiin jo vuonna 1970 kauppayhti\u00f6ksi, jonka nimi oli tuolloin Wennerstr\u00f6m &amp; Co. T\u00e4n\u00e4 p\u00e4iv\u00e4n\u00e4, yli 45 vuotta my\u00f6hemmin, olemme valaistuskomponentteihin sek\u00e4 valaistuksen ohjauksen ja valvonnan j\u00e4rjestelm\u00e4ratkaisuihin erikoistunut tekniikan alan myyntiyritys. WLK:lla on nyky\u00e4\u00e4n 21 ty\u00f6ntekij\u00e4\u00e4, ja hein\u00e4kuusta 2017 l\u00e4htien yritys on kuulunut kansainv\u00e4liseen Indutrade [&hellip;]\" \/>\n<meta property=\"og:url\" content=\"https:\/\/content.wlk.eu\/fi\/tietoa_wlk\/\" \/>\n<meta property=\"og:site_name\" content=\"Wennerstr\u00f6m Ljuskontroll\" \/>\n<meta property=\"article:modified_time\" content=\"2023-09-15T08:28:02+00:00\" \/>\n<meta property=\"og:image\" content=\"https:\/\/content.wlk.eu\/wp-content\/uploads\/2017\/02\/LinkedIn_Icon.gif\" \/>\n<meta name=\"twitter:card\" content=\"summary_large_image\" \/>\n<meta name=\"twitter:label1\" content=\"Arvioitu lukuaika\" \/>\n\t<meta name=\"twitter:data1\" content=\"2 minuuttia\" \/>\n<script type=\"application\/ld+json\" class=\"yoast-schema-graph\">{\"@context\":\"https:\/\/schema.org\",\"@graph\":[{\"@type\":\"WebPage\",\"@id\":\"https:\/\/content.wlk.eu\/fi\/tietoa_wlk\/\",\"url\":\"https:\/\/content.wlk.eu\/fi\/tietoa_wlk\/\",\"name\":\"Tietoa WLK - Wennerstr\u00f6m Ljuskontroll\",\"isPartOf\":{\"@id\":\"https:\/\/content.wlk.eu\/fi\/#website\"},\"primaryImageOfPage\":{\"@id\":\"https:\/\/content.wlk.eu\/fi\/tietoa_wlk\/#primaryimage\"},\"image\":{\"@id\":\"https:\/\/content.wlk.eu\/fi\/tietoa_wlk\/#primaryimage\"},\"thumbnailUrl\":\"https:\/\/content.wlk.eu\/wp-content\/uploads\/2017\/02\/LinkedIn_Icon.gif\",\"datePublished\":\"2016-09-26T05:53:46+00:00\",\"dateModified\":\"2023-09-15T08:28:02+00:00\",\"breadcrumb\":{\"@id\":\"https:\/\/content.wlk.eu\/fi\/tietoa_wlk\/#breadcrumb\"},\"inLanguage\":\"fi\",\"potentialAction\":[{\"@type\":\"ReadAction\",\"target\":[\"https:\/\/content.wlk.eu\/fi\/tietoa_wlk\/\"]}]},{\"@type\":\"ImageObject\",\"inLanguage\":\"fi\",\"@id\":\"https:\/\/content.wlk.eu\/fi\/tietoa_wlk\/#primaryimage\",\"url\":\"https:\/\/content.wlk.eu\/wp-content\/uploads\/2017\/02\/LinkedIn_Icon.gif\",\"contentUrl\":\"https:\/\/content.wlk.eu\/wp-content\/uploads\/2017\/02\/LinkedIn_Icon.gif\"},{\"@type\":\"BreadcrumbList\",\"@id\":\"https:\/\/content.wlk.eu\/fi\/tietoa_wlk\/#breadcrumb\",\"itemListElement\":[{\"@type\":\"ListItem\",\"position\":1,\"name\":\"Hem\",\"item\":\"https:\/\/content.wlk.eu\/fi\/\"},{\"@type\":\"ListItem\",\"position\":2,\"name\":\"Tietoa WLK\"}]},{\"@type\":\"WebSite\",\"@id\":\"https:\/\/content.wlk.eu\/fi\/#website\",\"url\":\"https:\/\/content.wlk.eu\/fi\/\",\"name\":\"Wennerstr\u00f6m Ljuskontroll\",\"description\":\"\",\"potentialAction\":[{\"@type\":\"SearchAction\",\"target\":{\"@type\":\"EntryPoint\",\"urlTemplate\":\"https:\/\/content.wlk.eu\/fi\/?s={search_term_string}\"},\"query-input\":{\"@type\":\"PropertyValueSpecification\",\"valueRequired\":true,\"valueName\":\"search_term_string\"}}],\"inLanguage\":\"fi\"}]}<\/script>\n<!-- \/ Yoast SEO plugin. -->","yoast_head_json":{"title":"Tietoa WLK - Wennerstr\u00f6m Ljuskontroll","robots":{"index":"index","follow":"follow","max-snippet":"max-snippet:-1","max-image-preview":"max-image-preview:large","max-video-preview":"max-video-preview:-1"},"canonical":"https:\/\/content.wlk.eu\/fi\/tietoa_wlk\/","og_locale":"fi_FI","og_type":"article","og_title":"Tietoa WLK - Wennerstr\u00f6m Ljuskontroll","og_description":"Yli 45 vuotta valon palveluksessa Taustaa Wennerstr\u00f6m Ljuskontroll AB \u2013 WLK perustettiin jo vuonna 1970 kauppayhti\u00f6ksi, jonka nimi oli tuolloin Wennerstr\u00f6m &amp; Co. T\u00e4n\u00e4 p\u00e4iv\u00e4n\u00e4, yli 45 vuotta my\u00f6hemmin, olemme valaistuskomponentteihin sek\u00e4 valaistuksen ohjauksen ja valvonnan j\u00e4rjestelm\u00e4ratkaisuihin erikoistunut tekniikan alan myyntiyritys. WLK:lla on nyky\u00e4\u00e4n 21 ty\u00f6ntekij\u00e4\u00e4, ja hein\u00e4kuusta 2017 l\u00e4htien yritys on kuulunut kansainv\u00e4liseen Indutrade [&hellip;]","og_url":"https:\/\/content.wlk.eu\/fi\/tietoa_wlk\/","og_site_name":"Wennerstr\u00f6m Ljuskontroll","article_modified_time":"2023-09-15T08:28:02+00:00","og_image":[{"url":"https:\/\/content.wlk.eu\/wp-content\/uploads\/2017\/02\/LinkedIn_Icon.gif","type":"","width":"","height":""}],"twitter_card":"summary_large_image","twitter_misc":{"Arvioitu lukuaika":"2 minuuttia"},"schema":{"@context":"https:\/\/schema.org","@graph":[{"@type":"WebPage","@id":"https:\/\/content.wlk.eu\/fi\/tietoa_wlk\/","url":"https:\/\/content.wlk.eu\/fi\/tietoa_wlk\/","name":"Tietoa WLK - Wennerstr\u00f6m Ljuskontroll","isPartOf":{"@id":"https:\/\/content.wlk.eu\/fi\/#website"},"primaryImageOfPage":{"@id":"https:\/\/content.wlk.eu\/fi\/tietoa_wlk\/#primaryimage"},"image":{"@id":"https:\/\/content.wlk.eu\/fi\/tietoa_wlk\/#primaryimage"},"thumbnailUrl":"https:\/\/content.wlk.eu\/wp-content\/uploads\/2017\/02\/LinkedIn_Icon.gif","datePublished":"2016-09-26T05:53:46+00:00","dateModified":"2023-09-15T08:28:02+00:00","breadcrumb":{"@id":"https:\/\/content.wlk.eu\/fi\/tietoa_wlk\/#breadcrumb"},"inLanguage":"fi","potentialAction":[{"@type":"ReadAction","target":["https:\/\/content.wlk.eu\/fi\/tietoa_wlk\/"]}]},{"@type":"ImageObject","inLanguage":"fi","@id":"https:\/\/content.wlk.eu\/fi\/tietoa_wlk\/#primaryimage","url":"https:\/\/content.wlk.eu\/wp-content\/uploads\/2017\/02\/LinkedIn_Icon.gif","contentUrl":"https:\/\/content.wlk.eu\/wp-content\/uploads\/2017\/02\/LinkedIn_Icon.gif"},{"@type":"BreadcrumbList","@id":"https:\/\/content.wlk.eu\/fi\/tietoa_wlk\/#breadcrumb","itemListElement":[{"@type":"ListItem","position":1,"name":"Hem","item":"https:\/\/content.wlk.eu\/fi\/"},{"@type":"ListItem","position":2,"name":"Tietoa WLK"}]},{"@type":"WebSite","@id":"https:\/\/content.wlk.eu\/fi\/#website","url":"https:\/\/content.wlk.eu\/fi\/","name":"Wennerstr\u00f6m Ljuskontroll","description":"","potentialAction":[{"@type":"SearchAction","target":{"@type":"EntryPoint","urlTemplate":"https:\/\/content.wlk.eu\/fi\/?s={search_term_string}"},"query-input":{"@type":"PropertyValueSpecification","valueRequired":true,"valueName":"search_term_string"}}],"inLanguage":"fi"}]}},"_links":{"self":[{"href":"https:\/\/content.wlk.eu\/fi\/wp-json\/wp\/v2\/pages\/521","targetHints":{"allow":["GET"]}}],"collection":[{"href":"https:\/\/content.wlk.eu\/fi\/wp-json\/wp\/v2\/pages"}],"about":[{"href":"https:\/\/content.wlk.eu\/fi\/wp-json\/wp\/v2\/types\/page"}],"author":[{"embeddable":true,"href":"https:\/\/content.wlk.eu\/fi\/wp-json\/wp\/v2\/users\/2"}],"replies":[{"embeddable":true,"href":"https:\/\/content.wlk.eu\/fi\/wp-json\/wp\/v2\/comments?post=521"}],"version-history":[{"count":28,"href":"https:\/\/content.wlk.eu\/fi\/wp-json\/wp\/v2\/pages\/521\/revisions"}],"predecessor-version":[{"id":1353,"href":"https:\/\/content.wlk.eu\/fi\/wp-json\/wp\/v2\/pages\/521\/revisions\/1353"}],"wp:attachment":[{"href":"https:\/\/content.wlk.eu\/fi\/wp-json\/wp\/v2\/media?parent=521"}],"curies":[{"name":"wp","href":"https:\/\/api.w.org\/{rel}","templated":true}]}}