{"id":534,"date":"2016-09-26T09:43:11","date_gmt":"2016-09-26T07:43:11","guid":{"rendered":"https:\/\/content.wlk.eu\/fi\/?page_id=534"},"modified":"2017-11-06T13:34:42","modified_gmt":"2017-11-06T12:34:42","slug":"comfort_hotel_winn_uumaja","status":"publish","type":"page","link":"https:\/\/content.wlk.eu\/fi\/comfort_hotel_winn_uumaja\/","title":{"rendered":"Comfort Hotel Winn, Uumaja"},"content":{"rendered":"<h2>Ainutlaatuinen julkisivuvalaistus Uumajassa<\/h2>\n<p>Uumajalaisen Comfort Hotel Winn -hotellin julkisivussa on ainutlaatuinen dynaaminen valaistus, joka erottuu v\u00e4reill\u00e4\u00e4n ja tehosteillaan. Valaistuksessa on k\u00e4ytetty uudentyyppist\u00e4 LED-teknologiaa. Se mahdollistaa aivan uudenlaisen v\u00e4rikirjon ja esimerkiksi v\u00e4rikyll\u00e4isyyden, joita ei ole aikaisemmin voitu yhdist\u00e4\u00e4 LED-valaisimiin ja julkisivuvalaistukseen. Valaistuksessa k\u00e4ytet\u00e4\u00e4n tietysti my\u00f6s laadukasta valkoista valoa. Julkisivuvalaistus vaihtelee kellonajan ja vuodenajan mukaan, ja siihen voidaan liitt\u00e4\u00e4 my\u00f6s valokuvia ja videoita.<\/p>\n<p>Uumajaan on luotu uudet 55 000 neli\u00f6metrin tilat yhteisty\u00f6ss\u00e4 Balticgruppenin kanssa. Uusissa tiloissa on uusi galleria ja kerrostalohotelli Comfort Winn, joka avasi ovensa 14. syyskuuta t\u00e4n\u00e4 vuonna. Hotellin korkeus merenpinnasta on 52 metri\u00e4. Kun hotellia rakennettiin, vuokralaisena olevat Nordic Choice Hotels ja omistaja Balticgruppen halusivat saada siihen ainutlaatuisen ja dynaamisen julkisivuvalaistuksen, joka poikkeaisi tavanomaisesta. Sen my\u00f6t\u00e4 esiteltiin erikoisvalaistus yhdess\u00e4 fenon (LED-teknologia ja ohjausj\u00e4rjestelm\u00e4) ja Ljusrumin valaistussuunnittelijoiden kanssa. Asennuksen on tehnyt Gr\u00f6nlunds El, jonka toimipaikka on Nackassa.<\/p>\n<h3>Erikoisteknologiaa hy\u00f6dynt\u00e4v\u00e4 julkisivuvalaistus<\/h3>\n<p>Julkisivuvalaistuksessa on 550 valaisinta, joista jokaisessa on viisi kanavaa. Ne sis\u00e4lt\u00e4v\u00e4t uutta LED-teknologiaa, joka tuottaa ainutlaatuiset v\u00e4rit ja tehosteet. Julkisivuvalaistuksessa k\u00e4ytet\u00e4\u00e4n viitt\u00e4 erilaista diodityyppi\u00e4, joten valaistus poikkeaa normaalisti k\u00e4ytetyst\u00e4 RGB-yhdistelm\u00e4st\u00e4. Tavanomaisten kolmen v\u00e4rin lis\u00e4ksi k\u00e4yt\u00f6ss\u00e4 on kaksi ylim\u00e4\u00e4r\u00e4ist\u00e4 v\u00e4ri\u00e4, jotka yhdess\u00e4 muodostavat aivan uuden v\u00e4rikirjon. Ainutlaatuisten v\u00e4ris\u00e4vyjen lis\u00e4ksi julkisivuvalaistuksessa k\u00e4ytet\u00e4\u00e4n laadukasta valkoista valoa, jonka v\u00e4rintoistoindeksi Ra on yli 80. V\u00e4ril\u00e4mp\u00f6tilan vaihteluv\u00e4li on 1 700\u20136 500 K eli l\u00e4mpim\u00e4st\u00e4 valkoisesta valosta p\u00e4iv\u00e4nvaloon.<\/p>\n<p>Erikoisvalmisteinen teknologia sis\u00e4lt\u00e4\u00e4 my\u00f6s tarkoitusta varten kehitetyn ohjelmiston, jonka avulla voidaan ladata kuvia ja videoita, muuntaa ne valaisimissa ja heijastaa julkisivuun. N\u00e4in on mahdollistaa hy\u00f6dynt\u00e4\u00e4 valokuvan tai taulun taiteellista ilmaisua julkisivuvalaistuksessa esimerkiksi auringonnousun tai revontulien muodossa. Ohjelmisto ja ohjausj\u00e4rjestelm\u00e4 tarjoavat monipuolisia mahdollisuuksia. Valaistussekvenssej\u00e4 voidaan muuttaa p\u00e4iv\u00e4n mittaan, sovittaa vuodenaikaan ja jopa s\u00e4\u00e4t\u00e4\u00e4 ilmansuuntien mukaan.<\/p>\n","protected":false},"excerpt":{"rendered":"<p>Ainutlaatuinen julkisivuvalaistus Uumajassa Uumajalaisen Comfort Hotel Winn -hotellin julkisivussa on ainutlaatuinen dynaaminen valaistus, joka erottuu v\u00e4reill\u00e4\u00e4n ja tehosteillaan. Valaistuksessa on k\u00e4ytetty uudentyyppist\u00e4 LED-teknologiaa. Se mahdollistaa aivan uudenlaisen v\u00e4rikirjon ja esimerkiksi v\u00e4rikyll\u00e4isyyden, joita ei ole aikaisemmin voitu yhdist\u00e4\u00e4 LED-valaisimiin ja julkisivuvalaistukseen. Valaistuksessa k\u00e4ytet\u00e4\u00e4n tietysti my\u00f6s laadukasta valkoista valoa. Julkisivuvalaistus vaihtelee kellonajan ja vuodenajan mukaan, ja siihen [&hellip;]<\/p>\n","protected":false},"author":2,"featured_media":0,"parent":0,"menu_order":0,"comment_status":"closed","ping_status":"closed","template":"template-referensprojekt.php","meta":{"_acf_changed":false,"footnotes":""},"class_list":["post-534","page","type-page","status-publish","hentry"],"acf":[],"yoast_head":"<!-- This site is optimized with the Yoast SEO plugin v25.3.1 - https:\/\/yoast.com\/wordpress\/plugins\/seo\/ -->\n<title>Comfort Hotel Winn, Uumaja - Wennerstr\u00f6m Ljuskontroll<\/title>\n<meta name=\"robots\" content=\"index, follow, max-snippet:-1, max-image-preview:large, max-video-preview:-1\" \/>\n<link rel=\"canonical\" href=\"https:\/\/content.wlk.eu\/fi\/comfort_hotel_winn_uumaja\/\" \/>\n<meta property=\"og:locale\" content=\"fi_FI\" \/>\n<meta property=\"og:type\" content=\"article\" \/>\n<meta property=\"og:title\" content=\"Comfort Hotel Winn, Uumaja - Wennerstr\u00f6m Ljuskontroll\" \/>\n<meta property=\"og:description\" content=\"Ainutlaatuinen julkisivuvalaistus Uumajassa Uumajalaisen Comfort Hotel Winn -hotellin julkisivussa on ainutlaatuinen dynaaminen valaistus, joka erottuu v\u00e4reill\u00e4\u00e4n ja tehosteillaan. Valaistuksessa on k\u00e4ytetty uudentyyppist\u00e4 LED-teknologiaa. Se mahdollistaa aivan uudenlaisen v\u00e4rikirjon ja esimerkiksi v\u00e4rikyll\u00e4isyyden, joita ei ole aikaisemmin voitu yhdist\u00e4\u00e4 LED-valaisimiin ja julkisivuvalaistukseen. Valaistuksessa k\u00e4ytet\u00e4\u00e4n tietysti my\u00f6s laadukasta valkoista valoa. Julkisivuvalaistus vaihtelee kellonajan ja vuodenajan mukaan, ja siihen [&hellip;]\" \/>\n<meta property=\"og:url\" content=\"https:\/\/content.wlk.eu\/fi\/comfort_hotel_winn_uumaja\/\" \/>\n<meta property=\"og:site_name\" content=\"Wennerstr\u00f6m Ljuskontroll\" \/>\n<meta property=\"article:modified_time\" content=\"2017-11-06T12:34:42+00:00\" \/>\n<meta name=\"twitter:card\" content=\"summary_large_image\" \/>\n<meta name=\"twitter:label1\" content=\"Arvioitu lukuaika\" \/>\n\t<meta name=\"twitter:data1\" content=\"2 minuuttia\" \/>\n<script type=\"application\/ld+json\" class=\"yoast-schema-graph\">{\"@context\":\"https:\/\/schema.org\",\"@graph\":[{\"@type\":\"WebPage\",\"@id\":\"https:\/\/content.wlk.eu\/fi\/comfort_hotel_winn_uumaja\/\",\"url\":\"https:\/\/content.wlk.eu\/fi\/comfort_hotel_winn_uumaja\/\",\"name\":\"Comfort Hotel Winn, Uumaja - Wennerstr\u00f6m Ljuskontroll\",\"isPartOf\":{\"@id\":\"https:\/\/content.wlk.eu\/fi\/#website\"},\"datePublished\":\"2016-09-26T07:43:11+00:00\",\"dateModified\":\"2017-11-06T12:34:42+00:00\",\"breadcrumb\":{\"@id\":\"https:\/\/content.wlk.eu\/fi\/comfort_hotel_winn_uumaja\/#breadcrumb\"},\"inLanguage\":\"fi\",\"potentialAction\":[{\"@type\":\"ReadAction\",\"target\":[\"https:\/\/content.wlk.eu\/fi\/comfort_hotel_winn_uumaja\/\"]}]},{\"@type\":\"BreadcrumbList\",\"@id\":\"https:\/\/content.wlk.eu\/fi\/comfort_hotel_winn_uumaja\/#breadcrumb\",\"itemListElement\":[{\"@type\":\"ListItem\",\"position\":1,\"name\":\"Hem\",\"item\":\"https:\/\/content.wlk.eu\/fi\/\"},{\"@type\":\"ListItem\",\"position\":2,\"name\":\"Comfort Hotel Winn, Uumaja\"}]},{\"@type\":\"WebSite\",\"@id\":\"https:\/\/content.wlk.eu\/fi\/#website\",\"url\":\"https:\/\/content.wlk.eu\/fi\/\",\"name\":\"Wennerstr\u00f6m Ljuskontroll\",\"description\":\"\",\"potentialAction\":[{\"@type\":\"SearchAction\",\"target\":{\"@type\":\"EntryPoint\",\"urlTemplate\":\"https:\/\/content.wlk.eu\/fi\/?s={search_term_string}\"},\"query-input\":{\"@type\":\"PropertyValueSpecification\",\"valueRequired\":true,\"valueName\":\"search_term_string\"}}],\"inLanguage\":\"fi\"}]}<\/script>\n<!-- \/ Yoast SEO plugin. -->","yoast_head_json":{"title":"Comfort Hotel Winn, Uumaja - Wennerstr\u00f6m Ljuskontroll","robots":{"index":"index","follow":"follow","max-snippet":"max-snippet:-1","max-image-preview":"max-image-preview:large","max-video-preview":"max-video-preview:-1"},"canonical":"https:\/\/content.wlk.eu\/fi\/comfort_hotel_winn_uumaja\/","og_locale":"fi_FI","og_type":"article","og_title":"Comfort Hotel Winn, Uumaja - Wennerstr\u00f6m Ljuskontroll","og_description":"Ainutlaatuinen julkisivuvalaistus Uumajassa Uumajalaisen Comfort Hotel Winn -hotellin julkisivussa on ainutlaatuinen dynaaminen valaistus, joka erottuu v\u00e4reill\u00e4\u00e4n ja tehosteillaan. Valaistuksessa on k\u00e4ytetty uudentyyppist\u00e4 LED-teknologiaa. Se mahdollistaa aivan uudenlaisen v\u00e4rikirjon ja esimerkiksi v\u00e4rikyll\u00e4isyyden, joita ei ole aikaisemmin voitu yhdist\u00e4\u00e4 LED-valaisimiin ja julkisivuvalaistukseen. Valaistuksessa k\u00e4ytet\u00e4\u00e4n tietysti my\u00f6s laadukasta valkoista valoa. Julkisivuvalaistus vaihtelee kellonajan ja vuodenajan mukaan, ja siihen [&hellip;]","og_url":"https:\/\/content.wlk.eu\/fi\/comfort_hotel_winn_uumaja\/","og_site_name":"Wennerstr\u00f6m Ljuskontroll","article_modified_time":"2017-11-06T12:34:42+00:00","twitter_card":"summary_large_image","twitter_misc":{"Arvioitu lukuaika":"2 minuuttia"},"schema":{"@context":"https:\/\/schema.org","@graph":[{"@type":"WebPage","@id":"https:\/\/content.wlk.eu\/fi\/comfort_hotel_winn_uumaja\/","url":"https:\/\/content.wlk.eu\/fi\/comfort_hotel_winn_uumaja\/","name":"Comfort Hotel Winn, Uumaja - Wennerstr\u00f6m Ljuskontroll","isPartOf":{"@id":"https:\/\/content.wlk.eu\/fi\/#website"},"datePublished":"2016-09-26T07:43:11+00:00","dateModified":"2017-11-06T12:34:42+00:00","breadcrumb":{"@id":"https:\/\/content.wlk.eu\/fi\/comfort_hotel_winn_uumaja\/#breadcrumb"},"inLanguage":"fi","potentialAction":[{"@type":"ReadAction","target":["https:\/\/content.wlk.eu\/fi\/comfort_hotel_winn_uumaja\/"]}]},{"@type":"BreadcrumbList","@id":"https:\/\/content.wlk.eu\/fi\/comfort_hotel_winn_uumaja\/#breadcrumb","itemListElement":[{"@type":"ListItem","position":1,"name":"Hem","item":"https:\/\/content.wlk.eu\/fi\/"},{"@type":"ListItem","position":2,"name":"Comfort Hotel Winn, Uumaja"}]},{"@type":"WebSite","@id":"https:\/\/content.wlk.eu\/fi\/#website","url":"https:\/\/content.wlk.eu\/fi\/","name":"Wennerstr\u00f6m Ljuskontroll","description":"","potentialAction":[{"@type":"SearchAction","target":{"@type":"EntryPoint","urlTemplate":"https:\/\/content.wlk.eu\/fi\/?s={search_term_string}"},"query-input":{"@type":"PropertyValueSpecification","valueRequired":true,"valueName":"search_term_string"}}],"inLanguage":"fi"}]}},"_links":{"self":[{"href":"https:\/\/content.wlk.eu\/fi\/wp-json\/wp\/v2\/pages\/534","targetHints":{"allow":["GET"]}}],"collection":[{"href":"https:\/\/content.wlk.eu\/fi\/wp-json\/wp\/v2\/pages"}],"about":[{"href":"https:\/\/content.wlk.eu\/fi\/wp-json\/wp\/v2\/types\/page"}],"author":[{"embeddable":true,"href":"https:\/\/content.wlk.eu\/fi\/wp-json\/wp\/v2\/users\/2"}],"replies":[{"embeddable":true,"href":"https:\/\/content.wlk.eu\/fi\/wp-json\/wp\/v2\/comments?post=534"}],"version-history":[{"count":4,"href":"https:\/\/content.wlk.eu\/fi\/wp-json\/wp\/v2\/pages\/534\/revisions"}],"predecessor-version":[{"id":781,"href":"https:\/\/content.wlk.eu\/fi\/wp-json\/wp\/v2\/pages\/534\/revisions\/781"}],"wp:attachment":[{"href":"https:\/\/content.wlk.eu\/fi\/wp-json\/wp\/v2\/media?parent=534"}],"curies":[{"name":"wp","href":"https:\/\/api.w.org\/{rel}","templated":true}]}}