{"id":558,"date":"2016-09-26T10:59:57","date_gmt":"2016-09-26T08:59:57","guid":{"rendered":"https:\/\/content.wlk.eu\/fi\/?page_id=558"},"modified":"2018-06-18T14:58:24","modified_gmt":"2018-06-18T12:58:24","slug":"tukholman_esittelytila","status":"publish","type":"page","link":"https:\/\/content.wlk.eu\/fi\/tietoa_wlk\/tukholman_esittelytila\/","title":{"rendered":"Tukholman esittelytila"},"content":{"rendered":"<p>Tukholman-toimipisteess\u00e4mme osoitteessa Jan Inghes Torg 34 on esittelytila erilaisten valaistusratkaisujen esittelemiseen. Otamme mielell\u00e4mme vastaan ryhm\u00e4n yrityksest\u00e4nne tutustumisk\u00e4ynnille. Varauksista vastaa <a href=\"mailto:marketing@wlk.eu\">WLK Marketing<\/a>.<\/p>\n<h2>Esittelytilan valaistusratkaisu<\/h2>\n<p>Esittelytilassamme ja toimitiloissamme on dynaaminen valaistus, joka perustuu uusimpaan LED-tekniikkaan ja jota ohjataan Tridonicin ohjausj\u00e4rjestelmill\u00e4 ja k\u00e4ytt\u00f6laitteilla. Esittelytilassa ja my\u00f6s osassa toimitiloja on k\u00e4yt\u00f6ss\u00e4 Tunable White -j\u00e4rjestelm\u00e4, joka mahdollistaa LED-moduulin v\u00e4ril\u00e4mp\u00f6tilan muuttamisen koko tilassa tai yksitt\u00e4in valituilla pinnoilla DALI-j\u00e4rjestelm\u00e4n kautta. T\u00e4m\u00e4 toiminto perustuu LED-j\u00e4rjestelm\u00e4\u00e4n\u00a0<a href=\"https:\/\/wlk.eu\/fi\/Aloitussivu\/LED-valonlahteita\/Spotlight\/LES_19_MM\/LED_STARK-SLE-1400-927-965-PRE?id=89601740\">LED STARK SLE PREMIUM<\/a> ja siihen kuuluviin Tridonicin k\u00e4ytt\u00f6laitteisiin, jotka on upotettu Zumtobelin muokattuun alasvaloon. V\u00e4ril\u00e4mp\u00f6tilan s\u00e4\u00e4t\u00e4minen on helppoa. Siihen voidaan k\u00e4ytt\u00e4\u00e4 tavallista\u00a0<a href=\"https:\/\/wlk.eu\/fi\/comfortDIM_DALI_MC?id=86458507\" target=\"_blank\" rel=\"noopener noreferrer\">DALI MC<\/a>\u00a0-j\u00e4rjestelm\u00e4\u00e4n liitetty\u00e4 painiketta,\u00a0<a href=\"https:\/\/wlk.eu\/fi\/Aloitussivu\/Ohjaus\/DALI\/Kosketuspaneelit\/comfortDIM_DALI_touchPANEL_02?id=28000022\" target=\"_blank\" rel=\"noopener noreferrer\">DALI TouchPanel 02<\/a> -ohjauspaneelia,\u00a0<a href=\"https:\/\/wlk.eu\/fi\/Aloitussivu\/Ohjaus\/DALI\/Kosketuspaneelit\/comfortDIM_DALI_x_e-touchPANEL_02?id=28000005\" target=\"_blank\" rel=\"noopener noreferrer\">DALI x\/e-touchPANEL<\/a>\u00a0-ohjauspaneelia tai proDIM \/ winDIM@net -keskuss\u00e4\u00e4t\u00f6\u00e4.<\/p>\n<p>Keskuss\u00e4\u00e4d\u00f6n pentry-osassa on\u00a0<a href=\"https:\/\/wlk.eu\/fi\/Aloitussivu\/LED-valonlahteita\/Linjavalaisimeen\/Joustava_LEDtapesta\/LEDtape_RGB_900_18W_24V_HO?id=W1202-RGB02450721\" target=\"_blank\" rel=\"noopener noreferrer\">RGB-LED<\/a> -koristetaustavalo, jonka v\u00e4ri\u00e4 voi vaihtaa.<\/p>\n<p>LED-valaistusta k\u00e4ytet\u00e4\u00e4n my\u00f6s monissa muissa esittelytilan ja toimipisteen osissa. <a href=\"https:\/\/wlk.eu\/fi\/Aloitussivu\/LED-valonlahteita\/Nelikulmainen\" target=\"_blank\" rel=\"noopener noreferrer\">TALEXXengine STARK QLE<\/a> -LED-neli\u00f6moduuleja k\u00e4ytet\u00e4\u00e4n alakattovalaisimessa esittelytilan neuvottelup\u00f6yd\u00e4n yl\u00e4puolella ja\u00a0<a href=\"https:\/\/wlk.eu\/fi\/Aloitussivu\/LED-valonlahteita\/Spotlight\/LES_19_MM\/LED_STARK-SLE-1400-927-965-PRE?id=89601740\">LED STARK SLE PREMIUM<\/a> -LED-neli\u00f6moduuleja alasvaloissa toimipisteen neuvottelutilan lyhyill\u00e4 seinustoilla.<\/p>\n<p>Esittelytilan huomiota her\u00e4tt\u00e4vin osio on \u201dtaidesein\u00e4\u201d, joka koostuu puolil\u00e4pin\u00e4kyv\u00e4st\u00e4 betonisein\u00e4st\u00e4, joka voidaan valaista eri tavoin v\u00e4ri\u00e4 vaihtavilla LED-valoilla. Sein\u00e4n taustavalaisuun k\u00e4ytet\u00e4\u00e4n LED-linjalistoja, joissa on\u00a0<a href=\"https:\/\/wlk.eu\/fi\/Aloitussivu\/LED-valonlahteita\/Linjavalaisimeen\/Joustava_LEDtapesta\/LEDtape_RGB_900_18W_24V_HO?id=W1202-RGB02450721\">LED RGB-tape<\/a>.\u00a0RGBA LED -tekniikkaa k\u00e4ytt\u00e4v\u00e4t valoprojektorit valaisevat sein\u00e4n edest\u00e4p\u00e4in, ja ne on varustettu py\u00f6riv\u00e4ll\u00e4 lasiprismalla, joka tuottaa dynaamisen valoesityksen. Valaistusta ohjaa DALI-j\u00e4rjestelm\u00e4 proDIM\/winDIM@net -j\u00e4rjestelm\u00e4n kautta.<\/p>\n<p>Alla oleva video esittelee sein\u00e4lle heijastetun wash-tehosteen.<\/p>\n<p><iframe loading=\"lazy\" title=\"Butong Backdrop Wennerstr\u00f6mLjuskontroll\" width=\"500\" height=\"281\" src=\"https:\/\/www.youtube.com\/embed\/wNS7Pi09u28?feature=oembed\" frameborder=\"0\" allow=\"accelerometer; autoplay; clipboard-write; encrypted-media; gyroscope; picture-in-picture; web-share\" referrerpolicy=\"strict-origin-when-cross-origin\" allowfullscreen><\/iframe><\/p>\n","protected":false},"excerpt":{"rendered":"<p>Tukholman-toimipisteess\u00e4mme osoitteessa Jan Inghes Torg 34 on esittelytila erilaisten valaistusratkaisujen esittelemiseen. Otamme mielell\u00e4mme vastaan ryhm\u00e4n yrityksest\u00e4nne tutustumisk\u00e4ynnille. Varauksista vastaa WLK Marketing. Esittelytilan valaistusratkaisu Esittelytilassamme ja toimitiloissamme on dynaaminen valaistus, joka perustuu uusimpaan LED-tekniikkaan ja jota ohjataan Tridonicin ohjausj\u00e4rjestelmill\u00e4 ja k\u00e4ytt\u00f6laitteilla. Esittelytilassa ja my\u00f6s osassa toimitiloja on k\u00e4yt\u00f6ss\u00e4 Tunable White -j\u00e4rjestelm\u00e4, joka mahdollistaa LED-moduulin v\u00e4ril\u00e4mp\u00f6tilan muuttamisen [&hellip;]<\/p>\n","protected":false},"author":2,"featured_media":0,"parent":521,"menu_order":6,"comment_status":"closed","ping_status":"closed","template":"template-referensprojekt.php","meta":{"_acf_changed":false,"footnotes":""},"class_list":["post-558","page","type-page","status-publish","hentry"],"acf":[],"yoast_head":"<!-- This site is optimized with the Yoast SEO plugin v25.3.1 - https:\/\/yoast.com\/wordpress\/plugins\/seo\/ -->\n<title>Tukholman esittelytila - Wennerstr\u00f6m Ljuskontroll<\/title>\n<meta name=\"robots\" content=\"index, follow, max-snippet:-1, max-image-preview:large, max-video-preview:-1\" \/>\n<link rel=\"canonical\" href=\"https:\/\/content.wlk.eu\/fi\/tietoa_wlk\/tukholman_esittelytila\/\" \/>\n<meta property=\"og:locale\" content=\"fi_FI\" \/>\n<meta property=\"og:type\" content=\"article\" \/>\n<meta property=\"og:title\" content=\"Tukholman esittelytila - Wennerstr\u00f6m Ljuskontroll\" \/>\n<meta property=\"og:description\" content=\"Tukholman-toimipisteess\u00e4mme osoitteessa Jan Inghes Torg 34 on esittelytila erilaisten valaistusratkaisujen esittelemiseen. Otamme mielell\u00e4mme vastaan ryhm\u00e4n yrityksest\u00e4nne tutustumisk\u00e4ynnille. Varauksista vastaa WLK Marketing. Esittelytilan valaistusratkaisu Esittelytilassamme ja toimitiloissamme on dynaaminen valaistus, joka perustuu uusimpaan LED-tekniikkaan ja jota ohjataan Tridonicin ohjausj\u00e4rjestelmill\u00e4 ja k\u00e4ytt\u00f6laitteilla. Esittelytilassa ja my\u00f6s osassa toimitiloja on k\u00e4yt\u00f6ss\u00e4 Tunable White -j\u00e4rjestelm\u00e4, joka mahdollistaa LED-moduulin v\u00e4ril\u00e4mp\u00f6tilan muuttamisen [&hellip;]\" \/>\n<meta property=\"og:url\" content=\"https:\/\/content.wlk.eu\/fi\/tietoa_wlk\/tukholman_esittelytila\/\" \/>\n<meta property=\"og:site_name\" content=\"Wennerstr\u00f6m Ljuskontroll\" \/>\n<meta property=\"article:modified_time\" content=\"2018-06-18T12:58:24+00:00\" \/>\n<meta name=\"twitter:card\" content=\"summary_large_image\" \/>\n<meta name=\"twitter:label1\" content=\"Arvioitu lukuaika\" \/>\n\t<meta name=\"twitter:data1\" content=\"1 minuutti\" \/>\n<script type=\"application\/ld+json\" class=\"yoast-schema-graph\">{\"@context\":\"https:\/\/schema.org\",\"@graph\":[{\"@type\":\"WebPage\",\"@id\":\"https:\/\/content.wlk.eu\/fi\/tietoa_wlk\/tukholman_esittelytila\/\",\"url\":\"https:\/\/content.wlk.eu\/fi\/tietoa_wlk\/tukholman_esittelytila\/\",\"name\":\"Tukholman esittelytila - Wennerstr\u00f6m Ljuskontroll\",\"isPartOf\":{\"@id\":\"https:\/\/content.wlk.eu\/fi\/#website\"},\"datePublished\":\"2016-09-26T08:59:57+00:00\",\"dateModified\":\"2018-06-18T12:58:24+00:00\",\"breadcrumb\":{\"@id\":\"https:\/\/content.wlk.eu\/fi\/tietoa_wlk\/tukholman_esittelytila\/#breadcrumb\"},\"inLanguage\":\"fi\",\"potentialAction\":[{\"@type\":\"ReadAction\",\"target\":[\"https:\/\/content.wlk.eu\/fi\/tietoa_wlk\/tukholman_esittelytila\/\"]}]},{\"@type\":\"BreadcrumbList\",\"@id\":\"https:\/\/content.wlk.eu\/fi\/tietoa_wlk\/tukholman_esittelytila\/#breadcrumb\",\"itemListElement\":[{\"@type\":\"ListItem\",\"position\":1,\"name\":\"Hem\",\"item\":\"https:\/\/content.wlk.eu\/fi\/\"},{\"@type\":\"ListItem\",\"position\":2,\"name\":\"Tietoa WLK\",\"item\":\"https:\/\/content.wlk.eu\/fi\/tietoa_wlk\/\"},{\"@type\":\"ListItem\",\"position\":3,\"name\":\"Tukholman esittelytila\"}]},{\"@type\":\"WebSite\",\"@id\":\"https:\/\/content.wlk.eu\/fi\/#website\",\"url\":\"https:\/\/content.wlk.eu\/fi\/\",\"name\":\"Wennerstr\u00f6m Ljuskontroll\",\"description\":\"\",\"potentialAction\":[{\"@type\":\"SearchAction\",\"target\":{\"@type\":\"EntryPoint\",\"urlTemplate\":\"https:\/\/content.wlk.eu\/fi\/?s={search_term_string}\"},\"query-input\":{\"@type\":\"PropertyValueSpecification\",\"valueRequired\":true,\"valueName\":\"search_term_string\"}}],\"inLanguage\":\"fi\"}]}<\/script>\n<!-- \/ Yoast SEO plugin. -->","yoast_head_json":{"title":"Tukholman esittelytila - Wennerstr\u00f6m Ljuskontroll","robots":{"index":"index","follow":"follow","max-snippet":"max-snippet:-1","max-image-preview":"max-image-preview:large","max-video-preview":"max-video-preview:-1"},"canonical":"https:\/\/content.wlk.eu\/fi\/tietoa_wlk\/tukholman_esittelytila\/","og_locale":"fi_FI","og_type":"article","og_title":"Tukholman esittelytila - Wennerstr\u00f6m Ljuskontroll","og_description":"Tukholman-toimipisteess\u00e4mme osoitteessa Jan Inghes Torg 34 on esittelytila erilaisten valaistusratkaisujen esittelemiseen. Otamme mielell\u00e4mme vastaan ryhm\u00e4n yrityksest\u00e4nne tutustumisk\u00e4ynnille. Varauksista vastaa WLK Marketing. Esittelytilan valaistusratkaisu Esittelytilassamme ja toimitiloissamme on dynaaminen valaistus, joka perustuu uusimpaan LED-tekniikkaan ja jota ohjataan Tridonicin ohjausj\u00e4rjestelmill\u00e4 ja k\u00e4ytt\u00f6laitteilla. Esittelytilassa ja my\u00f6s osassa toimitiloja on k\u00e4yt\u00f6ss\u00e4 Tunable White -j\u00e4rjestelm\u00e4, joka mahdollistaa LED-moduulin v\u00e4ril\u00e4mp\u00f6tilan muuttamisen [&hellip;]","og_url":"https:\/\/content.wlk.eu\/fi\/tietoa_wlk\/tukholman_esittelytila\/","og_site_name":"Wennerstr\u00f6m Ljuskontroll","article_modified_time":"2018-06-18T12:58:24+00:00","twitter_card":"summary_large_image","twitter_misc":{"Arvioitu lukuaika":"1 minuutti"},"schema":{"@context":"https:\/\/schema.org","@graph":[{"@type":"WebPage","@id":"https:\/\/content.wlk.eu\/fi\/tietoa_wlk\/tukholman_esittelytila\/","url":"https:\/\/content.wlk.eu\/fi\/tietoa_wlk\/tukholman_esittelytila\/","name":"Tukholman esittelytila - Wennerstr\u00f6m Ljuskontroll","isPartOf":{"@id":"https:\/\/content.wlk.eu\/fi\/#website"},"datePublished":"2016-09-26T08:59:57+00:00","dateModified":"2018-06-18T12:58:24+00:00","breadcrumb":{"@id":"https:\/\/content.wlk.eu\/fi\/tietoa_wlk\/tukholman_esittelytila\/#breadcrumb"},"inLanguage":"fi","potentialAction":[{"@type":"ReadAction","target":["https:\/\/content.wlk.eu\/fi\/tietoa_wlk\/tukholman_esittelytila\/"]}]},{"@type":"BreadcrumbList","@id":"https:\/\/content.wlk.eu\/fi\/tietoa_wlk\/tukholman_esittelytila\/#breadcrumb","itemListElement":[{"@type":"ListItem","position":1,"name":"Hem","item":"https:\/\/content.wlk.eu\/fi\/"},{"@type":"ListItem","position":2,"name":"Tietoa WLK","item":"https:\/\/content.wlk.eu\/fi\/tietoa_wlk\/"},{"@type":"ListItem","position":3,"name":"Tukholman esittelytila"}]},{"@type":"WebSite","@id":"https:\/\/content.wlk.eu\/fi\/#website","url":"https:\/\/content.wlk.eu\/fi\/","name":"Wennerstr\u00f6m Ljuskontroll","description":"","potentialAction":[{"@type":"SearchAction","target":{"@type":"EntryPoint","urlTemplate":"https:\/\/content.wlk.eu\/fi\/?s={search_term_string}"},"query-input":{"@type":"PropertyValueSpecification","valueRequired":true,"valueName":"search_term_string"}}],"inLanguage":"fi"}]}},"_links":{"self":[{"href":"https:\/\/content.wlk.eu\/fi\/wp-json\/wp\/v2\/pages\/558","targetHints":{"allow":["GET"]}}],"collection":[{"href":"https:\/\/content.wlk.eu\/fi\/wp-json\/wp\/v2\/pages"}],"about":[{"href":"https:\/\/content.wlk.eu\/fi\/wp-json\/wp\/v2\/types\/page"}],"author":[{"embeddable":true,"href":"https:\/\/content.wlk.eu\/fi\/wp-json\/wp\/v2\/users\/2"}],"replies":[{"embeddable":true,"href":"https:\/\/content.wlk.eu\/fi\/wp-json\/wp\/v2\/comments?post=558"}],"version-history":[{"count":10,"href":"https:\/\/content.wlk.eu\/fi\/wp-json\/wp\/v2\/pages\/558\/revisions"}],"predecessor-version":[{"id":813,"href":"https:\/\/content.wlk.eu\/fi\/wp-json\/wp\/v2\/pages\/558\/revisions\/813"}],"up":[{"embeddable":true,"href":"https:\/\/content.wlk.eu\/fi\/wp-json\/wp\/v2\/pages\/521"}],"wp:attachment":[{"href":"https:\/\/content.wlk.eu\/fi\/wp-json\/wp\/v2\/media?parent=558"}],"curies":[{"name":"wp","href":"https:\/\/api.w.org\/{rel}","templated":true}]}}