{"id":572,"date":"2016-09-26T11:58:29","date_gmt":"2016-09-26T09:58:29","guid":{"rendered":"https:\/\/content.wlk.eu\/fi\/?page_id=572"},"modified":"2025-01-02T11:55:07","modified_gmt":"2025-01-02T10:55:07","slug":"tuotemerkkimme","status":"publish","type":"page","link":"https:\/\/content.wlk.eu\/fi\/tuotemerkkimme\/","title":{"rendered":"Tuotemerkkimme"},"content":{"rendered":"\n<h2 class=\"wp-block-heading\">&nbsp;<img decoding=\"async\" class=\"wp-image-559\" style=\"width: 300px\" src=\"https:\/\/content.wlk.eu\/wp-content\/uploads\/2016\/10\/Tridonic_4c_purpleblue-e1475498276300.png\" alt=\"Tridonic logo\"><\/h2>\n\n\n\n<h3 class=\"wp-block-heading\">Tridonic Suomi<\/h3>\n\n\n\n<p>Tridonic toimittaa valaistusratkaisut ammattilaisvalaistukseen sek\u00e4 kehitt\u00e4\u00e4 ja valmistaa LED-moduuleja ja liit\u00e4nt\u00e4laitteita useimpiin valonl\u00e4hteisiin, h\u00e4t\u00e4valoyksik\u00f6ihin sek\u00e4 digitaalisiin valaistuksen ohjausj\u00e4rjestelmiin. Tavoitteena on tarjota parhaat tuotteet panostaen korkeaan laatuun, hyv\u00e4\u00e4n toimitusvarmuuteen sek\u00e4 kohteliaaseen ja osaavaan asiakaspalveluun ja tekniseen tukeen. Lis\u00e4ksi toimimme aktiivisesti asiakkaidemme kanssa ja annamme heille tietoa tuotteistamme kutsumalla heit\u00e4 seminaareihin ja vierailuille.<br><a href=\"https:\/\/www.wlk.eu\/fi\/Valikko\/Foretaget\/Tuotemerkkimme\/Tuotemerkkimme\/Tridonic\">Lue lis\u00e4\u00e4 Tridonic Suomi<\/a><\/p>\n\n\n\n<hr class=\"wp-block-separator has-alpha-channel-opacity\" \/>\n\n\n\n<p><img loading=\"lazy\" decoding=\"async\" width=\"250\" height=\"37\" class=\"wp-image-358\" style=\"width: 250px\" src=\"https:\/\/content.wlk.eu\/wp-content\/uploads\/2016\/06\/Welight-logo-new_250px-1.jpg\" alt=\"Welight logo\"><\/p>\n\n\n\n<h3 class=\"wp-block-heading\">Welight<\/h3>\n\n\n\n<p>welight on puhdasverinen tuotekehitysyhti\u00f6, joka kehitt\u00e4\u00e4 ja valmistaa LED-moduuleja LEDtape-nimell\u00e4 ja niihin liittyvi\u00e4 komponentteja ammattik\u00e4ytt\u00f6\u00f6n. LEDtape on korkealaatuinen LED-teippi valkoiselle valolle ja RGB-v\u00e4reille, ja sit\u00e4 voidaan k\u00e4ytt\u00e4\u00e4 useissa eri kohteissa. Teippi voidaan tilata erillisen\u00e4 rullana tai valmiiksi asiakkaan toiveiden mukaiseen profiilij\u00e4rjestelm\u00e4\u00e4n asennettuna.\u00a0Muita Welight-tuotteita ovat LED-k\u00e4ytt\u00f6laite, kiertohimmennin, LEDengine-valonl\u00e4hteet ja LED line slim -profiilit.<br>Welight REFIT -nimell\u00e4 myymme korvaavia loistelamppuja.<br><a href=\"https:\/\/www.wlk.eu\/fi\/Valikko\/Foretaget\/Tuotemerkkimme\/Tuotemerkkimme\/welight\">Lue lis\u00e4\u00e4 Welight-tuotemerkist\u00e4 ja eri tuotesarjoista<\/a><\/p>\n\n\n\n<hr class=\"wp-block-separator has-alpha-channel-opacity\" \/>\n\n\n\n<p><img loading=\"lazy\" decoding=\"async\" width=\"245\" height=\"48\" class=\"wp-image-53\" style=\"width: 150px\" src=\"https:\/\/content.wlk.eu\/wp-content\/uploads\/2015\/09\/lumitech_logo-1.png\" alt=\"Lumitech logo\"><\/p>\n\n\n\n<h3 class=\"wp-block-heading\">LUMITECH<\/h3>\n\n\n\n<p>LUMITECHILLA on laaja asiantuntemus LED-tekniikasta. Se perustettiin vuonna 1997 Jennersdorfissa It\u00e4vallassa Grazin teknisen yliopiston \u201dspinoff\u201d-yrityksen\u00e4. Tavoitteena oli toimittaa kest\u00e4v\u00e4\u00e4 huomisp\u00e4iv\u00e4n valaistustekniikkaa. Vuonna 2007 LUMITECH palkittiin it\u00e4valtalaisella \u201dStaatspreis\u201d-palkinnolla innovaatiosta PI LED\u00ae-tekniikan kehityksess\u00e4.<\/p>\n\n\n\n<p>LUMITECH tarjoaa LED-j\u00e4rjestelm\u00e4t yleisvalaistukseen, jotka perustuvat p\u00e4\u00e4asiassa PI LED\u00ae-tekniikkaan. Tekniikka on eritt\u00e4in tehokas, takaa hyv\u00e4n v\u00e4ritoiston ja mahdollistaa s\u00e4\u00e4dett\u00e4v\u00e4n v\u00e4ril\u00e4mp\u00f6tilan yhdest\u00e4 ja samasta LED-valonl\u00e4hteest\u00e4. Marraskuussa 2012 Tridonic luovutti Lumitechille vastuun lineaarisista LED-ratkaisuista kauppojen pakastealtaisiin, kylm\u00e4kaappeihin ja elintarviketiskeihin sek\u00e4 kaikentyyppisten elintarvikkeiden hyllyvalaistuksiin sis\u00e4lt\u00e4en linssit, profiilit ja muut tarvikkeet. Jotta esimerkiksi kala, liha ja maitotuotteet voitaisiin esitell\u00e4 tehokkaasti, ovat v\u00e4ritoisto, v\u00e4ril\u00e4mp\u00f6tila ja v\u00e4rispektri erityisen t\u00e4rkeit\u00e4. Elintarvikkeiden valaiseminen oikeantyyppisell\u00e4 LED-valonl\u00e4hteell\u00e4 voi lis\u00e4t\u00e4 sek\u00e4 tuotteiden vieh\u00e4tysvoimaa ett\u00e4 kestoik\u00e4\u00e4, mill\u00e4 on my\u00f6nteinen vaikutus itse myyntiin. Lumitechin LED-ratkaisut ovat joustavia ja ne voidaan mukauttaa t\u00e4ytt\u00e4m\u00e4\u00e4n eri tuotteiden ja myym\u00e4l\u00f6iden yksil\u00f6lliset valaistusvaatimukset.<br><a href=\"http:\/\/www.lumitech.at\/\" target=\"_blank\" rel=\"noreferrer noopener\">Lue lis\u00e4\u00e4<\/a><\/p>\n\n\n\n<hr class=\"wp-block-separator has-alpha-channel-opacity\" \/>\n\n\n\n<p><img loading=\"lazy\" decoding=\"async\" width=\"235\" height=\"17\" class=\"wp-image-51\" style=\"width: 300px\" src=\"https:\/\/content.wlk.eu\/wp-content\/uploads\/2015\/09\/logo_black-1.png\" alt=\"Feno logo\"><\/p>\n\n\n\n<h3 class=\"wp-block-heading\">feno<\/h3>\n\n\n\n<p>feno kehitt\u00e4\u00e4 LED-moduuleja eri tarpeisiin. Esimerkiksi \u201dspot 1630 LED engine\u201d, joka on t\u00e4ydellinen MR16-yhteensopiva LED-valonl\u00e4hde sis\u00e4lt\u00e4en j\u00e4\u00e4hdytyslevyn sek\u00e4 lineaariset \u201dLED-Line 0007 DMX 24\u201d LED-moduulit, jotka on helppo koota isoiksi j\u00e4rjestelmiksi esimerkiksi julkisivuvalaistusta tai 3D-visualisointia varten.<br>LED-osaaminen ja yrityksen huippuosaaminen eri ohjausprotokollien v\u00e4lisest\u00e4 signaalink\u00e4sittelyst\u00e4 sek\u00e4 lukuisat kehittyneet tuotteet takaavat, ett\u00e4 feno pystyy t\u00e4ytt\u00e4m\u00e4\u00e4n asiakkaiden erikoisvaatimukset. Yrityksen valikoimassa on runsaasti erikoistuotteita valaistuksen ammattimaiseen ohjaukseen sek\u00e4 \u00e4lykk\u00e4it\u00e4 ja yksinkertaisia ratkaisuja DSI, DALI &amp; DMX-ohjaukseen ja yhdysk\u00e4yt\u00e4viin.<\/p>\n\n\n\n<p>fenon tavoitteena on toimia l\u00e4hell\u00e4 arkkitehteja ja valosuunnittelijoita innovatiivisten valaistusratkaisujen luomiseksi, jossa moderni valotekniikka ja valosuunnittelutaide ovat t\u00e4ydellisess\u00e4 tasapainossa.<br><a href=\"https:\/\/www.feno.com\/en\" target=\"_blank\" rel=\"noreferrer noopener\">Lue lis\u00e4\u00e4<\/a><\/p>\n\n\n\n<hr class=\"wp-block-separator has-alpha-channel-opacity\" \/>\n\n\n\n<h2 class=\"wp-block-heading\"><a href=\"http:\/\/www.bjb.com\/\"><\/a><\/h2>\n\n\n\n<p><img loading=\"lazy\" decoding=\"async\" width=\"180\" height=\"43\" class=\"wp-image-50\" style=\"width: 150px\" src=\"https:\/\/content.wlk.eu\/wp-content\/uploads\/2015\/09\/LEDON_Logo_mylight_s_rgb-1.jpg\" alt=\"Ledon logo\"><\/p>\n\n\n\n<h3 class=\"wp-block-heading\">LEDON<\/h3>\n\n\n\n<p>LEDONIN LED-lamput on kehitetty korvauslampuiksi ja varustettu uusimmalla tekniikalla, mutta niiden muoto on sama kuin perinteisiss\u00e4 lampuissa. LED-lamput antavat eritt\u00e4in hyv\u00e4n ja korkealaatuisen valkoisen valon l\u00e4mpimin\u00e4 v\u00e4ril\u00e4mp\u00f6tiloina aina 2500K:hon saakka. Lis\u00e4ksi ne ovat eritt\u00e4in tehokkaita. LEDON lampin LED-valot s\u00e4\u00e4st\u00e4v\u00e4t energiaa jopa 85 %.<\/p>\n\n\n\n<p>Valo ei ole vain valoa. Laadussa ja m\u00e4\u00e4r\u00e4ss\u00e4 on suuria eroja, vaikka valo molemmissa tapauksissa on per\u00e4isin LED-valonl\u00e4hteist\u00e4. LEDONIN LED-valot erottuvat muista tuotteista seuraavilla alueilla:<\/p>\n\n\n\n<ul class=\"wp-block-list\">\n<li>Valon laatu<\/li>\n\n\n\n<li>Energiatehokkuus<\/li>\n\n\n\n<li>K\u00e4ytt\u00f6ik\u00e4 \u2013 pitk\u00e4t vaihtov\u00e4lit<\/li>\n\n\n\n<li>Monipuolisuus<\/li>\n\n\n\n<li>Luotettavuus<\/li>\n<\/ul>\n\n\n\n<p><a href=\"https:\/\/www.ledon.at\/\" target=\"_blank\" rel=\"noreferrer noopener\">Lue lis\u00e4\u00e4<\/a><\/p>\n\n\n\n<hr class=\"wp-block-separator has-alpha-channel-opacity\" \/>\n\n\n\n<h2 class=\"wp-block-heading\"><img loading=\"lazy\" decoding=\"async\" src=\"https:\/\/content.wlk.eu\/wp-content\/uploads\/2015\/09\/logo_bticino_home-1.png\" alt=\"bticino logo\" width=\"181\" height=\"39\"><\/h2>\n\n\n\n<h3 class=\"wp-block-heading\">BTicino<\/h3>\n\n\n\n<p>Bassani-veljekset perustivat BTicinon vuonna 1936 Pohjois-Italiassa. Painopiste on aina ollut kodin elektronisissa komponenteissa sek\u00e4 ainutlaatuisesti muotoilluissa ratkaisuissa kotik\u00e4ytt\u00f6\u00f6n. Yritys on kehitt\u00e4nyt erilaisia ja erityylisi\u00e4 kalustesarjoja. Living Now mahdollistaa kytkinten yksil\u00f6llisen suunnittelun ja haluamasi yhdistelm\u00e4t.<br><a href=\"https:\/\/www.wlk.eu\/fi\/Valikko\/Foretaget\/Mediapankki\/Instructions_Living_Now\">Lue lis\u00e4\u00e4 Living Now<\/a><\/p>\n\n\n\n<p>BTicino tarjoaa lis\u00e4ksi t\u00e4ydellisen valikoiman tuotteita ja j\u00e4rjestelm\u00e4ratkaisuja koteihin ovipuhelimien, valaistuksen, ilmanvaihdon, l\u00e4mp\u00f6tilan, kuvan ja \u00e4\u00e4nen jne. ohjaamiseen. \u201dMY HOME\u201d mahdollistaa ainutlaatuisten \u00e4lykk\u00e4iden kotien suunnittelun.<br><a href=\"https:\/\/www.bticino.com\/\" target=\"_blank\" rel=\"noreferrer noopener\">Lue lis\u00e4\u00e4<\/a><\/p>\n","protected":false},"excerpt":{"rendered":"<p>&nbsp; Tridonic Suomi Tridonic toimittaa valaistusratkaisut ammattilaisvalaistukseen sek\u00e4 kehitt\u00e4\u00e4 ja valmistaa LED-moduuleja ja liit\u00e4nt\u00e4laitteita useimpiin valonl\u00e4hteisiin, h\u00e4t\u00e4valoyksik\u00f6ihin sek\u00e4 digitaalisiin valaistuksen ohjausj\u00e4rjestelmiin. Tavoitteena on tarjota parhaat tuotteet panostaen korkeaan laatuun, hyv\u00e4\u00e4n toimitusvarmuuteen sek\u00e4 kohteliaaseen ja osaavaan asiakaspalveluun ja tekniseen tukeen. Lis\u00e4ksi toimimme aktiivisesti asiakkaidemme kanssa ja annamme heille tietoa tuotteistamme kutsumalla heit\u00e4 seminaareihin ja vierailuille.Lue lis\u00e4\u00e4 [&hellip;]<\/p>\n","protected":false},"author":2,"featured_media":0,"parent":0,"menu_order":2,"comment_status":"closed","ping_status":"closed","template":"","meta":{"_acf_changed":false,"footnotes":""},"class_list":["post-572","page","type-page","status-publish","hentry"],"acf":[],"yoast_head":"<!-- This site is optimized with the Yoast SEO plugin v25.3.1 - https:\/\/yoast.com\/wordpress\/plugins\/seo\/ -->\n<title>Tuotemerkkimme - Wennerstr\u00f6m Ljuskontroll<\/title>\n<meta name=\"robots\" content=\"index, follow, max-snippet:-1, max-image-preview:large, max-video-preview:-1\" \/>\n<link rel=\"canonical\" href=\"https:\/\/content.wlk.eu\/fi\/tuotemerkkimme\/\" \/>\n<meta property=\"og:locale\" content=\"fi_FI\" \/>\n<meta property=\"og:type\" content=\"article\" \/>\n<meta property=\"og:title\" content=\"Tuotemerkkimme - Wennerstr\u00f6m Ljuskontroll\" \/>\n<meta property=\"og:description\" content=\"&nbsp; Tridonic Suomi Tridonic toimittaa valaistusratkaisut ammattilaisvalaistukseen sek\u00e4 kehitt\u00e4\u00e4 ja valmistaa LED-moduuleja ja liit\u00e4nt\u00e4laitteita useimpiin valonl\u00e4hteisiin, h\u00e4t\u00e4valoyksik\u00f6ihin sek\u00e4 digitaalisiin valaistuksen ohjausj\u00e4rjestelmiin. Tavoitteena on tarjota parhaat tuotteet panostaen korkeaan laatuun, hyv\u00e4\u00e4n toimitusvarmuuteen sek\u00e4 kohteliaaseen ja osaavaan asiakaspalveluun ja tekniseen tukeen. Lis\u00e4ksi toimimme aktiivisesti asiakkaidemme kanssa ja annamme heille tietoa tuotteistamme kutsumalla heit\u00e4 seminaareihin ja vierailuille.Lue lis\u00e4\u00e4 [&hellip;]\" \/>\n<meta property=\"og:url\" content=\"https:\/\/content.wlk.eu\/fi\/tuotemerkkimme\/\" \/>\n<meta property=\"og:site_name\" content=\"Wennerstr\u00f6m Ljuskontroll\" \/>\n<meta property=\"article:modified_time\" content=\"2025-01-02T10:55:07+00:00\" \/>\n<meta property=\"og:image\" content=\"https:\/\/content.wlk.eu\/wp-content\/uploads\/2016\/10\/Tridonic_4c_purpleblue-e1475498276300.png\" \/>\n<meta name=\"twitter:card\" content=\"summary_large_image\" \/>\n<meta name=\"twitter:label1\" content=\"Arvioitu lukuaika\" \/>\n\t<meta name=\"twitter:data1\" content=\"3 minuuttia\" \/>\n<script type=\"application\/ld+json\" class=\"yoast-schema-graph\">{\"@context\":\"https:\/\/schema.org\",\"@graph\":[{\"@type\":\"WebPage\",\"@id\":\"https:\/\/content.wlk.eu\/fi\/tuotemerkkimme\/\",\"url\":\"https:\/\/content.wlk.eu\/fi\/tuotemerkkimme\/\",\"name\":\"Tuotemerkkimme - Wennerstr\u00f6m Ljuskontroll\",\"isPartOf\":{\"@id\":\"https:\/\/content.wlk.eu\/fi\/#website\"},\"primaryImageOfPage\":{\"@id\":\"https:\/\/content.wlk.eu\/fi\/tuotemerkkimme\/#primaryimage\"},\"image\":{\"@id\":\"https:\/\/content.wlk.eu\/fi\/tuotemerkkimme\/#primaryimage\"},\"thumbnailUrl\":\"https:\/\/content.wlk.eu\/wp-content\/uploads\/2016\/10\/Tridonic_4c_purpleblue-e1475498276300.png\",\"datePublished\":\"2016-09-26T09:58:29+00:00\",\"dateModified\":\"2025-01-02T10:55:07+00:00\",\"breadcrumb\":{\"@id\":\"https:\/\/content.wlk.eu\/fi\/tuotemerkkimme\/#breadcrumb\"},\"inLanguage\":\"fi\",\"potentialAction\":[{\"@type\":\"ReadAction\",\"target\":[\"https:\/\/content.wlk.eu\/fi\/tuotemerkkimme\/\"]}]},{\"@type\":\"ImageObject\",\"inLanguage\":\"fi\",\"@id\":\"https:\/\/content.wlk.eu\/fi\/tuotemerkkimme\/#primaryimage\",\"url\":\"https:\/\/content.wlk.eu\/wp-content\/uploads\/2016\/10\/Tridonic_4c_purpleblue-e1475498276300.png\",\"contentUrl\":\"https:\/\/content.wlk.eu\/wp-content\/uploads\/2016\/10\/Tridonic_4c_purpleblue-e1475498276300.png\"},{\"@type\":\"BreadcrumbList\",\"@id\":\"https:\/\/content.wlk.eu\/fi\/tuotemerkkimme\/#breadcrumb\",\"itemListElement\":[{\"@type\":\"ListItem\",\"position\":1,\"name\":\"Hem\",\"item\":\"https:\/\/content.wlk.eu\/fi\/\"},{\"@type\":\"ListItem\",\"position\":2,\"name\":\"Tuotemerkkimme\"}]},{\"@type\":\"WebSite\",\"@id\":\"https:\/\/content.wlk.eu\/fi\/#website\",\"url\":\"https:\/\/content.wlk.eu\/fi\/\",\"name\":\"Wennerstr\u00f6m Ljuskontroll\",\"description\":\"\",\"potentialAction\":[{\"@type\":\"SearchAction\",\"target\":{\"@type\":\"EntryPoint\",\"urlTemplate\":\"https:\/\/content.wlk.eu\/fi\/?s={search_term_string}\"},\"query-input\":{\"@type\":\"PropertyValueSpecification\",\"valueRequired\":true,\"valueName\":\"search_term_string\"}}],\"inLanguage\":\"fi\"}]}<\/script>\n<!-- \/ Yoast SEO plugin. -->","yoast_head_json":{"title":"Tuotemerkkimme - Wennerstr\u00f6m Ljuskontroll","robots":{"index":"index","follow":"follow","max-snippet":"max-snippet:-1","max-image-preview":"max-image-preview:large","max-video-preview":"max-video-preview:-1"},"canonical":"https:\/\/content.wlk.eu\/fi\/tuotemerkkimme\/","og_locale":"fi_FI","og_type":"article","og_title":"Tuotemerkkimme - Wennerstr\u00f6m Ljuskontroll","og_description":"&nbsp; Tridonic Suomi Tridonic toimittaa valaistusratkaisut ammattilaisvalaistukseen sek\u00e4 kehitt\u00e4\u00e4 ja valmistaa LED-moduuleja ja liit\u00e4nt\u00e4laitteita useimpiin valonl\u00e4hteisiin, h\u00e4t\u00e4valoyksik\u00f6ihin sek\u00e4 digitaalisiin valaistuksen ohjausj\u00e4rjestelmiin. Tavoitteena on tarjota parhaat tuotteet panostaen korkeaan laatuun, hyv\u00e4\u00e4n toimitusvarmuuteen sek\u00e4 kohteliaaseen ja osaavaan asiakaspalveluun ja tekniseen tukeen. Lis\u00e4ksi toimimme aktiivisesti asiakkaidemme kanssa ja annamme heille tietoa tuotteistamme kutsumalla heit\u00e4 seminaareihin ja vierailuille.Lue lis\u00e4\u00e4 [&hellip;]","og_url":"https:\/\/content.wlk.eu\/fi\/tuotemerkkimme\/","og_site_name":"Wennerstr\u00f6m Ljuskontroll","article_modified_time":"2025-01-02T10:55:07+00:00","og_image":[{"url":"https:\/\/content.wlk.eu\/wp-content\/uploads\/2016\/10\/Tridonic_4c_purpleblue-e1475498276300.png","type":"","width":"","height":""}],"twitter_card":"summary_large_image","twitter_misc":{"Arvioitu lukuaika":"3 minuuttia"},"schema":{"@context":"https:\/\/schema.org","@graph":[{"@type":"WebPage","@id":"https:\/\/content.wlk.eu\/fi\/tuotemerkkimme\/","url":"https:\/\/content.wlk.eu\/fi\/tuotemerkkimme\/","name":"Tuotemerkkimme - Wennerstr\u00f6m Ljuskontroll","isPartOf":{"@id":"https:\/\/content.wlk.eu\/fi\/#website"},"primaryImageOfPage":{"@id":"https:\/\/content.wlk.eu\/fi\/tuotemerkkimme\/#primaryimage"},"image":{"@id":"https:\/\/content.wlk.eu\/fi\/tuotemerkkimme\/#primaryimage"},"thumbnailUrl":"https:\/\/content.wlk.eu\/wp-content\/uploads\/2016\/10\/Tridonic_4c_purpleblue-e1475498276300.png","datePublished":"2016-09-26T09:58:29+00:00","dateModified":"2025-01-02T10:55:07+00:00","breadcrumb":{"@id":"https:\/\/content.wlk.eu\/fi\/tuotemerkkimme\/#breadcrumb"},"inLanguage":"fi","potentialAction":[{"@type":"ReadAction","target":["https:\/\/content.wlk.eu\/fi\/tuotemerkkimme\/"]}]},{"@type":"ImageObject","inLanguage":"fi","@id":"https:\/\/content.wlk.eu\/fi\/tuotemerkkimme\/#primaryimage","url":"https:\/\/content.wlk.eu\/wp-content\/uploads\/2016\/10\/Tridonic_4c_purpleblue-e1475498276300.png","contentUrl":"https:\/\/content.wlk.eu\/wp-content\/uploads\/2016\/10\/Tridonic_4c_purpleblue-e1475498276300.png"},{"@type":"BreadcrumbList","@id":"https:\/\/content.wlk.eu\/fi\/tuotemerkkimme\/#breadcrumb","itemListElement":[{"@type":"ListItem","position":1,"name":"Hem","item":"https:\/\/content.wlk.eu\/fi\/"},{"@type":"ListItem","position":2,"name":"Tuotemerkkimme"}]},{"@type":"WebSite","@id":"https:\/\/content.wlk.eu\/fi\/#website","url":"https:\/\/content.wlk.eu\/fi\/","name":"Wennerstr\u00f6m Ljuskontroll","description":"","potentialAction":[{"@type":"SearchAction","target":{"@type":"EntryPoint","urlTemplate":"https:\/\/content.wlk.eu\/fi\/?s={search_term_string}"},"query-input":{"@type":"PropertyValueSpecification","valueRequired":true,"valueName":"search_term_string"}}],"inLanguage":"fi"}]}},"_links":{"self":[{"href":"https:\/\/content.wlk.eu\/fi\/wp-json\/wp\/v2\/pages\/572","targetHints":{"allow":["GET"]}}],"collection":[{"href":"https:\/\/content.wlk.eu\/fi\/wp-json\/wp\/v2\/pages"}],"about":[{"href":"https:\/\/content.wlk.eu\/fi\/wp-json\/wp\/v2\/types\/page"}],"author":[{"embeddable":true,"href":"https:\/\/content.wlk.eu\/fi\/wp-json\/wp\/v2\/users\/2"}],"replies":[{"embeddable":true,"href":"https:\/\/content.wlk.eu\/fi\/wp-json\/wp\/v2\/comments?post=572"}],"version-history":[{"count":24,"href":"https:\/\/content.wlk.eu\/fi\/wp-json\/wp\/v2\/pages\/572\/revisions"}],"predecessor-version":[{"id":1500,"href":"https:\/\/content.wlk.eu\/fi\/wp-json\/wp\/v2\/pages\/572\/revisions\/1500"}],"wp:attachment":[{"href":"https:\/\/content.wlk.eu\/fi\/wp-json\/wp\/v2\/media?parent=572"}],"curies":[{"name":"wp","href":"https:\/\/api.w.org\/{rel}","templated":true}]}}