{"id":628,"date":"2016-11-17T13:31:05","date_gmt":"2016-11-17T12:31:05","guid":{"rendered":"https:\/\/content.wlk.eu\/fi\/?page_id=628"},"modified":"2017-01-05T11:21:16","modified_gmt":"2017-01-05T10:21:16","slug":"feedback","status":"publish","type":"page","link":"https:\/\/content.wlk.eu\/fi\/feedback\/","title":{"rendered":"Feedback"},"content":{"rendered":"<p>Arvioimme kaikki seikat, jotka voivat auttaa meit\u00e4 kehitt\u00e4m\u00e4\u00e4n toimintaamme. Kirjoita palautteesi j\u00e4ljemp\u00e4n\u00e4 ja paina \u201dL\u00e4het\u00e4\u201d, jotta markkinointihenkil\u00f6st\u00f6mme saa mielipiteesi tietoonsa. Ilmoita nimesi ja s\u00e4hk\u00f6postiosoitteesi, jos haluat, ett\u00e4 sinuun voidaan ottaa yhteytt\u00e4. Muussa tapauksessa t\u00e4m\u00e4 lomake k\u00e4sitell\u00e4\u00e4n nimett\u00f6m\u00e4n\u00e4.<\/p>\n<noscript class=\"ninja-forms-noscript-message\">\n\tHuomautus: JavaScript vaaditaan t\u00e4t\u00e4 sis\u00e4lt\u00f6\u00e4 varten.<\/noscript>\n<div id=\"nf-form-2-cont\" class=\"nf-form-cont\" aria-live=\"polite\" aria-labelledby=\"nf-form-title-2\" aria-describedby=\"nf-form-errors-2\" role=\"form\">\n\n    <div class=\"nf-loading-spinner\"><\/div>\n\n<\/div>\n        <!-- That data is being printed as a workaround to page builders reordering the order of the scripts loaded-->\n        <script>var formDisplay=1;var nfForms=nfForms||[];var form=[];form.id='2';form.settings={\"objectType\":\"Form Setting\",\"editActive\":\"1\",\"title\":\"Feedback fr\\u00e5n kontaktsidan\",\"key\":\"\",\"created_at\":\"2016-09-27 13:35:38\",\"show_title\":\"0\",\"clear_complete\":\"1\",\"hide_complete\":\"1\",\"default_label_pos\":\"above\",\"wrapper_class\":\"\",\"element_class\":\"\",\"add_submit\":\"1\",\"logged_in\":\"\",\"not_logged_in_msg\":\"\",\"sub_limit_number\":\"\",\"sub_limit_msg\":\"\",\"calculations\":[],\"formContentData\":[\"feedback\",\"laehettaeae\"],\"_seq_num\":\"4\",\"currency\":\"\",\"ninjaForms\":\"Ninja-lomakkeet\",\"changeEmailErrorMsg\":\"Anna voimassa oleva s\\u00e4hk\\u00f6postiosoite!\",\"changeDateErrorMsg\":\"Please enter a valid date!\",\"confirmFieldErrorMsg\":\"N\\u00e4iden kenttien on t\\u00e4sm\\u00e4tt\\u00e4v\\u00e4!\",\"fieldNumberNumMinError\":\"Numero minimi virhe\",\"fieldNumberNumMaxError\":\"Numero maksimi virhe\",\"fieldNumberIncrementBy\":\"Lis\\u00e4\\u00e4 m\\u00e4\\u00e4r\\u00e4ll\\u00e4 \",\"fieldTextareaRTEInsertLink\":\"Lis\\u00e4\\u00e4 linkki\",\"fieldTextareaRTEInsertMedia\":\"Lis\\u00e4\\u00e4 media\",\"fieldTextareaRTESelectAFile\":\"Valitse tiedosto\",\"formErrorsCorrectErrors\":\"Korjaa virheet, ennen kuin l\\u00e4het\\u00e4t t\\u00e4m\\u00e4n lomakkeen.\",\"formHoneypot\":\"Jos n\\u00e4et t\\u00e4m\\u00e4n kent\\u00e4n, j\\u00e4t\\u00e4 se tyhj\\u00e4ksi.\",\"validateRequiredField\":\"T\\u00e4m\\u00e4 on pakollinen kentt\\u00e4.\",\"honeypotHoneypotError\":\"Honeypot-virhe\",\"fileUploadOldCodeFileUploadInProgress\":\"Tiedoston l\\u00e4hett\\u00e4minen menossa.\",\"fileUploadOldCodeFileUpload\":\"TIEDOSTON L\\u00c4HETT\\u00c4MINEN\",\"currencySymbol\":false,\"fieldsMarkedRequired\":\"T\\u00e4hdell\\u00e4 <span class=\\\"ninja-forms-req-symbol\\\">*<\\\/span> merkityt kent\\u00e4t ovat pakollisia\",\"thousands_sep\":\"&nbsp;\",\"decimal_point\":\",\",\"siteLocale\":\"fi\",\"dateFormat\":\"m\\\/d\\\/\\u00c5\",\"startOfWeek\":\"1\",\"of\":\" \\\/ \",\"previousMonth\":\"Previous Month\",\"nextMonth\":\"Next Month\",\"months\":[\"January\",\"February\",\"March\",\"April\",\"May\",\"June\",\"July\",\"August\",\"September\",\"October\",\"November\",\"December\"],\"monthsShort\":[\"Jan\",\"Feb\",\"Mar\",\"Apr\",\"May\",\"Jun\",\"Jul\",\"Aug\",\"Sep\",\"Oct\",\"Nov\",\"Dec\"],\"weekdays\":[\"Sunday\",\"Monday\",\"Tuesday\",\"Wednesday\",\"Thursday\",\"Friday\",\"Saturday\"],\"weekdaysShort\":[\"Sun\",\"Mon\",\"Tue\",\"Wed\",\"Thu\",\"Fri\",\"Sat\"],\"weekdaysMin\":[\"Su\",\"Mo\",\"Tu\",\"We\",\"Th\",\"Fr\",\"Sa\"],\"recaptchaConsentMissing\":\"reCaptcha validation couldn&#039;t load.\",\"recaptchaMissingCookie\":\"reCaptcha v3 validation couldn&#039;t load the cookie needed to submit the form.\",\"recaptchaConsentEvent\":\"Accept reCaptcha cookies before sending the form.\",\"embed_form\":\"\",\"currency_symbol\":\"\",\"beforeForm\":\"\",\"beforeFields\":\"\",\"afterFields\":\"\",\"afterForm\":\"\"};form.fields=[{\"objectType\":\"Field\",\"objectDomain\":\"fields\",\"order\":999,\"label\":\"Feedback\",\"key\":\"feedback\",\"type\":\"textarea\",\"created_at\":\"2016-09-27 13:35:38\",\"label_pos\":\"above\",\"input_limit_type\":\"characters\",\"input_limit_msg\":\"Tecken kvar\",\"id\":5,\"beforeField\":\"\",\"afterField\":\"\",\"value\":\"\",\"parentType\":\"textarea\",\"element_templates\":[\"textarea\",\"input\"],\"old_classname\":\"\",\"wrap_template\":\"wrap\"},{\"objectType\":\"Field\",\"objectDomain\":\"fields\",\"order\":9999,\"label\":\"L\\u00e4hett\\u00e4\\u00e4\",\"key\":\"laehettaeae\",\"type\":\"submit\",\"created_at\":\"2016-09-27 13:35:38\",\"processing_label\":\"Processing\",\"id\":6,\"beforeField\":\"\",\"afterField\":\"\",\"value\":\"\",\"label_pos\":\"above\",\"parentType\":\"textbox\",\"element_templates\":[\"submit\",\"button\",\"input\"],\"old_classname\":\"\",\"wrap_template\":\"wrap-no-label\"}];nfForms.push(form);<\/script>\n        ","protected":false},"excerpt":{"rendered":"<p>Arvioimme kaikki seikat, jotka voivat auttaa meit\u00e4 kehitt\u00e4m\u00e4\u00e4n toimintaamme. Kirjoita palautteesi j\u00e4ljemp\u00e4n\u00e4 ja paina \u201dL\u00e4het\u00e4\u201d, jotta markkinointihenkil\u00f6st\u00f6mme saa mielipiteesi tietoonsa. Ilmoita nimesi ja s\u00e4hk\u00f6postiosoitteesi, jos haluat, ett\u00e4 sinuun voidaan ottaa yhteytt\u00e4. Muussa tapauksessa t\u00e4m\u00e4 lomake k\u00e4sitell\u00e4\u00e4n nimett\u00f6m\u00e4n\u00e4. Huomautus: JavaScript vaaditaan t\u00e4t\u00e4 sis\u00e4lt\u00f6\u00e4 varten.<\/p>\n","protected":false},"author":1,"featured_media":0,"parent":0,"menu_order":0,"comment_status":"closed","ping_status":"closed","template":"template-form-blank.php","meta":{"_acf_changed":false,"footnotes":""},"class_list":["post-628","page","type-page","status-publish","hentry"],"acf":[],"yoast_head":"<!-- This site is optimized with the Yoast SEO plugin v25.3.1 - https:\/\/yoast.com\/wordpress\/plugins\/seo\/ -->\n<title>Feedback - Wennerstr\u00f6m Ljuskontroll<\/title>\n<meta name=\"robots\" content=\"index, follow, max-snippet:-1, max-image-preview:large, max-video-preview:-1\" \/>\n<link rel=\"canonical\" href=\"https:\/\/content.wlk.eu\/fi\/feedback\/\" \/>\n<meta property=\"og:locale\" content=\"fi_FI\" \/>\n<meta property=\"og:type\" content=\"article\" \/>\n<meta property=\"og:title\" content=\"Feedback - Wennerstr\u00f6m Ljuskontroll\" \/>\n<meta property=\"og:description\" content=\"Arvioimme kaikki seikat, jotka voivat auttaa meit\u00e4 kehitt\u00e4m\u00e4\u00e4n toimintaamme. Kirjoita palautteesi j\u00e4ljemp\u00e4n\u00e4 ja paina \u201dL\u00e4het\u00e4\u201d, jotta markkinointihenkil\u00f6st\u00f6mme saa mielipiteesi tietoonsa. Ilmoita nimesi ja s\u00e4hk\u00f6postiosoitteesi, jos haluat, ett\u00e4 sinuun voidaan ottaa yhteytt\u00e4. Muussa tapauksessa t\u00e4m\u00e4 lomake k\u00e4sitell\u00e4\u00e4n nimett\u00f6m\u00e4n\u00e4. Huomautus: JavaScript vaaditaan t\u00e4t\u00e4 sis\u00e4lt\u00f6\u00e4 varten.\" \/>\n<meta property=\"og:url\" content=\"https:\/\/content.wlk.eu\/fi\/feedback\/\" \/>\n<meta property=\"og:site_name\" content=\"Wennerstr\u00f6m Ljuskontroll\" \/>\n<meta property=\"article:modified_time\" content=\"2017-01-05T10:21:16+00:00\" \/>\n<meta name=\"twitter:card\" content=\"summary_large_image\" \/>\n<script type=\"application\/ld+json\" class=\"yoast-schema-graph\">{\"@context\":\"https:\/\/schema.org\",\"@graph\":[{\"@type\":\"WebPage\",\"@id\":\"https:\/\/content.wlk.eu\/fi\/feedback\/\",\"url\":\"https:\/\/content.wlk.eu\/fi\/feedback\/\",\"name\":\"Feedback - Wennerstr\u00f6m Ljuskontroll\",\"isPartOf\":{\"@id\":\"https:\/\/content.wlk.eu\/fi\/#website\"},\"datePublished\":\"2016-11-17T12:31:05+00:00\",\"dateModified\":\"2017-01-05T10:21:16+00:00\",\"breadcrumb\":{\"@id\":\"https:\/\/content.wlk.eu\/fi\/feedback\/#breadcrumb\"},\"inLanguage\":\"fi\",\"potentialAction\":[{\"@type\":\"ReadAction\",\"target\":[\"https:\/\/content.wlk.eu\/fi\/feedback\/\"]}]},{\"@type\":\"BreadcrumbList\",\"@id\":\"https:\/\/content.wlk.eu\/fi\/feedback\/#breadcrumb\",\"itemListElement\":[{\"@type\":\"ListItem\",\"position\":1,\"name\":\"Hem\",\"item\":\"https:\/\/content.wlk.eu\/fi\/\"},{\"@type\":\"ListItem\",\"position\":2,\"name\":\"Feedback\"}]},{\"@type\":\"WebSite\",\"@id\":\"https:\/\/content.wlk.eu\/fi\/#website\",\"url\":\"https:\/\/content.wlk.eu\/fi\/\",\"name\":\"Wennerstr\u00f6m Ljuskontroll\",\"description\":\"\",\"potentialAction\":[{\"@type\":\"SearchAction\",\"target\":{\"@type\":\"EntryPoint\",\"urlTemplate\":\"https:\/\/content.wlk.eu\/fi\/?s={search_term_string}\"},\"query-input\":{\"@type\":\"PropertyValueSpecification\",\"valueRequired\":true,\"valueName\":\"search_term_string\"}}],\"inLanguage\":\"fi\"}]}<\/script>\n<!-- \/ Yoast SEO plugin. -->","yoast_head_json":{"title":"Feedback - Wennerstr\u00f6m Ljuskontroll","robots":{"index":"index","follow":"follow","max-snippet":"max-snippet:-1","max-image-preview":"max-image-preview:large","max-video-preview":"max-video-preview:-1"},"canonical":"https:\/\/content.wlk.eu\/fi\/feedback\/","og_locale":"fi_FI","og_type":"article","og_title":"Feedback - Wennerstr\u00f6m Ljuskontroll","og_description":"Arvioimme kaikki seikat, jotka voivat auttaa meit\u00e4 kehitt\u00e4m\u00e4\u00e4n toimintaamme. Kirjoita palautteesi j\u00e4ljemp\u00e4n\u00e4 ja paina \u201dL\u00e4het\u00e4\u201d, jotta markkinointihenkil\u00f6st\u00f6mme saa mielipiteesi tietoonsa. Ilmoita nimesi ja s\u00e4hk\u00f6postiosoitteesi, jos haluat, ett\u00e4 sinuun voidaan ottaa yhteytt\u00e4. Muussa tapauksessa t\u00e4m\u00e4 lomake k\u00e4sitell\u00e4\u00e4n nimett\u00f6m\u00e4n\u00e4. Huomautus: JavaScript vaaditaan t\u00e4t\u00e4 sis\u00e4lt\u00f6\u00e4 varten.","og_url":"https:\/\/content.wlk.eu\/fi\/feedback\/","og_site_name":"Wennerstr\u00f6m Ljuskontroll","article_modified_time":"2017-01-05T10:21:16+00:00","twitter_card":"summary_large_image","schema":{"@context":"https:\/\/schema.org","@graph":[{"@type":"WebPage","@id":"https:\/\/content.wlk.eu\/fi\/feedback\/","url":"https:\/\/content.wlk.eu\/fi\/feedback\/","name":"Feedback - Wennerstr\u00f6m Ljuskontroll","isPartOf":{"@id":"https:\/\/content.wlk.eu\/fi\/#website"},"datePublished":"2016-11-17T12:31:05+00:00","dateModified":"2017-01-05T10:21:16+00:00","breadcrumb":{"@id":"https:\/\/content.wlk.eu\/fi\/feedback\/#breadcrumb"},"inLanguage":"fi","potentialAction":[{"@type":"ReadAction","target":["https:\/\/content.wlk.eu\/fi\/feedback\/"]}]},{"@type":"BreadcrumbList","@id":"https:\/\/content.wlk.eu\/fi\/feedback\/#breadcrumb","itemListElement":[{"@type":"ListItem","position":1,"name":"Hem","item":"https:\/\/content.wlk.eu\/fi\/"},{"@type":"ListItem","position":2,"name":"Feedback"}]},{"@type":"WebSite","@id":"https:\/\/content.wlk.eu\/fi\/#website","url":"https:\/\/content.wlk.eu\/fi\/","name":"Wennerstr\u00f6m Ljuskontroll","description":"","potentialAction":[{"@type":"SearchAction","target":{"@type":"EntryPoint","urlTemplate":"https:\/\/content.wlk.eu\/fi\/?s={search_term_string}"},"query-input":{"@type":"PropertyValueSpecification","valueRequired":true,"valueName":"search_term_string"}}],"inLanguage":"fi"}]}},"_links":{"self":[{"href":"https:\/\/content.wlk.eu\/fi\/wp-json\/wp\/v2\/pages\/628","targetHints":{"allow":["GET"]}}],"collection":[{"href":"https:\/\/content.wlk.eu\/fi\/wp-json\/wp\/v2\/pages"}],"about":[{"href":"https:\/\/content.wlk.eu\/fi\/wp-json\/wp\/v2\/types\/page"}],"author":[{"embeddable":true,"href":"https:\/\/content.wlk.eu\/fi\/wp-json\/wp\/v2\/users\/1"}],"replies":[{"embeddable":true,"href":"https:\/\/content.wlk.eu\/fi\/wp-json\/wp\/v2\/comments?post=628"}],"version-history":[{"count":3,"href":"https:\/\/content.wlk.eu\/fi\/wp-json\/wp\/v2\/pages\/628\/revisions"}],"predecessor-version":[{"id":649,"href":"https:\/\/content.wlk.eu\/fi\/wp-json\/wp\/v2\/pages\/628\/revisions\/649"}],"wp:attachment":[{"href":"https:\/\/content.wlk.eu\/fi\/wp-json\/wp\/v2\/media?parent=628"}],"curies":[{"name":"wp","href":"https:\/\/api.w.org\/{rel}","templated":true}]}}