{"id":840,"date":"2018-06-19T13:34:12","date_gmt":"2018-06-19T11:34:12","guid":{"rendered":"https:\/\/content.wlk.eu\/fi\/?page_id=840"},"modified":"2024-04-10T15:16:50","modified_gmt":"2024-04-10T13:16:50","slug":"tridonic","status":"publish","type":"page","link":"https:\/\/content.wlk.eu\/fi\/tuotemerkkimme\/tridonic\/","title":{"rendered":"Tridonic Suomi"},"content":{"rendered":"<p>Tridonic on maailman johtava valaistustekniikan toimittaja, joka tarjoaa asiakkailleen alan parasta laatua, luotettavuutta ja energians\u00e4\u00e4st\u00f6\u00e4 \u00e4lykk\u00e4iden laitteisto- ja ohjelmistoratkaisujen avulla. Tridonic on innovatiivinen markkinajohtaja valaistuspohjaisen verkkotekniikan alalla ja kehitt\u00e4\u00e4 skaalautuvia, tulevaisuuteen t\u00e4hy\u00e4vi\u00e4 ratkaisuja. Ratkaisut ovat toimivia ja taloudellisia niin valaisinvalmistajille, rakennusty\u00f6njohtajille, j\u00e4rjestelm\u00e4integroijille, suunnittelijoille kuin erilaisille asiakkaillekin.<\/p>\n<h3><span class=\"HwtZe\" lang=\"fi\"><span class=\"jCAhz ChMk0b\"><span class=\"ryNqvb\">Tridonicin tuotealueet &#8211; Suomi<\/span><\/span> <\/span><\/h3>\n<p><span class=\"HwtZe\" lang=\"fi\"><span class=\"jCAhz ChMk0b\"><span class=\"ryNqvb\">Tuotealueita on useita, kuten LED-moduulit, taajuusmuuttajat ja ohjaus.<\/span><\/span> <span class=\"jCAhz ChMk0b\"><span class=\"ryNqvb\">Kaikki tuotteet on erityisesti suunniteltu luomaan yhdess\u00e4 \u00e4\u00e4rimm\u00e4isi\u00e4 valaistusratkaisuja.<\/span><\/span><\/span><\/p>\n<p><\/p>\n\n\n<div class=\"wp-block-columns is-layout-flex wp-container-core-columns-is-layout-9d6595d7 wp-block-columns-is-layout-flex\">\n<div class=\"wp-block-column is-layout-flow wp-block-column-is-layout-flow\" style=\"flex-basis:25%\">\n<figure class=\"wp-block-image is-resized is-style-default\"><a href=\"https:\/\/www.wlk.eu\/fi\/Aloitussivu\/LED-valonlahteita\"><img loading=\"lazy\" decoding=\"async\" src=\"https:\/\/www.wlk.eu\/images\/prod450\/lle_16x140mm_650lm_hv_adv5.jpg\" alt=\"LED-valonl\u00e4hteit\u00e4\" width=\"175\" height=\"175\" title=\"\" \/><\/a><figcaption class=\"wp-element-caption\"><a href=\"https:\/\/www.wlk.eu\/fi\/Aloitussivu\/LED-valonlahteita\">LED-valonl\u00e4hteit\u00e4<\/a><\/figcaption><\/figure>\n<\/div>\n\n\n\n<div class=\"wp-block-column is-layout-flow wp-block-column-is-layout-flow\" style=\"flex-basis:25%\">\n<figure class=\"wp-block-image is-resized\"><a href=\"https:\/\/www.wlk.eu\/fi\/Aloitussivu\/Liitantalaitteet\"><img loading=\"lazy\" decoding=\"async\" src=\"https:\/\/www.wlk.eu\/images\/prod450\/28000665.png\" alt=\"Liit\u00e4nt\u00e4laitteet\" width=\"175\" height=\"175\" title=\"\" \/><\/a><figcaption class=\"wp-element-caption\"><a href=\"https:\/\/www.wlk.eu\/fi\/Aloitussivu\/Liitantalaitteet\">Liit\u00e4nt\u00e4laitteet<\/a><\/figcaption><\/figure>\n<\/div>\n\n\n\n<div class=\"wp-block-column is-layout-flow wp-block-column-is-layout-flow\" style=\"flex-basis:25%\">\n<figure class=\"wp-block-image is-resized\"><a href=\"https:\/\/www.wlk.eu\/fi\/Aloitussivu\/Valaistuksen_ohjaus\"><img loading=\"lazy\" decoding=\"async\" src=\"https:\/\/www.wlk.eu\/images\/prod450\/scenecom_evo_da2.png\" alt=\"Valaistuksen Ohjaus\" width=\"175\" height=\"175\" title=\"\" \/><\/a><figcaption class=\"wp-element-caption\"><a href=\"https:\/\/www.wlk.eu\/fi\/Aloitussivu\/Valaistuksen_ohjaus\">Valaistuksen Ohjaus<\/a><\/figcaption><\/figure>\n<\/div>\n\n\n\n<div class=\"wp-block-column is-layout-flow wp-block-column-is-layout-flow\" style=\"flex-basis:25%\">\n<figure class=\"wp-block-image is-resized\"><a href=\"https:\/\/www.wlk.eu\/fi\/Aloitussivu\/Turvavalaistus\"><img loading=\"lazy\" decoding=\"async\" src=\"https:\/\/www.wlk.eu\/images\/prod450\/89800442.png\" alt=\"Turvavalaistus\" width=\"175\" height=\"175\" title=\"\" \/><\/a><figcaption class=\"wp-element-caption\"><a href=\"https:\/\/www.wlk.eu\/fi\/Aloitussivu\/Turvavalaistus\">Turvavalaistus<\/a><\/figcaption><\/figure>\n<\/div>\n<\/div>\n\n\n<p><\/p>\n<p>Tridonicilla on pitk\u00e4 kokemus teknologian kehityksest\u00e4 ja seuraavassa esittelemme muutamia t\u00e4rkeit\u00e4 virstanpylv\u00e4it\u00e4:<\/p>\n\n\n<ul class=\"wp-block-list\">\n<li>1956 \u2013 Magneettisten kuristimien kehityksen aloittaminen loisteputkiin<\/li>\n\n\n\n<li>1978 \u2013 Ensimm\u00e4isen elektronisen liit\u00e4nt\u00e4laitteen esittely loisteputkiin.<\/li>\n\n\n\n<li>1991 \u2013 Digitaalisesti himmennett\u00e4v\u00e4n liit\u00e4nt\u00e4laitteen esittely loisteputkiin, DSI \u2013 Digital Signal Interface.<\/li>\n\n\n\n<li>2001 \u2013 COB\u2013tekniikalla \u2013 Chip On Board varustettujen TALEXX LED-moduulien valmistuksen aloittaminen.<\/li>\n\n\n\n<li>2011 \u2013 V\u00e4ril\u00e4mp\u00f6tilaltaan s\u00e4\u00e4dett\u00e4v\u00e4n TALEXX LED -j\u00e4rjestelm\u00e4n esittely yleisvalaistukseen.<\/li>\n\n\n\n<li>2022 \u2013 Cradle to Cradle -periaatteen toteuttaminen osana yhti\u00f6n vastuullisuusohjelmaa. Kiertotalous, joka perustuu luonnon malliin<\/li>\n<\/ul>\n\n\n\n<p><a href=\"https:\/\/www.tridonic.com\/en\/int\/company\/about-tridonic\" target=\"_blank\" rel=\"noreferrer noopener\">Lue lis\u00e4\u00e4 Tridonicin Suomessa ostettavista tuotteista t\u00e4\u00e4lt\u00e4\u00e4<\/a><\/p>\n","protected":false},"excerpt":{"rendered":"<p>Tridonic on maailman johtava valaistustekniikan toimittaja, joka tarjoaa asiakkailleen alan parasta laatua, luotettavuutta ja energians\u00e4\u00e4st\u00f6\u00e4 \u00e4lykk\u00e4iden laitteisto- ja ohjelmistoratkaisujen avulla. Tridonic on innovatiivinen markkinajohtaja valaistuspohjaisen verkkotekniikan alalla ja kehitt\u00e4\u00e4 skaalautuvia, tulevaisuuteen t\u00e4hy\u00e4vi\u00e4 ratkaisuja. Ratkaisut ovat toimivia ja taloudellisia niin valaisinvalmistajille, rakennusty\u00f6njohtajille, j\u00e4rjestelm\u00e4integroijille, suunnittelijoille kuin erilaisille asiakkaillekin. Tridonicin tuotealueet &#8211; Suomi Tuotealueita on useita, kuten LED-moduulit, [&hellip;]<\/p>\n","protected":false},"author":3,"featured_media":0,"parent":572,"menu_order":0,"comment_status":"closed","ping_status":"closed","template":"","meta":{"_acf_changed":false,"footnotes":""},"class_list":["post-840","page","type-page","status-publish","hentry"],"acf":[],"yoast_head":"<!-- This site is optimized with the Yoast SEO plugin v25.3.1 - https:\/\/yoast.com\/wordpress\/plugins\/seo\/ -->\n<title>Tridonic Suomi - Wennerstr\u00f6m Ljuskontroll<\/title>\n<meta name=\"robots\" content=\"index, follow, max-snippet:-1, max-image-preview:large, max-video-preview:-1\" \/>\n<link rel=\"canonical\" href=\"https:\/\/content.wlk.eu\/fi\/tuotemerkkimme\/tridonic\/\" \/>\n<meta property=\"og:locale\" content=\"fi_FI\" \/>\n<meta property=\"og:type\" content=\"article\" \/>\n<meta property=\"og:title\" content=\"Tridonic Suomi - Wennerstr\u00f6m Ljuskontroll\" \/>\n<meta property=\"og:description\" content=\"Tridonic on maailman johtava valaistustekniikan toimittaja, joka tarjoaa asiakkailleen alan parasta laatua, luotettavuutta ja energians\u00e4\u00e4st\u00f6\u00e4 \u00e4lykk\u00e4iden laitteisto- ja ohjelmistoratkaisujen avulla. Tridonic on innovatiivinen markkinajohtaja valaistuspohjaisen verkkotekniikan alalla ja kehitt\u00e4\u00e4 skaalautuvia, tulevaisuuteen t\u00e4hy\u00e4vi\u00e4 ratkaisuja. Ratkaisut ovat toimivia ja taloudellisia niin valaisinvalmistajille, rakennusty\u00f6njohtajille, j\u00e4rjestelm\u00e4integroijille, suunnittelijoille kuin erilaisille asiakkaillekin. Tridonicin tuotealueet &#8211; Suomi Tuotealueita on useita, kuten LED-moduulit, [&hellip;]\" \/>\n<meta property=\"og:url\" content=\"https:\/\/content.wlk.eu\/fi\/tuotemerkkimme\/tridonic\/\" \/>\n<meta property=\"og:site_name\" content=\"Wennerstr\u00f6m Ljuskontroll\" \/>\n<meta property=\"article:modified_time\" content=\"2024-04-10T13:16:50+00:00\" \/>\n<meta property=\"og:image\" content=\"https:\/\/www.wlk.eu\/images\/prod450\/lle_16x140mm_650lm_hv_adv5.jpg\" \/>\n<meta name=\"twitter:card\" content=\"summary_large_image\" \/>\n<meta name=\"twitter:label1\" content=\"Arvioitu lukuaika\" \/>\n\t<meta name=\"twitter:data1\" content=\"1 minuutti\" \/>\n<script type=\"application\/ld+json\" class=\"yoast-schema-graph\">{\"@context\":\"https:\/\/schema.org\",\"@graph\":[{\"@type\":\"WebPage\",\"@id\":\"https:\/\/content.wlk.eu\/fi\/tuotemerkkimme\/tridonic\/\",\"url\":\"https:\/\/content.wlk.eu\/fi\/tuotemerkkimme\/tridonic\/\",\"name\":\"Tridonic Suomi - Wennerstr\u00f6m Ljuskontroll\",\"isPartOf\":{\"@id\":\"https:\/\/content.wlk.eu\/fi\/#website\"},\"primaryImageOfPage\":{\"@id\":\"https:\/\/content.wlk.eu\/fi\/tuotemerkkimme\/tridonic\/#primaryimage\"},\"image\":{\"@id\":\"https:\/\/content.wlk.eu\/fi\/tuotemerkkimme\/tridonic\/#primaryimage\"},\"thumbnailUrl\":\"https:\/\/www.wlk.eu\/images\/prod450\/lle_16x140mm_650lm_hv_adv5.jpg\",\"datePublished\":\"2018-06-19T11:34:12+00:00\",\"dateModified\":\"2024-04-10T13:16:50+00:00\",\"breadcrumb\":{\"@id\":\"https:\/\/content.wlk.eu\/fi\/tuotemerkkimme\/tridonic\/#breadcrumb\"},\"inLanguage\":\"fi\",\"potentialAction\":[{\"@type\":\"ReadAction\",\"target\":[\"https:\/\/content.wlk.eu\/fi\/tuotemerkkimme\/tridonic\/\"]}]},{\"@type\":\"ImageObject\",\"inLanguage\":\"fi\",\"@id\":\"https:\/\/content.wlk.eu\/fi\/tuotemerkkimme\/tridonic\/#primaryimage\",\"url\":\"https:\/\/www.wlk.eu\/images\/prod450\/lle_16x140mm_650lm_hv_adv5.jpg\",\"contentUrl\":\"https:\/\/www.wlk.eu\/images\/prod450\/lle_16x140mm_650lm_hv_adv5.jpg\"},{\"@type\":\"BreadcrumbList\",\"@id\":\"https:\/\/content.wlk.eu\/fi\/tuotemerkkimme\/tridonic\/#breadcrumb\",\"itemListElement\":[{\"@type\":\"ListItem\",\"position\":1,\"name\":\"Hem\",\"item\":\"https:\/\/content.wlk.eu\/fi\/\"},{\"@type\":\"ListItem\",\"position\":2,\"name\":\"Tuotemerkkimme\",\"item\":\"https:\/\/content.wlk.eu\/fi\/tuotemerkkimme\/\"},{\"@type\":\"ListItem\",\"position\":3,\"name\":\"Tridonic Suomi\"}]},{\"@type\":\"WebSite\",\"@id\":\"https:\/\/content.wlk.eu\/fi\/#website\",\"url\":\"https:\/\/content.wlk.eu\/fi\/\",\"name\":\"Wennerstr\u00f6m Ljuskontroll\",\"description\":\"\",\"potentialAction\":[{\"@type\":\"SearchAction\",\"target\":{\"@type\":\"EntryPoint\",\"urlTemplate\":\"https:\/\/content.wlk.eu\/fi\/?s={search_term_string}\"},\"query-input\":{\"@type\":\"PropertyValueSpecification\",\"valueRequired\":true,\"valueName\":\"search_term_string\"}}],\"inLanguage\":\"fi\"}]}<\/script>\n<!-- \/ Yoast SEO plugin. -->","yoast_head_json":{"title":"Tridonic Suomi - Wennerstr\u00f6m Ljuskontroll","robots":{"index":"index","follow":"follow","max-snippet":"max-snippet:-1","max-image-preview":"max-image-preview:large","max-video-preview":"max-video-preview:-1"},"canonical":"https:\/\/content.wlk.eu\/fi\/tuotemerkkimme\/tridonic\/","og_locale":"fi_FI","og_type":"article","og_title":"Tridonic Suomi - Wennerstr\u00f6m Ljuskontroll","og_description":"Tridonic on maailman johtava valaistustekniikan toimittaja, joka tarjoaa asiakkailleen alan parasta laatua, luotettavuutta ja energians\u00e4\u00e4st\u00f6\u00e4 \u00e4lykk\u00e4iden laitteisto- ja ohjelmistoratkaisujen avulla. Tridonic on innovatiivinen markkinajohtaja valaistuspohjaisen verkkotekniikan alalla ja kehitt\u00e4\u00e4 skaalautuvia, tulevaisuuteen t\u00e4hy\u00e4vi\u00e4 ratkaisuja. Ratkaisut ovat toimivia ja taloudellisia niin valaisinvalmistajille, rakennusty\u00f6njohtajille, j\u00e4rjestelm\u00e4integroijille, suunnittelijoille kuin erilaisille asiakkaillekin. Tridonicin tuotealueet &#8211; Suomi Tuotealueita on useita, kuten LED-moduulit, [&hellip;]","og_url":"https:\/\/content.wlk.eu\/fi\/tuotemerkkimme\/tridonic\/","og_site_name":"Wennerstr\u00f6m Ljuskontroll","article_modified_time":"2024-04-10T13:16:50+00:00","og_image":[{"url":"https:\/\/www.wlk.eu\/images\/prod450\/lle_16x140mm_650lm_hv_adv5.jpg","type":"","width":"","height":""}],"twitter_card":"summary_large_image","twitter_misc":{"Arvioitu lukuaika":"1 minuutti"},"schema":{"@context":"https:\/\/schema.org","@graph":[{"@type":"WebPage","@id":"https:\/\/content.wlk.eu\/fi\/tuotemerkkimme\/tridonic\/","url":"https:\/\/content.wlk.eu\/fi\/tuotemerkkimme\/tridonic\/","name":"Tridonic Suomi - Wennerstr\u00f6m Ljuskontroll","isPartOf":{"@id":"https:\/\/content.wlk.eu\/fi\/#website"},"primaryImageOfPage":{"@id":"https:\/\/content.wlk.eu\/fi\/tuotemerkkimme\/tridonic\/#primaryimage"},"image":{"@id":"https:\/\/content.wlk.eu\/fi\/tuotemerkkimme\/tridonic\/#primaryimage"},"thumbnailUrl":"https:\/\/www.wlk.eu\/images\/prod450\/lle_16x140mm_650lm_hv_adv5.jpg","datePublished":"2018-06-19T11:34:12+00:00","dateModified":"2024-04-10T13:16:50+00:00","breadcrumb":{"@id":"https:\/\/content.wlk.eu\/fi\/tuotemerkkimme\/tridonic\/#breadcrumb"},"inLanguage":"fi","potentialAction":[{"@type":"ReadAction","target":["https:\/\/content.wlk.eu\/fi\/tuotemerkkimme\/tridonic\/"]}]},{"@type":"ImageObject","inLanguage":"fi","@id":"https:\/\/content.wlk.eu\/fi\/tuotemerkkimme\/tridonic\/#primaryimage","url":"https:\/\/www.wlk.eu\/images\/prod450\/lle_16x140mm_650lm_hv_adv5.jpg","contentUrl":"https:\/\/www.wlk.eu\/images\/prod450\/lle_16x140mm_650lm_hv_adv5.jpg"},{"@type":"BreadcrumbList","@id":"https:\/\/content.wlk.eu\/fi\/tuotemerkkimme\/tridonic\/#breadcrumb","itemListElement":[{"@type":"ListItem","position":1,"name":"Hem","item":"https:\/\/content.wlk.eu\/fi\/"},{"@type":"ListItem","position":2,"name":"Tuotemerkkimme","item":"https:\/\/content.wlk.eu\/fi\/tuotemerkkimme\/"},{"@type":"ListItem","position":3,"name":"Tridonic Suomi"}]},{"@type":"WebSite","@id":"https:\/\/content.wlk.eu\/fi\/#website","url":"https:\/\/content.wlk.eu\/fi\/","name":"Wennerstr\u00f6m Ljuskontroll","description":"","potentialAction":[{"@type":"SearchAction","target":{"@type":"EntryPoint","urlTemplate":"https:\/\/content.wlk.eu\/fi\/?s={search_term_string}"},"query-input":{"@type":"PropertyValueSpecification","valueRequired":true,"valueName":"search_term_string"}}],"inLanguage":"fi"}]}},"_links":{"self":[{"href":"https:\/\/content.wlk.eu\/fi\/wp-json\/wp\/v2\/pages\/840","targetHints":{"allow":["GET"]}}],"collection":[{"href":"https:\/\/content.wlk.eu\/fi\/wp-json\/wp\/v2\/pages"}],"about":[{"href":"https:\/\/content.wlk.eu\/fi\/wp-json\/wp\/v2\/types\/page"}],"author":[{"embeddable":true,"href":"https:\/\/content.wlk.eu\/fi\/wp-json\/wp\/v2\/users\/3"}],"replies":[{"embeddable":true,"href":"https:\/\/content.wlk.eu\/fi\/wp-json\/wp\/v2\/comments?post=840"}],"version-history":[{"count":14,"href":"https:\/\/content.wlk.eu\/fi\/wp-json\/wp\/v2\/pages\/840\/revisions"}],"predecessor-version":[{"id":1436,"href":"https:\/\/content.wlk.eu\/fi\/wp-json\/wp\/v2\/pages\/840\/revisions\/1436"}],"up":[{"embeddable":true,"href":"https:\/\/content.wlk.eu\/fi\/wp-json\/wp\/v2\/pages\/572"}],"wp:attachment":[{"href":"https:\/\/content.wlk.eu\/fi\/wp-json\/wp\/v2\/media?parent=840"}],"curies":[{"name":"wp","href":"https:\/\/api.w.org\/{rel}","templated":true}]}}