{"id":34,"date":"2016-09-20T10:22:17","date_gmt":"2016-09-20T08:22:17","guid":{"rendered":"https:\/\/content.wlk.eu\/no\/?page_id=34"},"modified":"2023-09-15T10:41:31","modified_gmt":"2023-09-15T08:41:31","slug":"om_wlk","status":"publish","type":"page","link":"https:\/\/content.wlk.eu\/no\/om_wlk\/","title":{"rendered":"Om WLK"},"content":{"rendered":"<h2>Over 45 \u00e5r i lysets tjeneste<\/h2>\n<h2>Bakgrunn<\/h2>\n<p>Wennerstr\u00f6m Ljuskontroll AB \u2013 WLK ble grunnlagt allerede i 1970 som et handelsselskap under navnet Wennerstr\u00f6m &amp; Co. I dag, over 45 \u00e5r senere, er vi en teknologibedrift som har spesialisert oss p\u00e5 belysningskomponenter og systeml\u00f8sninger for styring og overv\u00e5kning. WLK har i dag 21 medarbeidere og bedriften har siden juli 2017 v\u00e6rt en del av <a href=\"http:\/\/www.indutrade.com\" target=\"_blank\" rel=\"noopener\">Indutrade AB<\/a>, som er et internasjonalt industrikonsern med fokus p\u00e5 salg av industriell teknologi. WLK inng\u00e5r i forretningsomr\u00e5det \u201dIndustrial Components\u201d, men fungerer som et selvstendig selskap med desentralisert eierskap.<\/p>\n<p><img loading=\"lazy\" decoding=\"async\" class=\"alignnone size-full wp-image-1389\" src=\"https:\/\/content.wlk.eu\/wp-content\/uploads\/2017\/02\/LinkedIn_Icon.gif\" alt=\"WLK LinkedIn\" width=\"32\" height=\"32\" \/> <a href=\"https:\/\/www.linkedin.com\/company\/wlk---wennerstr%C3%B6m-ljuskontroll-ab\/\" target=\"_blank\" rel=\"noopener\"><strong>F\u00f8lg WLK p\u00e5 LinkedIn<\/strong><\/a><\/p>\n<p>I <a href=\"https:\/\/www.sebroschyr.se\/WLK-uk\/WebView\/\" target=\"_blank\" rel=\"noopener\">brosjyren<\/a> kan du lese mer om WLK, belysningsl\u00f8sningene v\u00e5re og prosjekter som vi har v\u00e6rt involvert i.<\/p>\n<p><a href=\"https:\/\/www.wlk.eu\/images\/user\/WLK_company-brochure_2104.pdf\" target=\"_blank\" rel=\"noopener\"><img loading=\"lazy\" decoding=\"async\" class=\"alignnone wp-image-1085 size-medium\" src=\"https:\/\/content.wlk.eu\/no\/wp-content\/uploads\/sites\/4\/2021\/05\/frontpage-flip_EN_large-217x300.png\" alt=\"WLK company brochure\" width=\"217\" height=\"300\" srcset=\"https:\/\/content.wlk.eu\/no\/wp-content\/uploads\/sites\/4\/2021\/05\/frontpage-flip_EN_large-217x300.png 217w, https:\/\/content.wlk.eu\/no\/wp-content\/uploads\/sites\/4\/2021\/05\/frontpage-flip_EN_large.png 400w\" sizes=\"auto, (max-width: 217px) 100vw, 217px\" \/><\/a><\/p>\n<p><strong>Produkter &amp; salg<\/strong><\/p>\n<p>Vi er agent og distribut\u00f8r i Norden og Baltikum for Tridonic GmbH i \u00d8sterrike.<br \/>\nV\u00e5rt konsoliderte salg for Norden og Baltikum er over 300 MSEK for Tridonic. Vi er ogs\u00e5 distribut\u00f8r av artikler fra Welight, Lumitech, Bticino, Feno, Ledon og BJB. Les mer om\u00a0<a href=\"https:\/\/www.wlk.eu\/no\/Meny\/Foretaget\/Vare_varemerker\">v\u00e5re varemerker<\/a>.<\/p>\n<p>V\u00e5re kunder best\u00e5r i all hovedsak av produsenter av belysningsarmaturer, el-grossister, el-installat\u00f8rer, og eiendomsinnehavere. V\u00e5re l\u00f8sninger og produkter er ofte forespurt av landets ledende el-konsulenter og lysplanleggere.<br \/>\nFra v\u00e5re sju salgskontorer, og kombinert med det effektive distribusjonslageret v\u00e5rt i Rosersberg, kan vi raskt betjene kunder i Norden og Baltikum. WLK er medlem i bransjeorganisasjonen\u00a0Belysningsbranschen og deltar aktivt i debatten om milj\u00f8p\u00e5virkning og energieffektivisering. Vi f\u00f8lger og p\u00e5virker den raske tekniske utviklingen, der nye og energieffektive lyskilder, samt energibesparende applikasjoner introduseres i rask fart.<\/p>\n<h3>Fremtiden med Internet of Things \u2013 IOT<\/h3>\n<p>Sammen med Tridonic utvikler vi n\u00e5 ny IOT-teknologi og satser mye p\u00e5 \u00e5 skape og tilby tekniske l\u00f8sninger med tilh\u00f8rende tjenester for drift, vedlikehold og overv\u00e5king. Alt for at grunneieren skal f\u00e5 god kontroll over bygningene.<br \/>\nDen nye, patenterte teknologien, som er basert p\u00e5 IP, begrenser seg ikke til \u00e5 gi oversikt, men gir en fantastisk plattform for tilgang til sanntidsdata i bygninger.<br \/>\nDe h\u00f8ye m\u00e5lsetningene v\u00e5re er beskrevet i <a href=\"https:\/\/www.wlk.eu\/no\/Meny\/Foretaget\/Om_WLK\/Vision___Mission\">WLK Mission &amp; Vision<\/a>.<\/p>\n<h3><strong>Veldedighet &amp; ideell virksomhet<\/strong><\/h3>\n<p>Selskapet har i mange \u00e5r opplevd god vekst og l\u00f8nnsomhet, og Wennerstr\u00f6m Ljuskontroll AB har i dag h\u00f8yeste mulige kredittvurdering. Fortjenesten reinvesteres hovedsakelig i fortsatt organisk vekst. Med de ansattes fulle st\u00f8tte har selskapet i tillegg til initiativ til \u00e5 etablere og finansiere et Medical Center i en by med 200 innbyggere i Nepals fjellomr\u00e5der. Vi bidrar ogs\u00e5 med ambulansedonasjoner i forskjellige utsatte deler av verden. I 2014 startet vi ogs\u00e5 arbeidet med et nytt Health Center i Jaigaon, et av Indias mest utsatte omr\u00e5der. Takket v\u00e6re at Wennerstr\u00f6m Ljuskontroll ABs virksomhet fortsatt har en positiv utvikling, har vi bestemt oss for \u00e5 videref\u00f8re st\u00f8tten til Kjell Borneland Foundation de kommende \u00e5rene, for at de skal kunne f\u00f8le trygghet i en \u00e5rlig \u00f8konomisk st\u00f8tte fra oss i forbindelse med fullf\u00f8ringen av eksisterende prosjekter og planleggingen av nye prosjekter.<\/p>\n<p><img loading=\"lazy\" decoding=\"async\" class=\"alignnone size-large wp-image-650\" src=\"https:\/\/content.wlk.eu\/no\/wp-content\/uploads\/sites\/4\/2017\/02\/WennerstromWaterPump1-1024x682.jpg\" alt=\"\" width=\"1024\" height=\"682\" srcset=\"https:\/\/content.wlk.eu\/no\/wp-content\/uploads\/sites\/4\/2017\/02\/WennerstromWaterPump1-1024x682.jpg 1024w, https:\/\/content.wlk.eu\/no\/wp-content\/uploads\/sites\/4\/2017\/02\/WennerstromWaterPump1-300x200.jpg 300w, https:\/\/content.wlk.eu\/no\/wp-content\/uploads\/sites\/4\/2017\/02\/WennerstromWaterPump1-768x512.jpg 768w, https:\/\/content.wlk.eu\/no\/wp-content\/uploads\/sites\/4\/2017\/02\/WennerstromWaterPump1.jpg 1100w\" sizes=\"auto, (max-width: 1024px) 100vw, 1024px\" \/><\/p>\n<p><strong>Sponsing av veldedighetssykkellaget Team Rynkeby 2023<\/strong><\/p>\n<p>Team Rynkeby er et internasjonalt veldedighetsprosjekt som hvert \u00e5r sykler til Paris for \u00e5 samle inn penger til alvorlig syke barn. I 2023 er WLK s\u00f8lvsponsor for \u00e5 st\u00f8tte arbeidet med \u00e5 samle inn penger til Barncancerfonden.<\/p>\n<p>F\u00f8lg med i v\u00e5rt veldedige arbeid og les mer om organisasjonene:<\/p>\n<p><a href=\"https:\/\/www.wlk.eu\/no\/Meny\/Foretaget\/Om_WLK\/Organisasjon\/legemottaket-health-centre-og-vannprosjektet\">Legemottaket Health Centre og vannprosjektet<\/a><\/p>\n<p><a href=\"https:\/\/pages.upsales.com\/10967ud67ebcf59dcb42c4a4f86de950c46370\" target=\"_blank\" rel=\"noopener\">Sponsing Team Rynkeby 2023<\/a><\/p>\n<p><a href=\"https:\/\/www.wlk.eu\/images\/user\/Ambulansdonation_2011.pdf\" target=\"_blank\" rel=\"noopener noreferrer\">Ambulansdonation till Marocko 2011 (pdf)<\/a><\/p>\n<p><a href=\"https:\/\/www.wlk.eu\/images\/user\/WLK_humanitara_projekt.pdf\" target=\"_blank\" rel=\"noopener noreferrer\">Sammanfattning av humanit\u00e4ra projekt 2007-2014<\/a><\/p>\n<p><a href=\"http:\/\/www.ambulancedonation.com\" target=\"_blank\" rel=\"noopener noreferrer\">www.ambulancedonation.com<\/a><\/p>\n<p><a title=\"Kjell Borneland Foundation\" href=\"http:\/\/www.kbfoundation.eu\" target=\"_blank\" rel=\"noopener noreferrer\">www.kbfoundation.eu<\/a><\/p>\n","protected":false},"excerpt":{"rendered":"<p>Over 45 \u00e5r i lysets tjeneste Bakgrunn Wennerstr\u00f6m Ljuskontroll AB \u2013 WLK ble grunnlagt allerede i 1970 som et handelsselskap under navnet Wennerstr\u00f6m &amp; Co. I dag, over 45 \u00e5r senere, er vi en teknologibedrift som har spesialisert oss p\u00e5 belysningskomponenter og systeml\u00f8sninger for styring og overv\u00e5kning. WLK har i dag 21 medarbeidere og bedriften [&hellip;]<\/p>\n","protected":false},"author":2,"featured_media":0,"parent":0,"menu_order":0,"comment_status":"closed","ping_status":"closed","template":"","meta":{"_acf_changed":false,"footnotes":""},"class_list":["post-34","page","type-page","status-publish","hentry"],"acf":[],"yoast_head":"<!-- This site is optimized with the Yoast SEO plugin v25.3.1 - https:\/\/yoast.com\/wordpress\/plugins\/seo\/ -->\n<title>Om WLK - Wennerstr\u00f6m Ljuskontroll<\/title>\n<meta name=\"robots\" content=\"index, follow, max-snippet:-1, max-image-preview:large, max-video-preview:-1\" \/>\n<link rel=\"canonical\" href=\"https:\/\/content.wlk.eu\/no\/om_wlk\/\" \/>\n<meta property=\"og:locale\" content=\"nn_NO\" \/>\n<meta property=\"og:type\" content=\"article\" \/>\n<meta property=\"og:title\" content=\"Om WLK - Wennerstr\u00f6m Ljuskontroll\" \/>\n<meta property=\"og:description\" content=\"Over 45 \u00e5r i lysets tjeneste Bakgrunn Wennerstr\u00f6m Ljuskontroll AB \u2013 WLK ble grunnlagt allerede i 1970 som et handelsselskap under navnet Wennerstr\u00f6m &amp; Co. I dag, over 45 \u00e5r senere, er vi en teknologibedrift som har spesialisert oss p\u00e5 belysningskomponenter og systeml\u00f8sninger for styring og overv\u00e5kning. WLK har i dag 21 medarbeidere og bedriften [&hellip;]\" \/>\n<meta property=\"og:url\" content=\"https:\/\/content.wlk.eu\/no\/om_wlk\/\" \/>\n<meta property=\"og:site_name\" content=\"Wennerstr\u00f6m Ljuskontroll\" \/>\n<meta property=\"article:modified_time\" content=\"2023-09-15T08:41:31+00:00\" \/>\n<meta name=\"twitter:card\" content=\"summary_large_image\" \/>\n<meta name=\"twitter:label1\" content=\"Est. reading time\" \/>\n\t<meta name=\"twitter:data1\" content=\"3 minutt\" \/>\n<script type=\"application\/ld+json\" class=\"yoast-schema-graph\">{\"@context\":\"https:\/\/schema.org\",\"@graph\":[{\"@type\":\"WebPage\",\"@id\":\"https:\/\/content.wlk.eu\/no\/om_wlk\/\",\"url\":\"https:\/\/content.wlk.eu\/no\/om_wlk\/\",\"name\":\"Om WLK - Wennerstr\u00f6m Ljuskontroll\",\"isPartOf\":{\"@id\":\"https:\/\/content.wlk.eu\/no\/#website\"},\"primaryImageOfPage\":{\"@id\":\"https:\/\/content.wlk.eu\/no\/om_wlk\/#primaryimage\"},\"image\":{\"@id\":\"https:\/\/content.wlk.eu\/no\/om_wlk\/#primaryimage\"},\"thumbnailUrl\":\"https:\/\/content.wlk.eu\/wp-content\/uploads\/2017\/02\/LinkedIn_Icon.gif\",\"datePublished\":\"2016-09-20T08:22:17+00:00\",\"dateModified\":\"2023-09-15T08:41:31+00:00\",\"breadcrumb\":{\"@id\":\"https:\/\/content.wlk.eu\/no\/om_wlk\/#breadcrumb\"},\"inLanguage\":\"nn-NO\",\"potentialAction\":[{\"@type\":\"ReadAction\",\"target\":[\"https:\/\/content.wlk.eu\/no\/om_wlk\/\"]}]},{\"@type\":\"ImageObject\",\"inLanguage\":\"nn-NO\",\"@id\":\"https:\/\/content.wlk.eu\/no\/om_wlk\/#primaryimage\",\"url\":\"https:\/\/content.wlk.eu\/wp-content\/uploads\/2017\/02\/LinkedIn_Icon.gif\",\"contentUrl\":\"https:\/\/content.wlk.eu\/wp-content\/uploads\/2017\/02\/LinkedIn_Icon.gif\"},{\"@type\":\"BreadcrumbList\",\"@id\":\"https:\/\/content.wlk.eu\/no\/om_wlk\/#breadcrumb\",\"itemListElement\":[{\"@type\":\"ListItem\",\"position\":1,\"name\":\"Hem\",\"item\":\"https:\/\/content.wlk.eu\/no\/\"},{\"@type\":\"ListItem\",\"position\":2,\"name\":\"Om WLK\"}]},{\"@type\":\"WebSite\",\"@id\":\"https:\/\/content.wlk.eu\/no\/#website\",\"url\":\"https:\/\/content.wlk.eu\/no\/\",\"name\":\"Wennerstr\u00f6m Ljuskontroll\",\"description\":\"\",\"potentialAction\":[{\"@type\":\"SearchAction\",\"target\":{\"@type\":\"EntryPoint\",\"urlTemplate\":\"https:\/\/content.wlk.eu\/no\/?s={search_term_string}\"},\"query-input\":{\"@type\":\"PropertyValueSpecification\",\"valueRequired\":true,\"valueName\":\"search_term_string\"}}],\"inLanguage\":\"nn-NO\"}]}<\/script>\n<!-- \/ Yoast SEO plugin. -->","yoast_head_json":{"title":"Om WLK - Wennerstr\u00f6m Ljuskontroll","robots":{"index":"index","follow":"follow","max-snippet":"max-snippet:-1","max-image-preview":"max-image-preview:large","max-video-preview":"max-video-preview:-1"},"canonical":"https:\/\/content.wlk.eu\/no\/om_wlk\/","og_locale":"nn_NO","og_type":"article","og_title":"Om WLK - Wennerstr\u00f6m Ljuskontroll","og_description":"Over 45 \u00e5r i lysets tjeneste Bakgrunn Wennerstr\u00f6m Ljuskontroll AB \u2013 WLK ble grunnlagt allerede i 1970 som et handelsselskap under navnet Wennerstr\u00f6m &amp; Co. I dag, over 45 \u00e5r senere, er vi en teknologibedrift som har spesialisert oss p\u00e5 belysningskomponenter og systeml\u00f8sninger for styring og overv\u00e5kning. WLK har i dag 21 medarbeidere og bedriften [&hellip;]","og_url":"https:\/\/content.wlk.eu\/no\/om_wlk\/","og_site_name":"Wennerstr\u00f6m Ljuskontroll","article_modified_time":"2023-09-15T08:41:31+00:00","twitter_card":"summary_large_image","twitter_misc":{"Est. reading time":"3 minutt"},"schema":{"@context":"https:\/\/schema.org","@graph":[{"@type":"WebPage","@id":"https:\/\/content.wlk.eu\/no\/om_wlk\/","url":"https:\/\/content.wlk.eu\/no\/om_wlk\/","name":"Om WLK - Wennerstr\u00f6m Ljuskontroll","isPartOf":{"@id":"https:\/\/content.wlk.eu\/no\/#website"},"primaryImageOfPage":{"@id":"https:\/\/content.wlk.eu\/no\/om_wlk\/#primaryimage"},"image":{"@id":"https:\/\/content.wlk.eu\/no\/om_wlk\/#primaryimage"},"thumbnailUrl":"https:\/\/content.wlk.eu\/wp-content\/uploads\/2017\/02\/LinkedIn_Icon.gif","datePublished":"2016-09-20T08:22:17+00:00","dateModified":"2023-09-15T08:41:31+00:00","breadcrumb":{"@id":"https:\/\/content.wlk.eu\/no\/om_wlk\/#breadcrumb"},"inLanguage":"nn-NO","potentialAction":[{"@type":"ReadAction","target":["https:\/\/content.wlk.eu\/no\/om_wlk\/"]}]},{"@type":"ImageObject","inLanguage":"nn-NO","@id":"https:\/\/content.wlk.eu\/no\/om_wlk\/#primaryimage","url":"https:\/\/content.wlk.eu\/wp-content\/uploads\/2017\/02\/LinkedIn_Icon.gif","contentUrl":"https:\/\/content.wlk.eu\/wp-content\/uploads\/2017\/02\/LinkedIn_Icon.gif"},{"@type":"BreadcrumbList","@id":"https:\/\/content.wlk.eu\/no\/om_wlk\/#breadcrumb","itemListElement":[{"@type":"ListItem","position":1,"name":"Hem","item":"https:\/\/content.wlk.eu\/no\/"},{"@type":"ListItem","position":2,"name":"Om WLK"}]},{"@type":"WebSite","@id":"https:\/\/content.wlk.eu\/no\/#website","url":"https:\/\/content.wlk.eu\/no\/","name":"Wennerstr\u00f6m Ljuskontroll","description":"","potentialAction":[{"@type":"SearchAction","target":{"@type":"EntryPoint","urlTemplate":"https:\/\/content.wlk.eu\/no\/?s={search_term_string}"},"query-input":{"@type":"PropertyValueSpecification","valueRequired":true,"valueName":"search_term_string"}}],"inLanguage":"nn-NO"}]}},"_links":{"self":[{"href":"https:\/\/content.wlk.eu\/no\/wp-json\/wp\/v2\/pages\/34","targetHints":{"allow":["GET"]}}],"collection":[{"href":"https:\/\/content.wlk.eu\/no\/wp-json\/wp\/v2\/pages"}],"about":[{"href":"https:\/\/content.wlk.eu\/no\/wp-json\/wp\/v2\/types\/page"}],"author":[{"embeddable":true,"href":"https:\/\/content.wlk.eu\/no\/wp-json\/wp\/v2\/users\/2"}],"replies":[{"embeddable":true,"href":"https:\/\/content.wlk.eu\/no\/wp-json\/wp\/v2\/comments?post=34"}],"version-history":[{"count":22,"href":"https:\/\/content.wlk.eu\/no\/wp-json\/wp\/v2\/pages\/34\/revisions"}],"predecessor-version":[{"id":1296,"href":"https:\/\/content.wlk.eu\/no\/wp-json\/wp\/v2\/pages\/34\/revisions\/1296"}],"wp:attachment":[{"href":"https:\/\/content.wlk.eu\/no\/wp-json\/wp\/v2\/media?parent=34"}],"curies":[{"name":"wp","href":"https:\/\/api.w.org\/{rel}","templated":true}]}}